{"id":62,"date":"2014-08-24T16:40:18","date_gmt":"2014-08-24T14:40:18","guid":{"rendered":"http:\/\/tac-lackierzentrum.de\/wordpress\/?page_id=62"},"modified":"2020-02-28T12:52:36","modified_gmt":"2020-02-28T10:52:36","slug":"hohlraumversiegelung","status":"publish","type":"page","link":"https:\/\/tac-lackierzentrum.de\/wordpress\/galerie\/hohlraumversiegelung\/","title":{"rendered":"Hohlraumversiegelung"},"content":{"rendered":"<p><strong>Hohlraumversiegelung<\/strong> ist eine vorbeugende Ma\u00dfnahme um Ihr Fahrzeug f\u00fcr lange Zeit von innen vor Rost zu sch\u00fctzen. Rost tritt auf, bei verst\u00e4rkt ung\u00fcnstigen Wettereinfl\u00fcssen wie z.B. \u00a0Regen, Eis, Schnee oder Schneematsch in Verbindung mit Streusalz. Rostbildung beginnt bereits ab 50% Luftfeuchte. Bei einem Fahrzeug, welches nachts nicht in einer Garage untergebracht ist, ist die Gefahr der Rostbildung um ein Vielfaches erh\u00f6ht. Daher bieten wir bereits seit einigen Jahren die fachm\u00e4nnische Hohlraumversiegelung an.<\/p>\n<p>Machen Sie sich ein Bild von unserer Arbeit:<\/p>\n<p><a href=\"https:\/\/tac-lackierzentrum.de\/wordpress\/?page_id=632\">Offroad<\/a><\/p>\n<p><a href=\"https:\/\/tac-lackierzentrum.de\/wordpress\/?page_id=475\">Oldtimer<\/a><\/p>\n<p><a href=\"https:\/\/tac-lackierzentrum.de\/wordpress\/?page_id=427\">Wohnmobil<\/a><\/p>\n","protected":false},"excerpt":{"rendered":"<p>Hohlraumversiegelung ist eine vorbeugende Ma\u00dfnahme um Ihr Fahrzeug f\u00fcr lange Zeit von innen vor Rost zu sch\u00fctzen. Rost tritt auf, bei verst\u00e4rkt ung\u00fcnstigen Wettereinfl\u00fcssen wie z.B. \u00a0Regen, Eis, Schnee oder Schneematsch in Verbindung mit Streusalz. Rostbildung beginnt bereits ab 50% Luftfeuchte. Bei einem Fahrzeug, welches nachts nicht in einer Garage untergebracht ist, ist die Gefahr [&hellip;]<\/p>\n","protected":false},"author":1,"featured_media":2389,"parent":38,"menu_order":3,"comment_status":"closed","ping_status":"closed","template":"","meta":{"footnotes":""},"tags":[],"class_list":["post-62","page","type-page","status-publish","has-post-thumbnail","hentry"],"yoast_head":"<!-- This site is optimized with the Yoast SEO plugin v27.3 - https:\/\/yoast.com\/product\/yoast-seo-wordpress\/ -->\n<title>Hohlraumversiegelung f\u00fcr Fahrzeuge | TAC Lackierzentrum<\/title>\n<meta name=\"description\" content=\"Hohlraumversiegelung vom Fachmann \u27a4 f\u00fcr alle PKWs und Wohnmobile \u2714 Langzeitschutz gegen Rost und Wettersch\u00e4den \u2714\" \/>\n<meta name=\"robots\" content=\"index, follow, max-snippet:-1, max-image-preview:large, max-video-preview:-1\" \/>\n<link rel=\"canonical\" href=\"https:\/\/tac-lackierzentrum.de\/wordpress\/galerie\/hohlraumversiegelung\/\" \/>\n<meta property=\"og:locale\" content=\"en_US\" \/>\n<meta property=\"og:type\" content=\"article\" \/>\n<meta property=\"og:title\" content=\"Hohlraumversiegelung f\u00fcr Fahrzeuge | TAC Lackierzentrum\" \/>\n<meta property=\"og:description\" content=\"Hohlraumversiegelung vom Fachmann \u27a4 f\u00fcr alle PKWs und Wohnmobile \u2714 Langzeitschutz gegen Rost und Wettersch\u00e4den \u2714\" \/>\n<meta property=\"og:url\" content=\"https:\/\/tac-lackierzentrum.de\/wordpress\/galerie\/hohlraumversiegelung\/\" \/>\n<meta property=\"og:site_name\" content=\"TAC Lackier- und Karosseriezentrum - K\u00f6ln\" \/>\n<meta property=\"article:modified_time\" content=\"2020-02-28T10:52:36+00:00\" \/>\n<meta property=\"og:image\" content=\"https:\/\/tac-lackierzentrum.de\/wordpress\/wp-content\/uploads\/2020\/01\/tac-lackierzentrum-hohlraumversiegelung.jpg\" \/>\n\t<meta property=\"og:image:width\" content=\"320\" \/>\n\t<meta property=\"og:image:height\" content=\"240\" \/>\n\t<meta property=\"og:image:type\" content=\"image\/jpeg\" \/>\n<meta name=\"twitter:card\" content=\"summary_large_image\" \/>\n<script type=\"application\/ld+json\" class=\"yoast-schema-graph\">{\"@context\":\"https:\\\/\\\/schema.org\",\"@graph\":[{\"@type\":\"WebPage\",\"@id\":\"https:\\\/\\\/tac-lackierzentrum.de\\\/wordpress\\\/galerie\\\/hohlraumversiegelung\\\/\",\"url\":\"https:\\\/\\\/tac-lackierzentrum.de\\\/wordpress\\\/galerie\\\/hohlraumversiegelung\\\/\",\"name\":\"Hohlraumversiegelung f\u00fcr Fahrzeuge | TAC Lackierzentrum\",\"isPartOf\":{\"@id\":\"https:\\\/\\\/tac-lackierzentrum.de\\\/wordpress\\\/#website\"},\"primaryImageOfPage\":{\"@id\":\"https:\\\/\\\/tac-lackierzentrum.de\\\/wordpress\\\/galerie\\\/hohlraumversiegelung\\\/#primaryimage\"},\"image\":{\"@id\":\"https:\\\/\\\/tac-lackierzentrum.de\\\/wordpress\\\/galerie\\\/hohlraumversiegelung\\\/#primaryimage\"},\"thumbnailUrl\":\"https:\\\/\\\/tac-lackierzentrum.de\\\/wordpress\\\/wp-content\\\/uploads\\\/2020\\\/01\\\/tac-lackierzentrum-hohlraumversiegelung.jpg\",\"datePublished\":\"2014-08-24T14:40:18+00:00\",\"dateModified\":\"2020-02-28T10:52:36+00:00\",\"description\":\"Hohlraumversiegelung vom Fachmann \u27a4 f\u00fcr alle PKWs und Wohnmobile \u2714 Langzeitschutz gegen Rost und Wettersch\u00e4den \u2714\",\"breadcrumb\":{\"@id\":\"https:\\\/\\\/tac-lackierzentrum.de\\\/wordpress\\\/galerie\\\/hohlraumversiegelung\\\/#breadcrumb\"},\"inLanguage\":\"en-US\",\"potentialAction\":[{\"@type\":\"ReadAction\",\"target\":[\"https:\\\/\\\/tac-lackierzentrum.de\\\/wordpress\\\/galerie\\\/hohlraumversiegelung\\\/\"]}]},{\"@type\":\"ImageObject\",\"inLanguage\":\"en-US\",\"@id\":\"https:\\\/\\\/tac-lackierzentrum.de\\\/wordpress\\\/galerie\\\/hohlraumversiegelung\\\/#primaryimage\",\"url\":\"https:\\\/\\\/tac-lackierzentrum.de\\\/wordpress\\\/wp-content\\\/uploads\\\/2020\\\/01\\\/tac-lackierzentrum-hohlraumversiegelung.jpg\",\"contentUrl\":\"https:\\\/\\\/tac-lackierzentrum.de\\\/wordpress\\\/wp-content\\\/uploads\\\/2020\\\/01\\\/tac-lackierzentrum-hohlraumversiegelung.jpg\",\"width\":320,\"height\":240,\"caption\":\"Hohlraumversiegelung K\u00f6ln\"},{\"@type\":\"BreadcrumbList\",\"@id\":\"https:\\\/\\\/tac-lackierzentrum.de\\\/wordpress\\\/galerie\\\/hohlraumversiegelung\\\/#breadcrumb\",\"itemListElement\":[{\"@type\":\"ListItem\",\"position\":1,\"name\":\"Home\",\"item\":\"https:\\\/\\\/tac-lackierzentrum.de\\\/wordpress\\\/\"},{\"@type\":\"ListItem\",\"position\":2,\"name\":\"Galerie\",\"item\":\"https:\\\/\\\/tac-lackierzentrum.de\\\/wordpress\\\/galerie\\\/\"},{\"@type\":\"ListItem\",\"position\":3,\"name\":\"Hohlraumversiegelung\"}]},{\"@type\":\"WebSite\",\"@id\":\"https:\\\/\\\/tac-lackierzentrum.de\\\/wordpress\\\/#website\",\"url\":\"https:\\\/\\\/tac-lackierzentrum.de\\\/wordpress\\\/\",\"name\":\"TAC Lackier- und Karosseriezentrum - K\u00f6ln\",\"description\":\"TAC Lackier- und Karosseriezentrum k\u00fcmmert sich schnell und kompetent um Ihr Fahrzeug.\",\"publisher\":{\"@id\":\"https:\\\/\\\/tac-lackierzentrum.de\\\/wordpress\\\/#organization\"},\"potentialAction\":[{\"@type\":\"SearchAction\",\"target\":{\"@type\":\"EntryPoint\",\"urlTemplate\":\"https:\\\/\\\/tac-lackierzentrum.de\\\/wordpress\\\/?s={search_term_string}\"},\"query-input\":{\"@type\":\"PropertyValueSpecification\",\"valueRequired\":true,\"valueName\":\"search_term_string\"}}],\"inLanguage\":\"en-US\"},{\"@type\":\"Organization\",\"@id\":\"https:\\\/\\\/tac-lackierzentrum.de\\\/wordpress\\\/#organization\",\"name\":\"TAC Lackier- Karosseriezentrum\",\"url\":\"https:\\\/\\\/tac-lackierzentrum.de\\\/wordpress\\\/\",\"logo\":{\"@type\":\"ImageObject\",\"inLanguage\":\"en-US\",\"@id\":\"https:\\\/\\\/tac-lackierzentrum.de\\\/wordpress\\\/#\\\/schema\\\/logo\\\/image\\\/\",\"url\":\"https:\\\/\\\/tac-lackierzentrum.de\\\/wordpress\\\/wp-content\\\/uploads\\\/2020\\\/01\\\/karosseriebau-koeln-tac-lackierzentrum.jpg\",\"contentUrl\":\"https:\\\/\\\/tac-lackierzentrum.de\\\/wordpress\\\/wp-content\\\/uploads\\\/2020\\\/01\\\/karosseriebau-koeln-tac-lackierzentrum.jpg\",\"width\":300,\"height\":223,\"caption\":\"TAC Lackier- Karosseriezentrum\"},\"image\":{\"@id\":\"https:\\\/\\\/tac-lackierzentrum.de\\\/wordpress\\\/#\\\/schema\\\/logo\\\/image\\\/\"}}]}<\/script>\n<!-- \/ Yoast SEO plugin. -->","yoast_head_json":{"title":"Hohlraumversiegelung f\u00fcr Fahrzeuge | TAC Lackierzentrum","description":"Hohlraumversiegelung vom Fachmann \u27a4 f\u00fcr alle PKWs und Wohnmobile \u2714 Langzeitschutz gegen Rost und Wettersch\u00e4den \u2714","robots":{"index":"index","follow":"follow","max-snippet":"max-snippet:-1","max-image-preview":"max-image-preview:large","max-video-preview":"max-video-preview:-1"},"canonical":"https:\/\/tac-lackierzentrum.de\/wordpress\/galerie\/hohlraumversiegelung\/","og_locale":"en_US","og_type":"article","og_title":"Hohlraumversiegelung f\u00fcr Fahrzeuge | TAC Lackierzentrum","og_description":"Hohlraumversiegelung vom Fachmann \u27a4 f\u00fcr alle PKWs und Wohnmobile \u2714 Langzeitschutz gegen Rost und Wettersch\u00e4den \u2714","og_url":"https:\/\/tac-lackierzentrum.de\/wordpress\/galerie\/hohlraumversiegelung\/","og_site_name":"TAC Lackier- und Karosseriezentrum - K\u00f6ln","article_modified_time":"2020-02-28T10:52:36+00:00","og_image":[{"width":320,"height":240,"url":"https:\/\/tac-lackierzentrum.de\/wordpress\/wp-content\/uploads\/2020\/01\/tac-lackierzentrum-hohlraumversiegelung.jpg","type":"image\/jpeg"}],"twitter_card":"summary_large_image","schema":{"@context":"https:\/\/schema.org","@graph":[{"@type":"WebPage","@id":"https:\/\/tac-lackierzentrum.de\/wordpress\/galerie\/hohlraumversiegelung\/","url":"https:\/\/tac-lackierzentrum.de\/wordpress\/galerie\/hohlraumversiegelung\/","name":"Hohlraumversiegelung f\u00fcr Fahrzeuge | TAC Lackierzentrum","isPartOf":{"@id":"https:\/\/tac-lackierzentrum.de\/wordpress\/#website"},"primaryImageOfPage":{"@id":"https:\/\/tac-lackierzentrum.de\/wordpress\/galerie\/hohlraumversiegelung\/#primaryimage"},"image":{"@id":"https:\/\/tac-lackierzentrum.de\/wordpress\/galerie\/hohlraumversiegelung\/#primaryimage"},"thumbnailUrl":"https:\/\/tac-lackierzentrum.de\/wordpress\/wp-content\/uploads\/2020\/01\/tac-lackierzentrum-hohlraumversiegelung.jpg","datePublished":"2014-08-24T14:40:18+00:00","dateModified":"2020-02-28T10:52:36+00:00","description":"Hohlraumversiegelung vom Fachmann \u27a4 f\u00fcr alle PKWs und Wohnmobile \u2714 Langzeitschutz gegen Rost und Wettersch\u00e4den \u2714","breadcrumb":{"@id":"https:\/\/tac-lackierzentrum.de\/wordpress\/galerie\/hohlraumversiegelung\/#breadcrumb"},"inLanguage":"en-US","potentialAction":[{"@type":"ReadAction","target":["https:\/\/tac-lackierzentrum.de\/wordpress\/galerie\/hohlraumversiegelung\/"]}]},{"@type":"ImageObject","inLanguage":"en-US","@id":"https:\/\/tac-lackierzentrum.de\/wordpress\/galerie\/hohlraumversiegelung\/#primaryimage","url":"https:\/\/tac-lackierzentrum.de\/wordpress\/wp-content\/uploads\/2020\/01\/tac-lackierzentrum-hohlraumversiegelung.jpg","contentUrl":"https:\/\/tac-lackierzentrum.de\/wordpress\/wp-content\/uploads\/2020\/01\/tac-lackierzentrum-hohlraumversiegelung.jpg","width":320,"height":240,"caption":"Hohlraumversiegelung K\u00f6ln"},{"@type":"BreadcrumbList","@id":"https:\/\/tac-lackierzentrum.de\/wordpress\/galerie\/hohlraumversiegelung\/#breadcrumb","itemListElement":[{"@type":"ListItem","position":1,"name":"Home","item":"https:\/\/tac-lackierzentrum.de\/wordpress\/"},{"@type":"ListItem","position":2,"name":"Galerie","item":"https:\/\/tac-lackierzentrum.de\/wordpress\/galerie\/"},{"@type":"ListItem","position":3,"name":"Hohlraumversiegelung"}]},{"@type":"WebSite","@id":"https:\/\/tac-lackierzentrum.de\/wordpress\/#website","url":"https:\/\/tac-lackierzentrum.de\/wordpress\/","name":"TAC Lackier- und Karosseriezentrum - K\u00f6ln","description":"TAC Lackier- und Karosseriezentrum k\u00fcmmert sich schnell und kompetent um Ihr Fahrzeug.","publisher":{"@id":"https:\/\/tac-lackierzentrum.de\/wordpress\/#organization"},"potentialAction":[{"@type":"SearchAction","target":{"@type":"EntryPoint","urlTemplate":"https:\/\/tac-lackierzentrum.de\/wordpress\/?s={search_term_string}"},"query-input":{"@type":"PropertyValueSpecification","valueRequired":true,"valueName":"search_term_string"}}],"inLanguage":"en-US"},{"@type":"Organization","@id":"https:\/\/tac-lackierzentrum.de\/wordpress\/#organization","name":"TAC Lackier- Karosseriezentrum","url":"https:\/\/tac-lackierzentrum.de\/wordpress\/","logo":{"@type":"ImageObject","inLanguage":"en-US","@id":"https:\/\/tac-lackierzentrum.de\/wordpress\/#\/schema\/logo\/image\/","url":"https:\/\/tac-lackierzentrum.de\/wordpress\/wp-content\/uploads\/2020\/01\/karosseriebau-koeln-tac-lackierzentrum.jpg","contentUrl":"https:\/\/tac-lackierzentrum.de\/wordpress\/wp-content\/uploads\/2020\/01\/karosseriebau-koeln-tac-lackierzentrum.jpg","width":300,"height":223,"caption":"TAC Lackier- Karosseriezentrum"},"image":{"@id":"https:\/\/tac-lackierzentrum.de\/wordpress\/#\/schema\/logo\/image\/"}}]}},"_links":{"self":[{"href":"https:\/\/tac-lackierzentrum.de\/wordpress\/wp-json\/wp\/v2\/pages\/62","targetHints":{"allow":["GET"]}}],"collection":[{"href":"https:\/\/tac-lackierzentrum.de\/wordpress\/wp-json\/wp\/v2\/pages"}],"about":[{"href":"https:\/\/tac-lackierzentrum.de\/wordpress\/wp-json\/wp\/v2\/types\/page"}],"author":[{"embeddable":true,"href":"https:\/\/tac-lackierzentrum.de\/wordpress\/wp-json\/wp\/v2\/users\/1"}],"replies":[{"embeddable":true,"href":"https:\/\/tac-lackierzentrum.de\/wordpress\/wp-json\/wp\/v2\/comments?post=62"}],"version-history":[{"count":16,"href":"https:\/\/tac-lackierzentrum.de\/wordpress\/wp-json\/wp\/v2\/pages\/62\/revisions"}],"predecessor-version":[{"id":2402,"href":"https:\/\/tac-lackierzentrum.de\/wordpress\/wp-json\/wp\/v2\/pages\/62\/revisions\/2402"}],"up":[{"embeddable":true,"href":"https:\/\/tac-lackierzentrum.de\/wordpress\/wp-json\/wp\/v2\/pages\/38"}],"wp:featuredmedia":[{"embeddable":true,"href":"https:\/\/tac-lackierzentrum.de\/wordpress\/wp-json\/wp\/v2\/media\/2389"}],"wp:attachment":[{"href":"https:\/\/tac-lackierzentrum.de\/wordpress\/wp-json\/wp\/v2\/media?parent=62"}],"wp:term":[{"taxonomy":"post_tag","embeddable":true,"href":"https:\/\/tac-lackierzentrum.de\/wordpress\/wp-json\/wp\/v2\/tags?post=62"}],"curies":[{"name":"wp","href":"https:\/\/api.w.org\/{rel}","templated":true}]}}