{"id":60,"date":"2014-08-24T16:39:58","date_gmt":"2014-08-24T14:39:58","guid":{"rendered":"http:\/\/tac-lackierzentrum.de\/wordpress\/?page_id=60"},"modified":"2020-04-08T15:58:43","modified_gmt":"2020-04-08T13:58:43","slug":"modern","status":"publish","type":"page","link":"https:\/\/tac-lackierzentrum.de\/wordpress\/galerie\/modern\/","title":{"rendered":"Unfallinstandsetzung"},"content":{"rendered":"<p>Das Medium Blech unterscheidet sich bei neuen&nbsp;Fahrzeugen nur unwesentlich von <a href=\"https:\/\/tac-lackierzentrum.de\/wordpress\/galerie\/karosserie\/\">historischen Fahrzeugen<\/a>. &nbsp;Unsere Mitarbeiter werden regelm\u00e4\u00dfig auch auf neue Materialien und Verfahrenstechniken geschult und k\u00fcmmern sich mit Leidenschaft tagt\u00e4glich um die fachgerechte <strong>Instandsetzung<\/strong> von Fahrzeugen aller Fabrikate. Selbstverst\u00e4ndlich verwenden wir Originalersatzteile und erf\u00fcllen so auch die vom Hersteller definierten Qualit\u00e4tsrichtlinien.<\/p>\n<p><a href=\"https:\/\/tac-lackierzentrum.de\/wordpress\/?page_id=385\">Instandsetzung von Fahrzeugen<\/a><\/p>\n","protected":false},"excerpt":{"rendered":"<p>Das Medium Blech unterscheidet sich bei neuen&nbsp;Fahrzeugen nur unwesentlich von historischen Fahrzeugen. &nbsp;Unsere Mitarbeiter werden regelm\u00e4\u00dfig auch auf neue Materialien und Verfahrenstechniken geschult und k\u00fcmmern sich mit Leidenschaft tagt\u00e4glich um die fachgerechte Instandsetzung von Fahrzeugen aller Fabrikate. Selbstverst\u00e4ndlich verwenden wir Originalersatzteile und erf\u00fcllen so auch die vom Hersteller definierten Qualit\u00e4tsrichtlinien. Instandsetzung von Fahrzeugen<\/p>\n","protected":false},"author":1,"featured_media":0,"parent":38,"menu_order":2,"comment_status":"closed","ping_status":"closed","template":"","meta":{"footnotes":""},"tags":[],"class_list":["post-60","page","type-page","status-publish","hentry"],"yoast_head":"<!-- This site is optimized with the Yoast SEO plugin v27.3 - https:\/\/yoast.com\/product\/yoast-seo-wordpress\/ -->\n<title>Unfallinstandsetzung &amp; Unfallreparatur in K\u00f6ln | TAC Lackierzentrum<\/title>\n<meta name=\"description\" content=\"Unfallreparatur in K\u00f6ln \u27a4 Professionelle Unfallinstandsetzung \u2714 Anfertigung von Ersatzteilen \u2714 Smart Repair \u2714 Leihwagen \u2714 &#9742; 0221-541 605 - Jetzt anrufen!\" \/>\n<meta name=\"robots\" content=\"index, follow, max-snippet:-1, max-image-preview:large, max-video-preview:-1\" \/>\n<link rel=\"canonical\" href=\"https:\/\/tac-lackierzentrum.de\/wordpress\/hier-ist-noch-eine-seite\/moderne-fahrzeuginstandsetzung\/\" \/>\n<meta property=\"og:locale\" content=\"en_US\" \/>\n<meta property=\"og:type\" content=\"article\" \/>\n<meta property=\"og:title\" content=\"Unfallinstandsetzung &amp; Unfallreparatur in K\u00f6ln | TAC Lackierzentrum\" \/>\n<meta property=\"og:description\" content=\"Unfallreparatur in K\u00f6ln \u27a4 Professionelle Unfallinstandsetzung \u2714 Anfertigung von Ersatzteilen \u2714 Smart Repair \u2714 Leihwagen \u2714 &#9742; 0221-541 605 - Jetzt anrufen!\" \/>\n<meta property=\"og:url\" content=\"https:\/\/tac-lackierzentrum.de\/wordpress\/hier-ist-noch-eine-seite\/moderne-fahrzeuginstandsetzung\/\" \/>\n<meta property=\"og:site_name\" content=\"TAC Lackier- und Karosseriezentrum - K\u00f6ln\" \/>\n<meta property=\"article:modified_time\" content=\"2020-04-08T13:58:43+00:00\" \/>\n<meta name=\"twitter:card\" content=\"summary_large_image\" \/>\n<script type=\"application\/ld+json\" class=\"yoast-schema-graph\">{\"@context\":\"https:\\\/\\\/schema.org\",\"@graph\":[{\"@type\":\"WebPage\",\"@id\":\"https:\\\/\\\/tac-lackierzentrum.de\\\/wordpress\\\/galerie\\\/modern\\\/\",\"url\":\"https:\\\/\\\/tac-lackierzentrum.de\\\/wordpress\\\/hier-ist-noch-eine-seite\\\/moderne-fahrzeuginstandsetzung\\\/\",\"name\":\"Unfallinstandsetzung & Unfallreparatur in K\u00f6ln | TAC Lackierzentrum\",\"isPartOf\":{\"@id\":\"https:\\\/\\\/tac-lackierzentrum.de\\\/wordpress\\\/#website\"},\"datePublished\":\"2014-08-24T14:39:58+00:00\",\"dateModified\":\"2020-04-08T13:58:43+00:00\",\"description\":\"Unfallreparatur in K\u00f6ln \u27a4 Professionelle Unfallinstandsetzung \u2714 Anfertigung von Ersatzteilen \u2714 Smart Repair \u2714 Leihwagen \u2714 &#9742; 0221-541 605 - Jetzt anrufen!\",\"breadcrumb\":{\"@id\":\"https:\\\/\\\/tac-lackierzentrum.de\\\/wordpress\\\/hier-ist-noch-eine-seite\\\/moderne-fahrzeuginstandsetzung\\\/#breadcrumb\"},\"inLanguage\":\"en-US\",\"potentialAction\":[{\"@type\":\"ReadAction\",\"target\":[\"https:\\\/\\\/tac-lackierzentrum.de\\\/wordpress\\\/hier-ist-noch-eine-seite\\\/moderne-fahrzeuginstandsetzung\\\/\"]}]},{\"@type\":\"BreadcrumbList\",\"@id\":\"https:\\\/\\\/tac-lackierzentrum.de\\\/wordpress\\\/hier-ist-noch-eine-seite\\\/moderne-fahrzeuginstandsetzung\\\/#breadcrumb\",\"itemListElement\":[{\"@type\":\"ListItem\",\"position\":1,\"name\":\"Home\",\"item\":\"https:\\\/\\\/tac-lackierzentrum.de\\\/wordpress\\\/\"},{\"@type\":\"ListItem\",\"position\":2,\"name\":\"Galerie\",\"item\":\"https:\\\/\\\/tac-lackierzentrum.de\\\/wordpress\\\/galerie\\\/\"},{\"@type\":\"ListItem\",\"position\":3,\"name\":\"Unfallinstandsetzung\"}]},{\"@type\":\"WebSite\",\"@id\":\"https:\\\/\\\/tac-lackierzentrum.de\\\/wordpress\\\/#website\",\"url\":\"https:\\\/\\\/tac-lackierzentrum.de\\\/wordpress\\\/\",\"name\":\"TAC Lackier- und Karosseriezentrum - K\u00f6ln\",\"description\":\"TAC Lackier- und Karosseriezentrum k\u00fcmmert sich schnell und kompetent um Ihr Fahrzeug.\",\"publisher\":{\"@id\":\"https:\\\/\\\/tac-lackierzentrum.de\\\/wordpress\\\/#organization\"},\"potentialAction\":[{\"@type\":\"SearchAction\",\"target\":{\"@type\":\"EntryPoint\",\"urlTemplate\":\"https:\\\/\\\/tac-lackierzentrum.de\\\/wordpress\\\/?s={search_term_string}\"},\"query-input\":{\"@type\":\"PropertyValueSpecification\",\"valueRequired\":true,\"valueName\":\"search_term_string\"}}],\"inLanguage\":\"en-US\"},{\"@type\":\"Organization\",\"@id\":\"https:\\\/\\\/tac-lackierzentrum.de\\\/wordpress\\\/#organization\",\"name\":\"TAC Lackier- Karosseriezentrum\",\"url\":\"https:\\\/\\\/tac-lackierzentrum.de\\\/wordpress\\\/\",\"logo\":{\"@type\":\"ImageObject\",\"inLanguage\":\"en-US\",\"@id\":\"https:\\\/\\\/tac-lackierzentrum.de\\\/wordpress\\\/#\\\/schema\\\/logo\\\/image\\\/\",\"url\":\"https:\\\/\\\/tac-lackierzentrum.de\\\/wordpress\\\/wp-content\\\/uploads\\\/2020\\\/01\\\/karosseriebau-koeln-tac-lackierzentrum.jpg\",\"contentUrl\":\"https:\\\/\\\/tac-lackierzentrum.de\\\/wordpress\\\/wp-content\\\/uploads\\\/2020\\\/01\\\/karosseriebau-koeln-tac-lackierzentrum.jpg\",\"width\":300,\"height\":223,\"caption\":\"TAC Lackier- Karosseriezentrum\"},\"image\":{\"@id\":\"https:\\\/\\\/tac-lackierzentrum.de\\\/wordpress\\\/#\\\/schema\\\/logo\\\/image\\\/\"}}]}<\/script>\n<!-- \/ Yoast SEO plugin. -->","yoast_head_json":{"title":"Unfallinstandsetzung & Unfallreparatur in K\u00f6ln | TAC Lackierzentrum","description":"Unfallreparatur in K\u00f6ln \u27a4 Professionelle Unfallinstandsetzung \u2714 Anfertigung von Ersatzteilen \u2714 Smart Repair \u2714 Leihwagen \u2714 &#9742; 0221-541 605 - Jetzt anrufen!","robots":{"index":"index","follow":"follow","max-snippet":"max-snippet:-1","max-image-preview":"max-image-preview:large","max-video-preview":"max-video-preview:-1"},"canonical":"https:\/\/tac-lackierzentrum.de\/wordpress\/hier-ist-noch-eine-seite\/moderne-fahrzeuginstandsetzung\/","og_locale":"en_US","og_type":"article","og_title":"Unfallinstandsetzung & Unfallreparatur in K\u00f6ln | TAC Lackierzentrum","og_description":"Unfallreparatur in K\u00f6ln \u27a4 Professionelle Unfallinstandsetzung \u2714 Anfertigung von Ersatzteilen \u2714 Smart Repair \u2714 Leihwagen \u2714 &#9742; 0221-541 605 - Jetzt anrufen!","og_url":"https:\/\/tac-lackierzentrum.de\/wordpress\/hier-ist-noch-eine-seite\/moderne-fahrzeuginstandsetzung\/","og_site_name":"TAC Lackier- und Karosseriezentrum - K\u00f6ln","article_modified_time":"2020-04-08T13:58:43+00:00","twitter_card":"summary_large_image","schema":{"@context":"https:\/\/schema.org","@graph":[{"@type":"WebPage","@id":"https:\/\/tac-lackierzentrum.de\/wordpress\/galerie\/modern\/","url":"https:\/\/tac-lackierzentrum.de\/wordpress\/hier-ist-noch-eine-seite\/moderne-fahrzeuginstandsetzung\/","name":"Unfallinstandsetzung & Unfallreparatur in K\u00f6ln | TAC Lackierzentrum","isPartOf":{"@id":"https:\/\/tac-lackierzentrum.de\/wordpress\/#website"},"datePublished":"2014-08-24T14:39:58+00:00","dateModified":"2020-04-08T13:58:43+00:00","description":"Unfallreparatur in K\u00f6ln \u27a4 Professionelle Unfallinstandsetzung \u2714 Anfertigung von Ersatzteilen \u2714 Smart Repair \u2714 Leihwagen \u2714 &#9742; 0221-541 605 - Jetzt anrufen!","breadcrumb":{"@id":"https:\/\/tac-lackierzentrum.de\/wordpress\/hier-ist-noch-eine-seite\/moderne-fahrzeuginstandsetzung\/#breadcrumb"},"inLanguage":"en-US","potentialAction":[{"@type":"ReadAction","target":["https:\/\/tac-lackierzentrum.de\/wordpress\/hier-ist-noch-eine-seite\/moderne-fahrzeuginstandsetzung\/"]}]},{"@type":"BreadcrumbList","@id":"https:\/\/tac-lackierzentrum.de\/wordpress\/hier-ist-noch-eine-seite\/moderne-fahrzeuginstandsetzung\/#breadcrumb","itemListElement":[{"@type":"ListItem","position":1,"name":"Home","item":"https:\/\/tac-lackierzentrum.de\/wordpress\/"},{"@type":"ListItem","position":2,"name":"Galerie","item":"https:\/\/tac-lackierzentrum.de\/wordpress\/galerie\/"},{"@type":"ListItem","position":3,"name":"Unfallinstandsetzung"}]},{"@type":"WebSite","@id":"https:\/\/tac-lackierzentrum.de\/wordpress\/#website","url":"https:\/\/tac-lackierzentrum.de\/wordpress\/","name":"TAC Lackier- und Karosseriezentrum - K\u00f6ln","description":"TAC Lackier- und Karosseriezentrum k\u00fcmmert sich schnell und kompetent um Ihr Fahrzeug.","publisher":{"@id":"https:\/\/tac-lackierzentrum.de\/wordpress\/#organization"},"potentialAction":[{"@type":"SearchAction","target":{"@type":"EntryPoint","urlTemplate":"https:\/\/tac-lackierzentrum.de\/wordpress\/?s={search_term_string}"},"query-input":{"@type":"PropertyValueSpecification","valueRequired":true,"valueName":"search_term_string"}}],"inLanguage":"en-US"},{"@type":"Organization","@id":"https:\/\/tac-lackierzentrum.de\/wordpress\/#organization","name":"TAC Lackier- Karosseriezentrum","url":"https:\/\/tac-lackierzentrum.de\/wordpress\/","logo":{"@type":"ImageObject","inLanguage":"en-US","@id":"https:\/\/tac-lackierzentrum.de\/wordpress\/#\/schema\/logo\/image\/","url":"https:\/\/tac-lackierzentrum.de\/wordpress\/wp-content\/uploads\/2020\/01\/karosseriebau-koeln-tac-lackierzentrum.jpg","contentUrl":"https:\/\/tac-lackierzentrum.de\/wordpress\/wp-content\/uploads\/2020\/01\/karosseriebau-koeln-tac-lackierzentrum.jpg","width":300,"height":223,"caption":"TAC Lackier- Karosseriezentrum"},"image":{"@id":"https:\/\/tac-lackierzentrum.de\/wordpress\/#\/schema\/logo\/image\/"}}]}},"_links":{"self":[{"href":"https:\/\/tac-lackierzentrum.de\/wordpress\/wp-json\/wp\/v2\/pages\/60","targetHints":{"allow":["GET"]}}],"collection":[{"href":"https:\/\/tac-lackierzentrum.de\/wordpress\/wp-json\/wp\/v2\/pages"}],"about":[{"href":"https:\/\/tac-lackierzentrum.de\/wordpress\/wp-json\/wp\/v2\/types\/page"}],"author":[{"embeddable":true,"href":"https:\/\/tac-lackierzentrum.de\/wordpress\/wp-json\/wp\/v2\/users\/1"}],"replies":[{"embeddable":true,"href":"https:\/\/tac-lackierzentrum.de\/wordpress\/wp-json\/wp\/v2\/comments?post=60"}],"version-history":[{"count":14,"href":"https:\/\/tac-lackierzentrum.de\/wordpress\/wp-json\/wp\/v2\/pages\/60\/revisions"}],"predecessor-version":[{"id":2435,"href":"https:\/\/tac-lackierzentrum.de\/wordpress\/wp-json\/wp\/v2\/pages\/60\/revisions\/2435"}],"up":[{"embeddable":true,"href":"https:\/\/tac-lackierzentrum.de\/wordpress\/wp-json\/wp\/v2\/pages\/38"}],"wp:attachment":[{"href":"https:\/\/tac-lackierzentrum.de\/wordpress\/wp-json\/wp\/v2\/media?parent=60"}],"wp:term":[{"taxonomy":"post_tag","embeddable":true,"href":"https:\/\/tac-lackierzentrum.de\/wordpress\/wp-json\/wp\/v2\/tags?post=60"}],"curies":[{"name":"wp","href":"https:\/\/api.w.org\/{rel}","templated":true}]}}