{"id":6,"date":"2014-08-20T22:10:46","date_gmt":"2014-08-20T20:10:46","guid":{"rendered":"http:\/\/tac-lackierzentrum.de\/wordpress\/?page_id=6"},"modified":"2020-01-29T15:20:03","modified_gmt":"2020-01-29T13:20:03","slug":"willkommen-bei-tac-lackier-und-karosseriezentrum","status":"publish","type":"page","link":"https:\/\/tac-lackierzentrum.de\/wordpress\/","title":{"rendered":"Willkommen beim TAC Lackier- und Karosseriezentrum"},"content":{"rendered":"<p><a href=\"https:\/\/tac-lackierzentrum.de\/wordpress\/wp-content\/uploads\/2020\/01\/karosseriebau-koeln-tac-lackierzentrum.jpg\"><img loading=\"lazy\" decoding=\"async\" class=\"wp-image-2376 size-full aligncenter\" src=\"https:\/\/tac-lackierzentrum.de\/wordpress\/wp-content\/uploads\/2020\/01\/karosseriebau-koeln-tac-lackierzentrum.jpg\" alt=\"Autolackierer und Karosseriebau K\u00f6ln\" width=\"300\" height=\"223\" \/><\/a><\/p>\n<p>Ihr professioneller <strong>Autolackierer<\/strong> und <strong>Karosseriespezialist<\/strong> in K\u00f6ln-Ehrenfeld. Sie finden uns in der Oskar-J\u00e4ger-Str. 147 in 50825 K\u00f6ln.<\/p>\n<p>Erreichen Sie uns telefonisch unter <a href=\"tel:+49221541605\">0221 &#8211; 541605<\/a><\/p>\n<p><span style=\"color: #000000;\">oder \u00fcber unser <a href=\"https:\/\/tac-lackierzentrum.de\/wordpress\/ueberuns\/kontakt\/\">Kontaktformular<\/a>.<\/span><\/p>\n<h2><b>Ihr professioneller Autolackierer und Karosserieexperte in K\u00f6ln<\/b><\/h2>\n<p>Wir sind ein Karosserie- und Lackierfachbetrieb, der sich mit der modernen <a href=\"https:\/\/tac-lackierzentrum.de\/wordpress\/hier-ist-noch-eine-seite\/moderne-fahrzeuginstandsetzung\/\">Unfallinstandsetzung<\/a> aller namhaften Hersteller sowie der historischen Fahrzeuginstandsetzung mit Leidenschaft und Freude besch\u00e4ftigt. Neben den T\u00e4tigkeiten der <a href=\"https:\/\/tac-lackierzentrum.de\/wordpress\/hier-ist-noch-eine-seite\/lackierung\/\">Autolackierung<\/a> und Karosserieinstandsetzung k\u00fcmmern wir uns um jeden Kundenwunsch rund um Ihren PKW, wenn es um das Thema Lack geht.<\/p>\n<p>Hier ein \u00dcberblick \u00fcber unsere Leistungen:<\/p>\n<ul>\n<li>Autolackierung &amp; Umlackierung<\/li>\n<li><a href=\"https:\/\/tac-lackierzentrum.de\/wordpress\/hier-ist-noch-eine-seite\/karosserie\/\">Karosserieinstandsetzung &amp; Karosseriebau<\/a><\/li>\n<li>Unfallinstandsetzung<\/li>\n<li>Hohlraumversiegelung<\/li>\n<li><a href=\"https:\/\/tac-lackierzentrum.de\/wordpress\/hier-ist-noch-eine-seite\/historische-fahrzeuge\/\">Oldtimer Karosseriebau<\/a><\/li>\n<li>Karosserie-Restauration von historischen Fahrzeugen<\/li>\n<li>Nachfertigung von nicht mehr erh\u00e4ltlichen Teilen<\/li>\n<li><a href=\"https:\/\/tac-lackierzentrum.de\/wordpress\/hier-ist-noch-eine-seite\/moderne-fahrzeuginstandsetzung\/\">Fahrzeuginstandsetzung<\/a><\/li>\n<li>sofortige Reparaturkostenermittlung<\/li>\n<li>24 Stunden Erreichbarkeit &amp; Abschleppservice<\/li>\n<li>Leih- und Kundenersatzwagen<\/li>\n<li>Expressreparaturen von Kleinstsch\u00e4den<\/li>\n<li>Versicherungsabwicklung<\/li>\n<li>Hol- und Bringservice<\/li>\n<li>3 Jahre Garantie<\/li>\n<\/ul>\n<p>Wir sind zertifizierter Fachbetrieb f\u00fcr die historische Karosserieinstandsetzung durch den Zentralverband Karosserie- und Fahrzeugtechnik und besitzen das Dekra-Zertifikat im Bereich der Betriebsaustattung und Arbeitsqualit\u00e4t \u201cWerkstattpr\u00fcfung f\u00fcr Karosserie- und Lackierfachbetriebe\u201d.<\/p>\n<p>Unser geschultes Personal steht ihnen f\u00fcr alle Fragen rund um Karosseriebau und Lackierung zur Verf\u00fcgung und arbeitet t\u00e4glich mit Herzblut und Sachverstand am optimalen Ergebnis f\u00fcr Ihr Fahrzeug.<\/p>\n<p><span style=\"color: #000000;\">\u00a0<\/span><\/p>\n<h2 style=\"text-align: center;\"><span style=\"color: #00ccff;\"><strong>Aktuelle News\u00a0<\/strong><\/span><\/h2>\n<p style=\"text-align: center;\"><strong>Aktuelle Informationen erhalten Sie auch auf unserer Facebook Seite: Tac Lackierzentrum<\/strong><\/p>\n<p style=\"text-align: center;\"><strong><a href=\"https:\/\/www.facebook.com\/TacLackierzentrum\/\" target=\"_blank\" rel=\"noopener noreferrer\">https:\/\/www.facebook.com\/TacLackierzentrum\/<\/a><\/p>\n","protected":false},"excerpt":{"rendered":"<p>Ihr professioneller Autolackierer und Karosseriespezialist in K\u00f6ln-Ehrenfeld. Sie finden uns in der Oskar-J\u00e4ger-Str. 147 in 50825 K\u00f6ln. Erreichen Sie uns telefonisch unter 0221 &#8211; 541605 oder \u00fcber unser Kontaktformular. Ihr professioneller Autolackierer und Karosserieexperte in K\u00f6ln Wir sind ein Karosserie- und Lackierfachbetrieb, der sich mit der modernen Unfallinstandsetzung aller namhaften Hersteller sowie der historischen Fahrzeuginstandsetzung [&hellip;]<\/p>\n","protected":false},"author":1,"featured_media":0,"parent":0,"menu_order":0,"comment_status":"closed","ping_status":"closed","template":"","meta":{"footnotes":""},"tags":[17,15,6,12,13,8,10,9,14,11,7,4,16,5,18],"class_list":["post-6","page","type-page","status-publish","hentry","tag-autoglaserei","tag-autolackiererei","tag-autoreparatur","tag-autoreparatur-koln","tag-autowerkstatt","tag-fahrzeugreparatur","tag-frontschaden","tag-heckschaden","tag-karosseriebau","tag-seitenschaden","tag-smart-reparatur","tag-unfall","tag-unfallinstandsetzung","tag-unfallreparatur","tag-windschutzscheibe"],"yoast_head":"<!-- This site is optimized with the Yoast SEO plugin v27.3 - https:\/\/yoast.com\/product\/yoast-seo-wordpress\/ -->\n<title>Autolackierer K\u00f6ln | TAC Lackier- und Karosseriezentrum<\/title>\n<meta name=\"description\" content=\"Ihre professionelle Lackiererei in K\u00f6ln \u27a4 Unfallreparatur \u2714 Karosseriebau \u2714 Oldtimer Instandsetzung \u2714 Jetzt kontaktieren!\" \/>\n<meta name=\"robots\" content=\"index, follow, max-snippet:-1, max-image-preview:large, max-video-preview:-1\" \/>\n<link rel=\"canonical\" href=\"https:\/\/tac-lackierzentrum.de\/wordpress\/\" \/>\n<meta property=\"og:locale\" content=\"en_US\" \/>\n<meta property=\"og:type\" content=\"article\" \/>\n<meta property=\"og:title\" content=\"Autolackierer K\u00f6ln | TAC Lackier- und Karosseriezentrum\" \/>\n<meta property=\"og:description\" content=\"Ihre professionelle Lackiererei in K\u00f6ln \u27a4 Unfallreparatur \u2714 Karosseriebau \u2714 Oldtimer Instandsetzung \u2714 Jetzt kontaktieren!\" \/>\n<meta property=\"og:url\" content=\"https:\/\/tac-lackierzentrum.de\/wordpress\/\" \/>\n<meta property=\"og:site_name\" content=\"TAC Lackier- und Karosseriezentrum - K\u00f6ln\" \/>\n<meta property=\"article:modified_time\" content=\"2020-01-29T13:20:03+00:00\" \/>\n<meta property=\"og:image\" content=\"https:\/\/tac-lackierzentrum.de\/wordpress\/wp-content\/uploads\/2020\/01\/karosseriebau-koeln-tac-lackierzentrum.jpg\" \/>\n<meta name=\"twitter:card\" content=\"summary_large_image\" \/>\n<meta name=\"twitter:label1\" content=\"Est. reading time\" \/>\n\t<meta name=\"twitter:data1\" content=\"1 minute\" \/>\n<script type=\"application\/ld+json\" class=\"yoast-schema-graph\">{\"@context\":\"https:\\\/\\\/schema.org\",\"@graph\":[{\"@type\":\"WebPage\",\"@id\":\"https:\\\/\\\/tac-lackierzentrum.de\\\/wordpress\\\/\",\"url\":\"https:\\\/\\\/tac-lackierzentrum.de\\\/wordpress\\\/\",\"name\":\"Autolackierer K\u00f6ln | TAC Lackier- und Karosseriezentrum\",\"isPartOf\":{\"@id\":\"https:\\\/\\\/tac-lackierzentrum.de\\\/wordpress\\\/#website\"},\"primaryImageOfPage\":{\"@id\":\"https:\\\/\\\/tac-lackierzentrum.de\\\/wordpress\\\/#primaryimage\"},\"image\":{\"@id\":\"https:\\\/\\\/tac-lackierzentrum.de\\\/wordpress\\\/#primaryimage\"},\"thumbnailUrl\":\"https:\\\/\\\/tac-lackierzentrum.de\\\/wordpress\\\/wp-content\\\/uploads\\\/2020\\\/01\\\/karosseriebau-koeln-tac-lackierzentrum.jpg\",\"datePublished\":\"2014-08-20T20:10:46+00:00\",\"dateModified\":\"2020-01-29T13:20:03+00:00\",\"description\":\"Ihre professionelle Lackiererei in K\u00f6ln \u27a4 Unfallreparatur \u2714 Karosseriebau \u2714 Oldtimer Instandsetzung \u2714 Jetzt kontaktieren!\",\"breadcrumb\":{\"@id\":\"https:\\\/\\\/tac-lackierzentrum.de\\\/wordpress\\\/#breadcrumb\"},\"inLanguage\":\"en-US\",\"potentialAction\":[{\"@type\":\"ReadAction\",\"target\":[\"https:\\\/\\\/tac-lackierzentrum.de\\\/wordpress\\\/\"]}]},{\"@type\":\"ImageObject\",\"inLanguage\":\"en-US\",\"@id\":\"https:\\\/\\\/tac-lackierzentrum.de\\\/wordpress\\\/#primaryimage\",\"url\":\"https:\\\/\\\/tac-lackierzentrum.de\\\/wordpress\\\/wp-content\\\/uploads\\\/2020\\\/01\\\/karosseriebau-koeln-tac-lackierzentrum.jpg\",\"contentUrl\":\"https:\\\/\\\/tac-lackierzentrum.de\\\/wordpress\\\/wp-content\\\/uploads\\\/2020\\\/01\\\/karosseriebau-koeln-tac-lackierzentrum.jpg\"},{\"@type\":\"BreadcrumbList\",\"@id\":\"https:\\\/\\\/tac-lackierzentrum.de\\\/wordpress\\\/#breadcrumb\",\"itemListElement\":[{\"@type\":\"ListItem\",\"position\":1,\"name\":\"Home\",\"item\":\"https:\\\/\\\/tac-lackierzentrum.de\\\/wordpress\\\/\"},{\"@type\":\"ListItem\",\"position\":2,\"name\":\"Willkommen beim TAC Lackier- und Karosseriezentrum\"}]},{\"@type\":\"WebSite\",\"@id\":\"https:\\\/\\\/tac-lackierzentrum.de\\\/wordpress\\\/#website\",\"url\":\"https:\\\/\\\/tac-lackierzentrum.de\\\/wordpress\\\/\",\"name\":\"TAC Lackier- und Karosseriezentrum - K\u00f6ln\",\"description\":\"TAC Lackier- und Karosseriezentrum k\u00fcmmert sich schnell und kompetent um Ihr Fahrzeug.\",\"publisher\":{\"@id\":\"https:\\\/\\\/tac-lackierzentrum.de\\\/wordpress\\\/#organization\"},\"potentialAction\":[{\"@type\":\"SearchAction\",\"target\":{\"@type\":\"EntryPoint\",\"urlTemplate\":\"https:\\\/\\\/tac-lackierzentrum.de\\\/wordpress\\\/?s={search_term_string}\"},\"query-input\":{\"@type\":\"PropertyValueSpecification\",\"valueRequired\":true,\"valueName\":\"search_term_string\"}}],\"inLanguage\":\"en-US\"},{\"@type\":\"Organization\",\"@id\":\"https:\\\/\\\/tac-lackierzentrum.de\\\/wordpress\\\/#organization\",\"name\":\"TAC Lackier- Karosseriezentrum\",\"url\":\"https:\\\/\\\/tac-lackierzentrum.de\\\/wordpress\\\/\",\"logo\":{\"@type\":\"ImageObject\",\"inLanguage\":\"en-US\",\"@id\":\"https:\\\/\\\/tac-lackierzentrum.de\\\/wordpress\\\/#\\\/schema\\\/logo\\\/image\\\/\",\"url\":\"https:\\\/\\\/tac-lackierzentrum.de\\\/wordpress\\\/wp-content\\\/uploads\\\/2020\\\/01\\\/karosseriebau-koeln-tac-lackierzentrum.jpg\",\"contentUrl\":\"https:\\\/\\\/tac-lackierzentrum.de\\\/wordpress\\\/wp-content\\\/uploads\\\/2020\\\/01\\\/karosseriebau-koeln-tac-lackierzentrum.jpg\",\"width\":300,\"height\":223,\"caption\":\"TAC Lackier- Karosseriezentrum\"},\"image\":{\"@id\":\"https:\\\/\\\/tac-lackierzentrum.de\\\/wordpress\\\/#\\\/schema\\\/logo\\\/image\\\/\"}}]}<\/script>\n<!-- \/ Yoast SEO plugin. -->","yoast_head_json":{"title":"Autolackierer K\u00f6ln | TAC Lackier- und Karosseriezentrum","description":"Ihre professionelle Lackiererei in K\u00f6ln \u27a4 Unfallreparatur \u2714 Karosseriebau \u2714 Oldtimer Instandsetzung \u2714 Jetzt kontaktieren!","robots":{"index":"index","follow":"follow","max-snippet":"max-snippet:-1","max-image-preview":"max-image-preview:large","max-video-preview":"max-video-preview:-1"},"canonical":"https:\/\/tac-lackierzentrum.de\/wordpress\/","og_locale":"en_US","og_type":"article","og_title":"Autolackierer K\u00f6ln | TAC Lackier- und Karosseriezentrum","og_description":"Ihre professionelle Lackiererei in K\u00f6ln \u27a4 Unfallreparatur \u2714 Karosseriebau \u2714 Oldtimer Instandsetzung \u2714 Jetzt kontaktieren!","og_url":"https:\/\/tac-lackierzentrum.de\/wordpress\/","og_site_name":"TAC Lackier- und Karosseriezentrum - K\u00f6ln","article_modified_time":"2020-01-29T13:20:03+00:00","og_image":[{"url":"https:\/\/tac-lackierzentrum.de\/wordpress\/wp-content\/uploads\/2020\/01\/karosseriebau-koeln-tac-lackierzentrum.jpg","type":"","width":"","height":""}],"twitter_card":"summary_large_image","twitter_misc":{"Est. reading time":"1 minute"},"schema":{"@context":"https:\/\/schema.org","@graph":[{"@type":"WebPage","@id":"https:\/\/tac-lackierzentrum.de\/wordpress\/","url":"https:\/\/tac-lackierzentrum.de\/wordpress\/","name":"Autolackierer K\u00f6ln | TAC Lackier- und Karosseriezentrum","isPartOf":{"@id":"https:\/\/tac-lackierzentrum.de\/wordpress\/#website"},"primaryImageOfPage":{"@id":"https:\/\/tac-lackierzentrum.de\/wordpress\/#primaryimage"},"image":{"@id":"https:\/\/tac-lackierzentrum.de\/wordpress\/#primaryimage"},"thumbnailUrl":"https:\/\/tac-lackierzentrum.de\/wordpress\/wp-content\/uploads\/2020\/01\/karosseriebau-koeln-tac-lackierzentrum.jpg","datePublished":"2014-08-20T20:10:46+00:00","dateModified":"2020-01-29T13:20:03+00:00","description":"Ihre professionelle Lackiererei in K\u00f6ln \u27a4 Unfallreparatur \u2714 Karosseriebau \u2714 Oldtimer Instandsetzung \u2714 Jetzt kontaktieren!","breadcrumb":{"@id":"https:\/\/tac-lackierzentrum.de\/wordpress\/#breadcrumb"},"inLanguage":"en-US","potentialAction":[{"@type":"ReadAction","target":["https:\/\/tac-lackierzentrum.de\/wordpress\/"]}]},{"@type":"ImageObject","inLanguage":"en-US","@id":"https:\/\/tac-lackierzentrum.de\/wordpress\/#primaryimage","url":"https:\/\/tac-lackierzentrum.de\/wordpress\/wp-content\/uploads\/2020\/01\/karosseriebau-koeln-tac-lackierzentrum.jpg","contentUrl":"https:\/\/tac-lackierzentrum.de\/wordpress\/wp-content\/uploads\/2020\/01\/karosseriebau-koeln-tac-lackierzentrum.jpg"},{"@type":"BreadcrumbList","@id":"https:\/\/tac-lackierzentrum.de\/wordpress\/#breadcrumb","itemListElement":[{"@type":"ListItem","position":1,"name":"Home","item":"https:\/\/tac-lackierzentrum.de\/wordpress\/"},{"@type":"ListItem","position":2,"name":"Willkommen beim TAC Lackier- und Karosseriezentrum"}]},{"@type":"WebSite","@id":"https:\/\/tac-lackierzentrum.de\/wordpress\/#website","url":"https:\/\/tac-lackierzentrum.de\/wordpress\/","name":"TAC Lackier- und Karosseriezentrum - K\u00f6ln","description":"TAC Lackier- und Karosseriezentrum k\u00fcmmert sich schnell und kompetent um Ihr Fahrzeug.","publisher":{"@id":"https:\/\/tac-lackierzentrum.de\/wordpress\/#organization"},"potentialAction":[{"@type":"SearchAction","target":{"@type":"EntryPoint","urlTemplate":"https:\/\/tac-lackierzentrum.de\/wordpress\/?s={search_term_string}"},"query-input":{"@type":"PropertyValueSpecification","valueRequired":true,"valueName":"search_term_string"}}],"inLanguage":"en-US"},{"@type":"Organization","@id":"https:\/\/tac-lackierzentrum.de\/wordpress\/#organization","name":"TAC Lackier- Karosseriezentrum","url":"https:\/\/tac-lackierzentrum.de\/wordpress\/","logo":{"@type":"ImageObject","inLanguage":"en-US","@id":"https:\/\/tac-lackierzentrum.de\/wordpress\/#\/schema\/logo\/image\/","url":"https:\/\/tac-lackierzentrum.de\/wordpress\/wp-content\/uploads\/2020\/01\/karosseriebau-koeln-tac-lackierzentrum.jpg","contentUrl":"https:\/\/tac-lackierzentrum.de\/wordpress\/wp-content\/uploads\/2020\/01\/karosseriebau-koeln-tac-lackierzentrum.jpg","width":300,"height":223,"caption":"TAC Lackier- Karosseriezentrum"},"image":{"@id":"https:\/\/tac-lackierzentrum.de\/wordpress\/#\/schema\/logo\/image\/"}}]}},"_links":{"self":[{"href":"https:\/\/tac-lackierzentrum.de\/wordpress\/wp-json\/wp\/v2\/pages\/6","targetHints":{"allow":["GET"]}}],"collection":[{"href":"https:\/\/tac-lackierzentrum.de\/wordpress\/wp-json\/wp\/v2\/pages"}],"about":[{"href":"https:\/\/tac-lackierzentrum.de\/wordpress\/wp-json\/wp\/v2\/types\/page"}],"author":[{"embeddable":true,"href":"https:\/\/tac-lackierzentrum.de\/wordpress\/wp-json\/wp\/v2\/users\/1"}],"replies":[{"embeddable":true,"href":"https:\/\/tac-lackierzentrum.de\/wordpress\/wp-json\/wp\/v2\/comments?post=6"}],"version-history":[{"count":59,"href":"https:\/\/tac-lackierzentrum.de\/wordpress\/wp-json\/wp\/v2\/pages\/6\/revisions"}],"predecessor-version":[{"id":2393,"href":"https:\/\/tac-lackierzentrum.de\/wordpress\/wp-json\/wp\/v2\/pages\/6\/revisions\/2393"}],"wp:attachment":[{"href":"https:\/\/tac-lackierzentrum.de\/wordpress\/wp-json\/wp\/v2\/media?parent=6"}],"wp:term":[{"taxonomy":"post_tag","embeddable":true,"href":"https:\/\/tac-lackierzentrum.de\/wordpress\/wp-json\/wp\/v2\/tags?post=6"}],"curies":[{"name":"wp","href":"https:\/\/api.w.org\/{rel}","templated":true}]}}