{"id":53,"date":"2014-08-24T16:37:27","date_gmt":"2014-08-24T14:37:27","guid":{"rendered":"http:\/\/tac-lackierzentrum.de\/wordpress\/?page_id=53"},"modified":"2020-02-28T14:02:05","modified_gmt":"2020-02-28T12:02:05","slug":"referenz","status":"publish","type":"page","link":"https:\/\/tac-lackierzentrum.de\/wordpress\/ueberuns\/referenz\/","title":{"rendered":"Referenzen"},"content":{"rendered":"<ul>\n<li>Auto Top GmbH, K\u00f6ln<\/li>\n<li>Land Rover K-F-Z Technik Matzker<\/li>\n<li>SAAB -Spezialwerkstatt -Berrendorf KG, K\u00f6ln<\/li>\n<li>Motorrad Emonts GmbH &#8211; Yamaha Vertragsh\u00e4ndler, K\u00f6ln<\/li>\n<li>MV Augusta , Motor Deutschland GmbH<\/li>\n<li>BMW Procar Gruppe<\/li>\n<li>Jaguar Wurt Automotive GmbH<\/li>\n<li>Kia Jacob und L\u00f6fken<\/li>\n<li>Automobile Fick GmbH<\/li>\n<li>Gottfried Schulz Premium GmbH Bentley<\/li>\n<li>Automobile Christoph Riffel (Oldtimer)<\/li>\n<\/ul>\n","protected":false},"excerpt":{"rendered":"<p>Auto Top GmbH, K\u00f6ln Land Rover K-F-Z Technik Matzker SAAB -Spezialwerkstatt -Berrendorf KG, K\u00f6ln Motorrad Emonts GmbH &#8211; Yamaha Vertragsh\u00e4ndler, K\u00f6ln MV Augusta , Motor Deutschland GmbH BMW Procar Gruppe Jaguar Wurt Automotive GmbH Kia Jacob und L\u00f6fken Automobile Fick GmbH Gottfried Schulz Premium GmbH Bentley Automobile Christoph Riffel (Oldtimer)<\/p>\n","protected":false},"author":1,"featured_media":0,"parent":2,"menu_order":0,"comment_status":"closed","ping_status":"closed","template":"","meta":{"footnotes":""},"tags":[],"class_list":["post-53","page","type-page","status-publish","hentry"],"yoast_head":"<!-- This site is optimized with the Yoast SEO plugin v27.3 - https:\/\/yoast.com\/product\/yoast-seo-wordpress\/ -->\n<title>Referenzen - TAC Lackier- und Karosseriezentrum - K\u00f6ln<\/title>\n<meta name=\"robots\" content=\"noindex, follow\" \/>\n<meta property=\"og:locale\" content=\"en_US\" \/>\n<meta property=\"og:type\" content=\"article\" \/>\n<meta property=\"og:title\" content=\"Referenzen - TAC Lackier- und Karosseriezentrum - K\u00f6ln\" \/>\n<meta property=\"og:description\" content=\"Auto Top GmbH, K\u00f6ln Land Rover K-F-Z Technik Matzker SAAB -Spezialwerkstatt -Berrendorf KG, K\u00f6ln Motorrad Emonts GmbH &#8211; Yamaha Vertragsh\u00e4ndler, K\u00f6ln MV Augusta , Motor Deutschland GmbH BMW Procar Gruppe Jaguar Wurt Automotive GmbH Kia Jacob und L\u00f6fken Automobile Fick GmbH Gottfried Schulz Premium GmbH Bentley Automobile Christoph Riffel (Oldtimer)\" \/>\n<meta property=\"og:url\" content=\"https:\/\/tac-lackierzentrum.de\/wordpress\/ueberuns\/referenz\/\" \/>\n<meta property=\"og:site_name\" content=\"TAC Lackier- und Karosseriezentrum - K\u00f6ln\" \/>\n<meta property=\"article:modified_time\" content=\"2020-02-28T12:02:05+00:00\" \/>\n<meta name=\"twitter:card\" content=\"summary_large_image\" \/>\n<script type=\"application\/ld+json\" class=\"yoast-schema-graph\">{\"@context\":\"https:\\\/\\\/schema.org\",\"@graph\":[{\"@type\":\"WebPage\",\"@id\":\"https:\\\/\\\/tac-lackierzentrum.de\\\/wordpress\\\/ueberuns\\\/referenz\\\/\",\"url\":\"https:\\\/\\\/tac-lackierzentrum.de\\\/wordpress\\\/ueberuns\\\/referenz\\\/\",\"name\":\"Referenzen - TAC Lackier- und Karosseriezentrum - K\u00f6ln\",\"isPartOf\":{\"@id\":\"https:\\\/\\\/tac-lackierzentrum.de\\\/wordpress\\\/#website\"},\"datePublished\":\"2014-08-24T14:37:27+00:00\",\"dateModified\":\"2020-02-28T12:02:05+00:00\",\"breadcrumb\":{\"@id\":\"https:\\\/\\\/tac-lackierzentrum.de\\\/wordpress\\\/ueberuns\\\/referenz\\\/#breadcrumb\"},\"inLanguage\":\"en-US\",\"potentialAction\":[{\"@type\":\"ReadAction\",\"target\":[\"https:\\\/\\\/tac-lackierzentrum.de\\\/wordpress\\\/ueberuns\\\/referenz\\\/\"]}]},{\"@type\":\"BreadcrumbList\",\"@id\":\"https:\\\/\\\/tac-lackierzentrum.de\\\/wordpress\\\/ueberuns\\\/referenz\\\/#breadcrumb\",\"itemListElement\":[{\"@type\":\"ListItem\",\"position\":1,\"name\":\"Home\",\"item\":\"https:\\\/\\\/tac-lackierzentrum.de\\\/wordpress\\\/\"},{\"@type\":\"ListItem\",\"position\":2,\"name\":\"\u00dcber uns\",\"item\":\"https:\\\/\\\/tac-lackierzentrum.de\\\/wordpress\\\/ueberuns\\\/\"},{\"@type\":\"ListItem\",\"position\":3,\"name\":\"Referenzen\"}]},{\"@type\":\"WebSite\",\"@id\":\"https:\\\/\\\/tac-lackierzentrum.de\\\/wordpress\\\/#website\",\"url\":\"https:\\\/\\\/tac-lackierzentrum.de\\\/wordpress\\\/\",\"name\":\"TAC Lackier- und Karosseriezentrum - K\u00f6ln\",\"description\":\"TAC Lackier- und Karosseriezentrum k\u00fcmmert sich schnell und kompetent um Ihr Fahrzeug.\",\"publisher\":{\"@id\":\"https:\\\/\\\/tac-lackierzentrum.de\\\/wordpress\\\/#organization\"},\"potentialAction\":[{\"@type\":\"SearchAction\",\"target\":{\"@type\":\"EntryPoint\",\"urlTemplate\":\"https:\\\/\\\/tac-lackierzentrum.de\\\/wordpress\\\/?s={search_term_string}\"},\"query-input\":{\"@type\":\"PropertyValueSpecification\",\"valueRequired\":true,\"valueName\":\"search_term_string\"}}],\"inLanguage\":\"en-US\"},{\"@type\":\"Organization\",\"@id\":\"https:\\\/\\\/tac-lackierzentrum.de\\\/wordpress\\\/#organization\",\"name\":\"TAC Lackier- Karosseriezentrum\",\"url\":\"https:\\\/\\\/tac-lackierzentrum.de\\\/wordpress\\\/\",\"logo\":{\"@type\":\"ImageObject\",\"inLanguage\":\"en-US\",\"@id\":\"https:\\\/\\\/tac-lackierzentrum.de\\\/wordpress\\\/#\\\/schema\\\/logo\\\/image\\\/\",\"url\":\"https:\\\/\\\/tac-lackierzentrum.de\\\/wordpress\\\/wp-content\\\/uploads\\\/2020\\\/01\\\/karosseriebau-koeln-tac-lackierzentrum.jpg\",\"contentUrl\":\"https:\\\/\\\/tac-lackierzentrum.de\\\/wordpress\\\/wp-content\\\/uploads\\\/2020\\\/01\\\/karosseriebau-koeln-tac-lackierzentrum.jpg\",\"width\":300,\"height\":223,\"caption\":\"TAC Lackier- Karosseriezentrum\"},\"image\":{\"@id\":\"https:\\\/\\\/tac-lackierzentrum.de\\\/wordpress\\\/#\\\/schema\\\/logo\\\/image\\\/\"}}]}<\/script>\n<!-- \/ Yoast SEO plugin. -->","yoast_head_json":{"title":"Referenzen - TAC Lackier- und Karosseriezentrum - K\u00f6ln","robots":{"index":"noindex","follow":"follow"},"og_locale":"en_US","og_type":"article","og_title":"Referenzen - TAC Lackier- und Karosseriezentrum - K\u00f6ln","og_description":"Auto Top GmbH, K\u00f6ln Land Rover K-F-Z Technik Matzker SAAB -Spezialwerkstatt -Berrendorf KG, K\u00f6ln Motorrad Emonts GmbH &#8211; Yamaha Vertragsh\u00e4ndler, K\u00f6ln MV Augusta , Motor Deutschland GmbH BMW Procar Gruppe Jaguar Wurt Automotive GmbH Kia Jacob und L\u00f6fken Automobile Fick GmbH Gottfried Schulz Premium GmbH Bentley Automobile Christoph Riffel (Oldtimer)","og_url":"https:\/\/tac-lackierzentrum.de\/wordpress\/ueberuns\/referenz\/","og_site_name":"TAC Lackier- und Karosseriezentrum - K\u00f6ln","article_modified_time":"2020-02-28T12:02:05+00:00","twitter_card":"summary_large_image","schema":{"@context":"https:\/\/schema.org","@graph":[{"@type":"WebPage","@id":"https:\/\/tac-lackierzentrum.de\/wordpress\/ueberuns\/referenz\/","url":"https:\/\/tac-lackierzentrum.de\/wordpress\/ueberuns\/referenz\/","name":"Referenzen - TAC Lackier- und Karosseriezentrum - K\u00f6ln","isPartOf":{"@id":"https:\/\/tac-lackierzentrum.de\/wordpress\/#website"},"datePublished":"2014-08-24T14:37:27+00:00","dateModified":"2020-02-28T12:02:05+00:00","breadcrumb":{"@id":"https:\/\/tac-lackierzentrum.de\/wordpress\/ueberuns\/referenz\/#breadcrumb"},"inLanguage":"en-US","potentialAction":[{"@type":"ReadAction","target":["https:\/\/tac-lackierzentrum.de\/wordpress\/ueberuns\/referenz\/"]}]},{"@type":"BreadcrumbList","@id":"https:\/\/tac-lackierzentrum.de\/wordpress\/ueberuns\/referenz\/#breadcrumb","itemListElement":[{"@type":"ListItem","position":1,"name":"Home","item":"https:\/\/tac-lackierzentrum.de\/wordpress\/"},{"@type":"ListItem","position":2,"name":"\u00dcber uns","item":"https:\/\/tac-lackierzentrum.de\/wordpress\/ueberuns\/"},{"@type":"ListItem","position":3,"name":"Referenzen"}]},{"@type":"WebSite","@id":"https:\/\/tac-lackierzentrum.de\/wordpress\/#website","url":"https:\/\/tac-lackierzentrum.de\/wordpress\/","name":"TAC Lackier- und Karosseriezentrum - K\u00f6ln","description":"TAC Lackier- und Karosseriezentrum k\u00fcmmert sich schnell und kompetent um Ihr Fahrzeug.","publisher":{"@id":"https:\/\/tac-lackierzentrum.de\/wordpress\/#organization"},"potentialAction":[{"@type":"SearchAction","target":{"@type":"EntryPoint","urlTemplate":"https:\/\/tac-lackierzentrum.de\/wordpress\/?s={search_term_string}"},"query-input":{"@type":"PropertyValueSpecification","valueRequired":true,"valueName":"search_term_string"}}],"inLanguage":"en-US"},{"@type":"Organization","@id":"https:\/\/tac-lackierzentrum.de\/wordpress\/#organization","name":"TAC Lackier- Karosseriezentrum","url":"https:\/\/tac-lackierzentrum.de\/wordpress\/","logo":{"@type":"ImageObject","inLanguage":"en-US","@id":"https:\/\/tac-lackierzentrum.de\/wordpress\/#\/schema\/logo\/image\/","url":"https:\/\/tac-lackierzentrum.de\/wordpress\/wp-content\/uploads\/2020\/01\/karosseriebau-koeln-tac-lackierzentrum.jpg","contentUrl":"https:\/\/tac-lackierzentrum.de\/wordpress\/wp-content\/uploads\/2020\/01\/karosseriebau-koeln-tac-lackierzentrum.jpg","width":300,"height":223,"caption":"TAC Lackier- Karosseriezentrum"},"image":{"@id":"https:\/\/tac-lackierzentrum.de\/wordpress\/#\/schema\/logo\/image\/"}}]}},"_links":{"self":[{"href":"https:\/\/tac-lackierzentrum.de\/wordpress\/wp-json\/wp\/v2\/pages\/53","targetHints":{"allow":["GET"]}}],"collection":[{"href":"https:\/\/tac-lackierzentrum.de\/wordpress\/wp-json\/wp\/v2\/pages"}],"about":[{"href":"https:\/\/tac-lackierzentrum.de\/wordpress\/wp-json\/wp\/v2\/types\/page"}],"author":[{"embeddable":true,"href":"https:\/\/tac-lackierzentrum.de\/wordpress\/wp-json\/wp\/v2\/users\/1"}],"replies":[{"embeddable":true,"href":"https:\/\/tac-lackierzentrum.de\/wordpress\/wp-json\/wp\/v2\/comments?post=53"}],"version-history":[{"count":6,"href":"https:\/\/tac-lackierzentrum.de\/wordpress\/wp-json\/wp\/v2\/pages\/53\/revisions"}],"predecessor-version":[{"id":1637,"href":"https:\/\/tac-lackierzentrum.de\/wordpress\/wp-json\/wp\/v2\/pages\/53\/revisions\/1637"}],"up":[{"embeddable":true,"href":"https:\/\/tac-lackierzentrum.de\/wordpress\/wp-json\/wp\/v2\/pages\/2"}],"wp:attachment":[{"href":"https:\/\/tac-lackierzentrum.de\/wordpress\/wp-json\/wp\/v2\/media?parent=53"}],"wp:term":[{"taxonomy":"post_tag","embeddable":true,"href":"https:\/\/tac-lackierzentrum.de\/wordpress\/wp-json\/wp\/v2\/tags?post=53"}],"curies":[{"name":"wp","href":"https:\/\/api.w.org\/{rel}","templated":true}]}}