{"id":49,"date":"2014-08-24T16:36:59","date_gmt":"2014-08-24T14:36:59","guid":{"rendered":"http:\/\/tac-lackierzentrum.de\/wordpress\/?page_id=49"},"modified":"2020-02-28T13:29:41","modified_gmt":"2020-02-28T11:29:41","slug":"lackierung","status":"publish","type":"page","link":"https:\/\/tac-lackierzentrum.de\/wordpress\/hier-ist-noch-eine-seite\/lackierung\/","title":{"rendered":"Lackierung"},"content":{"rendered":"\n<h2 class=\"wp-block-heading\">Auto lackieren &amp; umlackieren<\/h2>\n\n\n<ul>\n<li>Qualit\u00e4tslackierung f\u00fcr alle PKW- und Motorradhersteller<\/li>\n<li>Qualit\u00e4tslackierung f\u00fcr alle historische PKW -und Motorradhersteller<\/li>\n<li>Design- und Air Brush-Lackierungen in Sonderfarbt\u00f6nen<\/li>\n<li>Wiederherstellung von Farbt\u00f6nen im klassischen sowie <a href=\"https:\/\/tac-lackierzentrum.de\/wordpress\/galerie\/karosserie\/\">historischen Fahrzeugsektor<\/a><\/li>\n<li>Auslesen von Lackfarben mittels Farbtonmessger\u00e4t zur Erreichung einer nahezu 100%-igen Farbgenauigkeit<\/li>\n<\/ul>","protected":false},"excerpt":{"rendered":"<p>Auto lackieren &amp; umlackieren Qualit\u00e4tslackierung f\u00fcr alle PKW- und Motorradhersteller Qualit\u00e4tslackierung f\u00fcr alle historische PKW -und Motorradhersteller Design- und Air Brush-Lackierungen in Sonderfarbt\u00f6nen Wiederherstellung von Farbt\u00f6nen im klassischen sowie historischen Fahrzeugsektor Auslesen von Lackfarben mittels Farbtonmessger\u00e4t zur Erreichung einer nahezu 100%-igen Farbgenauigkeit<\/p>\n","protected":false},"author":1,"featured_media":0,"parent":21,"menu_order":0,"comment_status":"closed","ping_status":"closed","template":"","meta":{"footnotes":""},"tags":[],"class_list":["post-49","page","type-page","status-publish","hentry"],"yoast_head":"<!-- This site is optimized with the Yoast SEO plugin v27.3 - https:\/\/yoast.com\/product\/yoast-seo-wordpress\/ -->\n<title>Auto lackieren | Kfz-Umlackierung | TAC Lackierzentrum K\u00f6ln<\/title>\n<meta name=\"description\" content=\"Qualit\u00e4tslackierung vom Fachmann \u27a4 f\u00fcr alle PKWs und Motorr\u00e4der \u2714 Designlackierung und Sonderfarbt\u00f6ne \u2714 Farbton-Wiederherstellung \u2714\" \/>\n<meta name=\"robots\" content=\"index, follow, max-snippet:-1, max-image-preview:large, max-video-preview:-1\" \/>\n<link rel=\"canonical\" href=\"https:\/\/tac-lackierzentrum.de\/wordpress\/hier-ist-noch-eine-seite\/lackierung\/\" \/>\n<meta property=\"og:locale\" content=\"en_US\" \/>\n<meta property=\"og:type\" content=\"article\" \/>\n<meta property=\"og:title\" content=\"Auto lackieren | Kfz-Umlackierung | TAC Lackierzentrum K\u00f6ln\" \/>\n<meta property=\"og:description\" content=\"Qualit\u00e4tslackierung vom Fachmann \u27a4 f\u00fcr alle PKWs und Motorr\u00e4der \u2714 Designlackierung und Sonderfarbt\u00f6ne \u2714 Farbton-Wiederherstellung \u2714\" \/>\n<meta property=\"og:url\" content=\"https:\/\/tac-lackierzentrum.de\/wordpress\/hier-ist-noch-eine-seite\/lackierung\/\" \/>\n<meta property=\"og:site_name\" content=\"TAC Lackier- und Karosseriezentrum - K\u00f6ln\" \/>\n<meta property=\"article:modified_time\" content=\"2020-02-28T11:29:41+00:00\" \/>\n<meta name=\"twitter:card\" content=\"summary_large_image\" \/>\n<script type=\"application\/ld+json\" class=\"yoast-schema-graph\">{\"@context\":\"https:\\\/\\\/schema.org\",\"@graph\":[{\"@type\":\"WebPage\",\"@id\":\"https:\\\/\\\/tac-lackierzentrum.de\\\/wordpress\\\/hier-ist-noch-eine-seite\\\/lackierung\\\/\",\"url\":\"https:\\\/\\\/tac-lackierzentrum.de\\\/wordpress\\\/hier-ist-noch-eine-seite\\\/lackierung\\\/\",\"name\":\"Auto lackieren | Kfz-Umlackierung | TAC Lackierzentrum K\u00f6ln\",\"isPartOf\":{\"@id\":\"https:\\\/\\\/tac-lackierzentrum.de\\\/wordpress\\\/#website\"},\"datePublished\":\"2014-08-24T14:36:59+00:00\",\"dateModified\":\"2020-02-28T11:29:41+00:00\",\"description\":\"Qualit\u00e4tslackierung vom Fachmann \u27a4 f\u00fcr alle PKWs und Motorr\u00e4der \u2714 Designlackierung und Sonderfarbt\u00f6ne \u2714 Farbton-Wiederherstellung \u2714\",\"breadcrumb\":{\"@id\":\"https:\\\/\\\/tac-lackierzentrum.de\\\/wordpress\\\/hier-ist-noch-eine-seite\\\/lackierung\\\/#breadcrumb\"},\"inLanguage\":\"en-US\",\"potentialAction\":[{\"@type\":\"ReadAction\",\"target\":[\"https:\\\/\\\/tac-lackierzentrum.de\\\/wordpress\\\/hier-ist-noch-eine-seite\\\/lackierung\\\/\"]}]},{\"@type\":\"BreadcrumbList\",\"@id\":\"https:\\\/\\\/tac-lackierzentrum.de\\\/wordpress\\\/hier-ist-noch-eine-seite\\\/lackierung\\\/#breadcrumb\",\"itemListElement\":[{\"@type\":\"ListItem\",\"position\":1,\"name\":\"Home\",\"item\":\"https:\\\/\\\/tac-lackierzentrum.de\\\/wordpress\\\/\"},{\"@type\":\"ListItem\",\"position\":2,\"name\":\"Service\",\"item\":\"https:\\\/\\\/tac-lackierzentrum.de\\\/wordpress\\\/hier-ist-noch-eine-seite\\\/\"},{\"@type\":\"ListItem\",\"position\":3,\"name\":\"Lackierung\"}]},{\"@type\":\"WebSite\",\"@id\":\"https:\\\/\\\/tac-lackierzentrum.de\\\/wordpress\\\/#website\",\"url\":\"https:\\\/\\\/tac-lackierzentrum.de\\\/wordpress\\\/\",\"name\":\"TAC Lackier- und Karosseriezentrum - K\u00f6ln\",\"description\":\"TAC Lackier- und Karosseriezentrum k\u00fcmmert sich schnell und kompetent um Ihr Fahrzeug.\",\"publisher\":{\"@id\":\"https:\\\/\\\/tac-lackierzentrum.de\\\/wordpress\\\/#organization\"},\"potentialAction\":[{\"@type\":\"SearchAction\",\"target\":{\"@type\":\"EntryPoint\",\"urlTemplate\":\"https:\\\/\\\/tac-lackierzentrum.de\\\/wordpress\\\/?s={search_term_string}\"},\"query-input\":{\"@type\":\"PropertyValueSpecification\",\"valueRequired\":true,\"valueName\":\"search_term_string\"}}],\"inLanguage\":\"en-US\"},{\"@type\":\"Organization\",\"@id\":\"https:\\\/\\\/tac-lackierzentrum.de\\\/wordpress\\\/#organization\",\"name\":\"TAC Lackier- Karosseriezentrum\",\"url\":\"https:\\\/\\\/tac-lackierzentrum.de\\\/wordpress\\\/\",\"logo\":{\"@type\":\"ImageObject\",\"inLanguage\":\"en-US\",\"@id\":\"https:\\\/\\\/tac-lackierzentrum.de\\\/wordpress\\\/#\\\/schema\\\/logo\\\/image\\\/\",\"url\":\"https:\\\/\\\/tac-lackierzentrum.de\\\/wordpress\\\/wp-content\\\/uploads\\\/2020\\\/01\\\/karosseriebau-koeln-tac-lackierzentrum.jpg\",\"contentUrl\":\"https:\\\/\\\/tac-lackierzentrum.de\\\/wordpress\\\/wp-content\\\/uploads\\\/2020\\\/01\\\/karosseriebau-koeln-tac-lackierzentrum.jpg\",\"width\":300,\"height\":223,\"caption\":\"TAC Lackier- Karosseriezentrum\"},\"image\":{\"@id\":\"https:\\\/\\\/tac-lackierzentrum.de\\\/wordpress\\\/#\\\/schema\\\/logo\\\/image\\\/\"}}]}<\/script>\n<!-- \/ Yoast SEO plugin. -->","yoast_head_json":{"title":"Auto lackieren | Kfz-Umlackierung | TAC Lackierzentrum K\u00f6ln","description":"Qualit\u00e4tslackierung vom Fachmann \u27a4 f\u00fcr alle PKWs und Motorr\u00e4der \u2714 Designlackierung und Sonderfarbt\u00f6ne \u2714 Farbton-Wiederherstellung \u2714","robots":{"index":"index","follow":"follow","max-snippet":"max-snippet:-1","max-image-preview":"max-image-preview:large","max-video-preview":"max-video-preview:-1"},"canonical":"https:\/\/tac-lackierzentrum.de\/wordpress\/hier-ist-noch-eine-seite\/lackierung\/","og_locale":"en_US","og_type":"article","og_title":"Auto lackieren | Kfz-Umlackierung | TAC Lackierzentrum K\u00f6ln","og_description":"Qualit\u00e4tslackierung vom Fachmann \u27a4 f\u00fcr alle PKWs und Motorr\u00e4der \u2714 Designlackierung und Sonderfarbt\u00f6ne \u2714 Farbton-Wiederherstellung \u2714","og_url":"https:\/\/tac-lackierzentrum.de\/wordpress\/hier-ist-noch-eine-seite\/lackierung\/","og_site_name":"TAC Lackier- und Karosseriezentrum - K\u00f6ln","article_modified_time":"2020-02-28T11:29:41+00:00","twitter_card":"summary_large_image","schema":{"@context":"https:\/\/schema.org","@graph":[{"@type":"WebPage","@id":"https:\/\/tac-lackierzentrum.de\/wordpress\/hier-ist-noch-eine-seite\/lackierung\/","url":"https:\/\/tac-lackierzentrum.de\/wordpress\/hier-ist-noch-eine-seite\/lackierung\/","name":"Auto lackieren | Kfz-Umlackierung | TAC Lackierzentrum K\u00f6ln","isPartOf":{"@id":"https:\/\/tac-lackierzentrum.de\/wordpress\/#website"},"datePublished":"2014-08-24T14:36:59+00:00","dateModified":"2020-02-28T11:29:41+00:00","description":"Qualit\u00e4tslackierung vom Fachmann \u27a4 f\u00fcr alle PKWs und Motorr\u00e4der \u2714 Designlackierung und Sonderfarbt\u00f6ne \u2714 Farbton-Wiederherstellung \u2714","breadcrumb":{"@id":"https:\/\/tac-lackierzentrum.de\/wordpress\/hier-ist-noch-eine-seite\/lackierung\/#breadcrumb"},"inLanguage":"en-US","potentialAction":[{"@type":"ReadAction","target":["https:\/\/tac-lackierzentrum.de\/wordpress\/hier-ist-noch-eine-seite\/lackierung\/"]}]},{"@type":"BreadcrumbList","@id":"https:\/\/tac-lackierzentrum.de\/wordpress\/hier-ist-noch-eine-seite\/lackierung\/#breadcrumb","itemListElement":[{"@type":"ListItem","position":1,"name":"Home","item":"https:\/\/tac-lackierzentrum.de\/wordpress\/"},{"@type":"ListItem","position":2,"name":"Service","item":"https:\/\/tac-lackierzentrum.de\/wordpress\/hier-ist-noch-eine-seite\/"},{"@type":"ListItem","position":3,"name":"Lackierung"}]},{"@type":"WebSite","@id":"https:\/\/tac-lackierzentrum.de\/wordpress\/#website","url":"https:\/\/tac-lackierzentrum.de\/wordpress\/","name":"TAC Lackier- und Karosseriezentrum - K\u00f6ln","description":"TAC Lackier- und Karosseriezentrum k\u00fcmmert sich schnell und kompetent um Ihr Fahrzeug.","publisher":{"@id":"https:\/\/tac-lackierzentrum.de\/wordpress\/#organization"},"potentialAction":[{"@type":"SearchAction","target":{"@type":"EntryPoint","urlTemplate":"https:\/\/tac-lackierzentrum.de\/wordpress\/?s={search_term_string}"},"query-input":{"@type":"PropertyValueSpecification","valueRequired":true,"valueName":"search_term_string"}}],"inLanguage":"en-US"},{"@type":"Organization","@id":"https:\/\/tac-lackierzentrum.de\/wordpress\/#organization","name":"TAC Lackier- Karosseriezentrum","url":"https:\/\/tac-lackierzentrum.de\/wordpress\/","logo":{"@type":"ImageObject","inLanguage":"en-US","@id":"https:\/\/tac-lackierzentrum.de\/wordpress\/#\/schema\/logo\/image\/","url":"https:\/\/tac-lackierzentrum.de\/wordpress\/wp-content\/uploads\/2020\/01\/karosseriebau-koeln-tac-lackierzentrum.jpg","contentUrl":"https:\/\/tac-lackierzentrum.de\/wordpress\/wp-content\/uploads\/2020\/01\/karosseriebau-koeln-tac-lackierzentrum.jpg","width":300,"height":223,"caption":"TAC Lackier- Karosseriezentrum"},"image":{"@id":"https:\/\/tac-lackierzentrum.de\/wordpress\/#\/schema\/logo\/image\/"}}]}},"_links":{"self":[{"href":"https:\/\/tac-lackierzentrum.de\/wordpress\/wp-json\/wp\/v2\/pages\/49","targetHints":{"allow":["GET"]}}],"collection":[{"href":"https:\/\/tac-lackierzentrum.de\/wordpress\/wp-json\/wp\/v2\/pages"}],"about":[{"href":"https:\/\/tac-lackierzentrum.de\/wordpress\/wp-json\/wp\/v2\/types\/page"}],"author":[{"embeddable":true,"href":"https:\/\/tac-lackierzentrum.de\/wordpress\/wp-json\/wp\/v2\/users\/1"}],"replies":[{"embeddable":true,"href":"https:\/\/tac-lackierzentrum.de\/wordpress\/wp-json\/wp\/v2\/comments?post=49"}],"version-history":[{"count":11,"href":"https:\/\/tac-lackierzentrum.de\/wordpress\/wp-json\/wp\/v2\/pages\/49\/revisions"}],"predecessor-version":[{"id":2410,"href":"https:\/\/tac-lackierzentrum.de\/wordpress\/wp-json\/wp\/v2\/pages\/49\/revisions\/2410"}],"up":[{"embeddable":true,"href":"https:\/\/tac-lackierzentrum.de\/wordpress\/wp-json\/wp\/v2\/pages\/21"}],"wp:attachment":[{"href":"https:\/\/tac-lackierzentrum.de\/wordpress\/wp-json\/wp\/v2\/media?parent=49"}],"wp:term":[{"taxonomy":"post_tag","embeddable":true,"href":"https:\/\/tac-lackierzentrum.de\/wordpress\/wp-json\/wp\/v2\/tags?post=49"}],"curies":[{"name":"wp","href":"https:\/\/api.w.org\/{rel}","templated":true}]}}