{"id":47,"date":"2014-08-24T16:36:46","date_gmt":"2014-08-24T14:36:46","guid":{"rendered":"http:\/\/tac-lackierzentrum.de\/wordpress\/?page_id=47"},"modified":"2020-04-06T11:58:12","modified_gmt":"2020-04-06T09:58:12","slug":"karosserie","status":"publish","type":"page","link":"https:\/\/tac-lackierzentrum.de\/wordpress\/hier-ist-noch-eine-seite\/karosserie\/","title":{"rendered":"Karosserie"},"content":{"rendered":"\n<h2 class=\"wp-block-heading\">Ihr professioneller Karosseriebauer in K\u00f6ln-Ehrenfeld<\/h2>\n\n\n<p><a href=\"https:\/\/tac-lackierzentrum.de\/wordpress\/wp-content\/uploads\/2020\/04\/karosseriebau-koeln-oldtimer.jpg\"><img loading=\"lazy\" decoding=\"async\" class=\"alignnone size-full wp-image-2423\" src=\"https:\/\/tac-lackierzentrum.de\/wordpress\/wp-content\/uploads\/2020\/04\/karosseriebau-koeln-oldtimer.jpg\" alt=\"Karosseriebauer in K\u00f6ln - Oldtimer\" width=\"768\" height=\"354\" srcset=\"https:\/\/tac-lackierzentrum.de\/wordpress\/wp-content\/uploads\/2020\/04\/karosseriebau-koeln-oldtimer.jpg 768w, https:\/\/tac-lackierzentrum.de\/wordpress\/wp-content\/uploads\/2020\/04\/karosseriebau-koeln-oldtimer-300x138.jpg 300w\" sizes=\"auto, (max-width: 768px) 100vw, 768px\" \/><\/a><\/p>\n<p>Herzlich Willkommen beim Tac-Lackierzentrum, Ihrem Meisterbetrieb f\u00fcr <strong>Karosseriebau<\/strong>, <a href=\"https:\/\/tac-lackierzentrum.de\/wordpress\/hier-ist-noch-eine-seite\/lackierung\/\">KFZ-Lackierung<\/a> und <a href=\"https:\/\/tac-lackierzentrum.de\/wordpress\/galerie\/karosserie\/\">Oldtimer-Restauration<\/a>. Wir sind seit 1997 Ihr kompetenter Ansprechpartner f\u00fcr Ihr Auto, Motorrad oder Ihren Oldtimer.<\/p>\n<p>Unser Unternehmen an der Oskar-J\u00e4ger-Strasse in K\u00f6ln Ehrenfeld ist mit allen Spezialmaschinen ausgestattet, die f\u00fcr den Karosseriebau und die Lackierung ben\u00f6tigt werden \u2013 so zum Beispiel ein sogenannter Eckold-Kraftformer, mit dem unser KFZ-Meister Michael Thull in der Lage ist, selbst Karosserieteile von Oldtimern herzustellen, um die exakte Originalform zu erhalten.<\/p>\n<p>Das Tac-Lackierzentrum ist Mitglied in der <a href=\"https:\/\/www.karosserie-innungkoeln.de\/\" target=\"_blank\" rel=\"noopener noreferrer\">Karosseriebauer-Innung<\/a>, <a href=\"https:\/\/www.dekra.de\/de\/startseite\/\" target=\"_blank\" rel=\"noopener noreferrer\">Dekra-zertifiziert<\/a> und besitzt die Zertifizierung f\u00fcr die Instandsetzung historischer Fahrzeuge des Zentralverbandes Karosserie- und Fahrzeugtechnik (<a href=\"https:\/\/www.zkf.de\/\" target=\"_blank\" rel=\"noopener noreferrer\">ZKF<\/a>).<\/p>\n<p>Dies kommt unseren Kunden auch bei der Unfallinstandsetzung zugute, denn wir sind bestens ausgestattet und ausgebildet um vom kleinen Kratzer bis hin zu starken Verformungen s\u00e4mtliche Sch\u00e4den an der Karosserie zu beheben. Hier finden Sie einen Auszug unserer Dienstleistungen und Reparaturarbeiten:<\/p>\n<ul>\n<li>PKW\u00a0<a href=\"https:\/\/tac-lackierzentrum.de\/wordpress\/hier-ist-noch-eine-seite\/moderne-fahrzeuginstandsetzung\/\">Unfallinstandsetzung<\/a> aller Art und PKW Hersteller<\/li>\n<li>Instandsetzungsarbeiten von Aluminium, Blech sowie GFK Materialien<\/li>\n<li>Rahmenrichtarbeiten<\/li>\n<li>Altersreparaturen und <a href=\"https:\/\/tac-lackierzentrum.de\/wordpress\/galerie\/karosserie\/\">Oldtimer-Restauration<\/a><\/li>\n<li>Smart-Repair<\/li>\n<li>Herstellung von Karosserieblechteilen im Hause<\/li>\n<li>Erneuerung von\u00a0<a href=\"https:\/\/tac-lackierzentrum.de\/wordpress\/galerie\/hohlraumversiegelung\/\">Hohlraumkonservierung<\/a><\/li>\n<li>Entfernung von Altlack an Fahrzeugkarosserien<\/li>\n<li>Windschutzscheiben Erneuerung und Instandsetzung<\/li>\n<li>Umbauten f\u00fcr optische und technische Verfeinerungen an der Karosserie<\/li>\n<li>Park- und Hagelschadeninstandsetzung ohne Lackierung<\/li>\n<li>Instandsetzung von Motorradteilen wie z.B. Tank und Verkleidungsteile<\/li>\n<li>Fahrzeugbeschriftung<\/li>\n<li>Steinschlagreparatur<\/li>\n<li>Multimedia-Schadenabwicklung mit Versicherungen<\/li>\n<\/ul>\n<p>Kontaktieren Sie uns telefonisch unter <a href=\"tel:0049221541605\">0221 \/ 541 605<\/a> oder \u00fcber unser <a href=\"https:\/\/tac-lackierzentrum.de\/wordpress\/ueberuns\/kontakt\/\">Kontaktformular<\/a>. Sicherlich k\u00f6nnen wir auch Ihnen und Ihrem Fahrzeug weiterhelfen.<\/p>\n<p><a href=\"https:\/\/tac-lackierzentrum.de\/wordpress\/wp-content\/uploads\/2020\/04\/karosseriebauer-koeln.jpg\"><img loading=\"lazy\" decoding=\"async\" class=\"alignnone size-full wp-image-2425\" src=\"https:\/\/tac-lackierzentrum.de\/wordpress\/wp-content\/uploads\/2020\/04\/karosseriebauer-koeln.jpg\" alt=\"Ihr Karosseriebauer in K\u00f6ln\" width=\"768\" height=\"441\" srcset=\"https:\/\/tac-lackierzentrum.de\/wordpress\/wp-content\/uploads\/2020\/04\/karosseriebauer-koeln.jpg 768w, https:\/\/tac-lackierzentrum.de\/wordpress\/wp-content\/uploads\/2020\/04\/karosseriebauer-koeln-300x172.jpg 300w\" sizes=\"auto, (max-width: 768px) 100vw, 768px\" \/><\/a><\/p>","protected":false},"excerpt":{"rendered":"<p>Ihr professioneller Karosseriebauer in K\u00f6ln-Ehrenfeld Herzlich Willkommen beim Tac-Lackierzentrum, Ihrem Meisterbetrieb f\u00fcr Karosseriebau, KFZ-Lackierung und Oldtimer-Restauration. Wir sind seit 1997 Ihr kompetenter Ansprechpartner f\u00fcr Ihr Auto, Motorrad oder Ihren Oldtimer. Unser Unternehmen an der Oskar-J\u00e4ger-Strasse in K\u00f6ln Ehrenfeld ist mit allen Spezialmaschinen ausgestattet, die f\u00fcr den Karosseriebau und die Lackierung ben\u00f6tigt werden \u2013 so zum [&hellip;]<\/p>\n","protected":false},"author":1,"featured_media":0,"parent":21,"menu_order":0,"comment_status":"closed","ping_status":"closed","template":"","meta":{"footnotes":""},"tags":[],"class_list":["post-47","page","type-page","status-publish","hentry"],"yoast_head":"<!-- This site is optimized with the Yoast SEO plugin v27.3 - https:\/\/yoast.com\/product\/yoast-seo-wordpress\/ -->\n<title>Karosseriebauer &amp; Fahrzeugbaumechaniker in K\u00f6ln | TAC Lackierzentrum<\/title>\n<meta name=\"description\" content=\"Professioneller Karosseriebauer in K\u00f6ln \u27a4 Unfallinstandsetzung auch f\u00fcr historische Fahrzeuge \u2714 Umbauten \u2714 Erneuerungen \u2714 &#9742; 0221-541 605 - Jetzt anrufen!\" \/>\n<meta name=\"robots\" content=\"index, follow, max-snippet:-1, max-image-preview:large, max-video-preview:-1\" \/>\n<link rel=\"canonical\" href=\"https:\/\/tac-lackierzentrum.de\/wordpress\/hier-ist-noch-eine-seite\/karosserie\/\" \/>\n<meta property=\"og:locale\" content=\"en_US\" \/>\n<meta property=\"og:type\" content=\"article\" \/>\n<meta property=\"og:title\" content=\"Karosseriebauer &amp; Fahrzeugbaumechaniker in K\u00f6ln | TAC Lackierzentrum\" \/>\n<meta property=\"og:description\" content=\"Professioneller Karosseriebauer in K\u00f6ln \u27a4 Unfallinstandsetzung auch f\u00fcr historische Fahrzeuge \u2714 Umbauten \u2714 Erneuerungen \u2714 &#9742; 0221-541 605 - Jetzt anrufen!\" \/>\n<meta property=\"og:url\" content=\"https:\/\/tac-lackierzentrum.de\/wordpress\/hier-ist-noch-eine-seite\/karosserie\/\" \/>\n<meta property=\"og:site_name\" content=\"TAC Lackier- und Karosseriezentrum - K\u00f6ln\" \/>\n<meta property=\"article:modified_time\" content=\"2020-04-06T09:58:12+00:00\" \/>\n<meta property=\"og:image\" content=\"https:\/\/tac-lackierzentrum.de\/wordpress\/wp-content\/uploads\/2020\/04\/karosseriebau-koeln-oldtimer.jpg\" \/>\n<meta name=\"twitter:card\" content=\"summary_large_image\" \/>\n<meta name=\"twitter:label1\" content=\"Est. reading time\" \/>\n\t<meta name=\"twitter:data1\" content=\"1 minute\" \/>\n<script type=\"application\/ld+json\" class=\"yoast-schema-graph\">{\"@context\":\"https:\\\/\\\/schema.org\",\"@graph\":[{\"@type\":\"WebPage\",\"@id\":\"https:\\\/\\\/tac-lackierzentrum.de\\\/wordpress\\\/hier-ist-noch-eine-seite\\\/karosserie\\\/\",\"url\":\"https:\\\/\\\/tac-lackierzentrum.de\\\/wordpress\\\/hier-ist-noch-eine-seite\\\/karosserie\\\/\",\"name\":\"Karosseriebauer & Fahrzeugbaumechaniker in K\u00f6ln | TAC Lackierzentrum\",\"isPartOf\":{\"@id\":\"https:\\\/\\\/tac-lackierzentrum.de\\\/wordpress\\\/#website\"},\"primaryImageOfPage\":{\"@id\":\"https:\\\/\\\/tac-lackierzentrum.de\\\/wordpress\\\/hier-ist-noch-eine-seite\\\/karosserie\\\/#primaryimage\"},\"image\":{\"@id\":\"https:\\\/\\\/tac-lackierzentrum.de\\\/wordpress\\\/hier-ist-noch-eine-seite\\\/karosserie\\\/#primaryimage\"},\"thumbnailUrl\":\"https:\\\/\\\/tac-lackierzentrum.de\\\/wordpress\\\/wp-content\\\/uploads\\\/2020\\\/04\\\/karosseriebau-koeln-oldtimer.jpg\",\"datePublished\":\"2014-08-24T14:36:46+00:00\",\"dateModified\":\"2020-04-06T09:58:12+00:00\",\"description\":\"Professioneller Karosseriebauer in K\u00f6ln \u27a4 Unfallinstandsetzung auch f\u00fcr historische Fahrzeuge \u2714 Umbauten \u2714 Erneuerungen \u2714 &#9742; 0221-541 605 - Jetzt anrufen!\",\"breadcrumb\":{\"@id\":\"https:\\\/\\\/tac-lackierzentrum.de\\\/wordpress\\\/hier-ist-noch-eine-seite\\\/karosserie\\\/#breadcrumb\"},\"inLanguage\":\"en-US\",\"potentialAction\":[{\"@type\":\"ReadAction\",\"target\":[\"https:\\\/\\\/tac-lackierzentrum.de\\\/wordpress\\\/hier-ist-noch-eine-seite\\\/karosserie\\\/\"]}]},{\"@type\":\"ImageObject\",\"inLanguage\":\"en-US\",\"@id\":\"https:\\\/\\\/tac-lackierzentrum.de\\\/wordpress\\\/hier-ist-noch-eine-seite\\\/karosserie\\\/#primaryimage\",\"url\":\"https:\\\/\\\/tac-lackierzentrum.de\\\/wordpress\\\/wp-content\\\/uploads\\\/2020\\\/04\\\/karosseriebau-koeln-oldtimer.jpg\",\"contentUrl\":\"https:\\\/\\\/tac-lackierzentrum.de\\\/wordpress\\\/wp-content\\\/uploads\\\/2020\\\/04\\\/karosseriebau-koeln-oldtimer.jpg\"},{\"@type\":\"BreadcrumbList\",\"@id\":\"https:\\\/\\\/tac-lackierzentrum.de\\\/wordpress\\\/hier-ist-noch-eine-seite\\\/karosserie\\\/#breadcrumb\",\"itemListElement\":[{\"@type\":\"ListItem\",\"position\":1,\"name\":\"Home\",\"item\":\"https:\\\/\\\/tac-lackierzentrum.de\\\/wordpress\\\/\"},{\"@type\":\"ListItem\",\"position\":2,\"name\":\"Service\",\"item\":\"https:\\\/\\\/tac-lackierzentrum.de\\\/wordpress\\\/hier-ist-noch-eine-seite\\\/\"},{\"@type\":\"ListItem\",\"position\":3,\"name\":\"Karosserie\"}]},{\"@type\":\"WebSite\",\"@id\":\"https:\\\/\\\/tac-lackierzentrum.de\\\/wordpress\\\/#website\",\"url\":\"https:\\\/\\\/tac-lackierzentrum.de\\\/wordpress\\\/\",\"name\":\"TAC Lackier- und Karosseriezentrum - K\u00f6ln\",\"description\":\"TAC Lackier- und Karosseriezentrum k\u00fcmmert sich schnell und kompetent um Ihr Fahrzeug.\",\"publisher\":{\"@id\":\"https:\\\/\\\/tac-lackierzentrum.de\\\/wordpress\\\/#organization\"},\"potentialAction\":[{\"@type\":\"SearchAction\",\"target\":{\"@type\":\"EntryPoint\",\"urlTemplate\":\"https:\\\/\\\/tac-lackierzentrum.de\\\/wordpress\\\/?s={search_term_string}\"},\"query-input\":{\"@type\":\"PropertyValueSpecification\",\"valueRequired\":true,\"valueName\":\"search_term_string\"}}],\"inLanguage\":\"en-US\"},{\"@type\":\"Organization\",\"@id\":\"https:\\\/\\\/tac-lackierzentrum.de\\\/wordpress\\\/#organization\",\"name\":\"TAC Lackier- Karosseriezentrum\",\"url\":\"https:\\\/\\\/tac-lackierzentrum.de\\\/wordpress\\\/\",\"logo\":{\"@type\":\"ImageObject\",\"inLanguage\":\"en-US\",\"@id\":\"https:\\\/\\\/tac-lackierzentrum.de\\\/wordpress\\\/#\\\/schema\\\/logo\\\/image\\\/\",\"url\":\"https:\\\/\\\/tac-lackierzentrum.de\\\/wordpress\\\/wp-content\\\/uploads\\\/2020\\\/01\\\/karosseriebau-koeln-tac-lackierzentrum.jpg\",\"contentUrl\":\"https:\\\/\\\/tac-lackierzentrum.de\\\/wordpress\\\/wp-content\\\/uploads\\\/2020\\\/01\\\/karosseriebau-koeln-tac-lackierzentrum.jpg\",\"width\":300,\"height\":223,\"caption\":\"TAC Lackier- Karosseriezentrum\"},\"image\":{\"@id\":\"https:\\\/\\\/tac-lackierzentrum.de\\\/wordpress\\\/#\\\/schema\\\/logo\\\/image\\\/\"}}]}<\/script>\n<!-- \/ Yoast SEO plugin. -->","yoast_head_json":{"title":"Karosseriebauer & Fahrzeugbaumechaniker in K\u00f6ln | TAC Lackierzentrum","description":"Professioneller Karosseriebauer in K\u00f6ln \u27a4 Unfallinstandsetzung auch f\u00fcr historische Fahrzeuge \u2714 Umbauten \u2714 Erneuerungen \u2714 &#9742; 0221-541 605 - Jetzt anrufen!","robots":{"index":"index","follow":"follow","max-snippet":"max-snippet:-1","max-image-preview":"max-image-preview:large","max-video-preview":"max-video-preview:-1"},"canonical":"https:\/\/tac-lackierzentrum.de\/wordpress\/hier-ist-noch-eine-seite\/karosserie\/","og_locale":"en_US","og_type":"article","og_title":"Karosseriebauer & Fahrzeugbaumechaniker in K\u00f6ln | TAC Lackierzentrum","og_description":"Professioneller Karosseriebauer in K\u00f6ln \u27a4 Unfallinstandsetzung auch f\u00fcr historische Fahrzeuge \u2714 Umbauten \u2714 Erneuerungen \u2714 &#9742; 0221-541 605 - Jetzt anrufen!","og_url":"https:\/\/tac-lackierzentrum.de\/wordpress\/hier-ist-noch-eine-seite\/karosserie\/","og_site_name":"TAC Lackier- und Karosseriezentrum - K\u00f6ln","article_modified_time":"2020-04-06T09:58:12+00:00","og_image":[{"url":"https:\/\/tac-lackierzentrum.de\/wordpress\/wp-content\/uploads\/2020\/04\/karosseriebau-koeln-oldtimer.jpg","type":"","width":"","height":""}],"twitter_card":"summary_large_image","twitter_misc":{"Est. reading time":"1 minute"},"schema":{"@context":"https:\/\/schema.org","@graph":[{"@type":"WebPage","@id":"https:\/\/tac-lackierzentrum.de\/wordpress\/hier-ist-noch-eine-seite\/karosserie\/","url":"https:\/\/tac-lackierzentrum.de\/wordpress\/hier-ist-noch-eine-seite\/karosserie\/","name":"Karosseriebauer & Fahrzeugbaumechaniker in K\u00f6ln | TAC Lackierzentrum","isPartOf":{"@id":"https:\/\/tac-lackierzentrum.de\/wordpress\/#website"},"primaryImageOfPage":{"@id":"https:\/\/tac-lackierzentrum.de\/wordpress\/hier-ist-noch-eine-seite\/karosserie\/#primaryimage"},"image":{"@id":"https:\/\/tac-lackierzentrum.de\/wordpress\/hier-ist-noch-eine-seite\/karosserie\/#primaryimage"},"thumbnailUrl":"https:\/\/tac-lackierzentrum.de\/wordpress\/wp-content\/uploads\/2020\/04\/karosseriebau-koeln-oldtimer.jpg","datePublished":"2014-08-24T14:36:46+00:00","dateModified":"2020-04-06T09:58:12+00:00","description":"Professioneller Karosseriebauer in K\u00f6ln \u27a4 Unfallinstandsetzung auch f\u00fcr historische Fahrzeuge \u2714 Umbauten \u2714 Erneuerungen \u2714 &#9742; 0221-541 605 - Jetzt anrufen!","breadcrumb":{"@id":"https:\/\/tac-lackierzentrum.de\/wordpress\/hier-ist-noch-eine-seite\/karosserie\/#breadcrumb"},"inLanguage":"en-US","potentialAction":[{"@type":"ReadAction","target":["https:\/\/tac-lackierzentrum.de\/wordpress\/hier-ist-noch-eine-seite\/karosserie\/"]}]},{"@type":"ImageObject","inLanguage":"en-US","@id":"https:\/\/tac-lackierzentrum.de\/wordpress\/hier-ist-noch-eine-seite\/karosserie\/#primaryimage","url":"https:\/\/tac-lackierzentrum.de\/wordpress\/wp-content\/uploads\/2020\/04\/karosseriebau-koeln-oldtimer.jpg","contentUrl":"https:\/\/tac-lackierzentrum.de\/wordpress\/wp-content\/uploads\/2020\/04\/karosseriebau-koeln-oldtimer.jpg"},{"@type":"BreadcrumbList","@id":"https:\/\/tac-lackierzentrum.de\/wordpress\/hier-ist-noch-eine-seite\/karosserie\/#breadcrumb","itemListElement":[{"@type":"ListItem","position":1,"name":"Home","item":"https:\/\/tac-lackierzentrum.de\/wordpress\/"},{"@type":"ListItem","position":2,"name":"Service","item":"https:\/\/tac-lackierzentrum.de\/wordpress\/hier-ist-noch-eine-seite\/"},{"@type":"ListItem","position":3,"name":"Karosserie"}]},{"@type":"WebSite","@id":"https:\/\/tac-lackierzentrum.de\/wordpress\/#website","url":"https:\/\/tac-lackierzentrum.de\/wordpress\/","name":"TAC Lackier- und Karosseriezentrum - K\u00f6ln","description":"TAC Lackier- und Karosseriezentrum k\u00fcmmert sich schnell und kompetent um Ihr Fahrzeug.","publisher":{"@id":"https:\/\/tac-lackierzentrum.de\/wordpress\/#organization"},"potentialAction":[{"@type":"SearchAction","target":{"@type":"EntryPoint","urlTemplate":"https:\/\/tac-lackierzentrum.de\/wordpress\/?s={search_term_string}"},"query-input":{"@type":"PropertyValueSpecification","valueRequired":true,"valueName":"search_term_string"}}],"inLanguage":"en-US"},{"@type":"Organization","@id":"https:\/\/tac-lackierzentrum.de\/wordpress\/#organization","name":"TAC Lackier- Karosseriezentrum","url":"https:\/\/tac-lackierzentrum.de\/wordpress\/","logo":{"@type":"ImageObject","inLanguage":"en-US","@id":"https:\/\/tac-lackierzentrum.de\/wordpress\/#\/schema\/logo\/image\/","url":"https:\/\/tac-lackierzentrum.de\/wordpress\/wp-content\/uploads\/2020\/01\/karosseriebau-koeln-tac-lackierzentrum.jpg","contentUrl":"https:\/\/tac-lackierzentrum.de\/wordpress\/wp-content\/uploads\/2020\/01\/karosseriebau-koeln-tac-lackierzentrum.jpg","width":300,"height":223,"caption":"TAC Lackier- Karosseriezentrum"},"image":{"@id":"https:\/\/tac-lackierzentrum.de\/wordpress\/#\/schema\/logo\/image\/"}}]}},"_links":{"self":[{"href":"https:\/\/tac-lackierzentrum.de\/wordpress\/wp-json\/wp\/v2\/pages\/47","targetHints":{"allow":["GET"]}}],"collection":[{"href":"https:\/\/tac-lackierzentrum.de\/wordpress\/wp-json\/wp\/v2\/pages"}],"about":[{"href":"https:\/\/tac-lackierzentrum.de\/wordpress\/wp-json\/wp\/v2\/types\/page"}],"author":[{"embeddable":true,"href":"https:\/\/tac-lackierzentrum.de\/wordpress\/wp-json\/wp\/v2\/users\/1"}],"replies":[{"embeddable":true,"href":"https:\/\/tac-lackierzentrum.de\/wordpress\/wp-json\/wp\/v2\/comments?post=47"}],"version-history":[{"count":12,"href":"https:\/\/tac-lackierzentrum.de\/wordpress\/wp-json\/wp\/v2\/pages\/47\/revisions"}],"predecessor-version":[{"id":2426,"href":"https:\/\/tac-lackierzentrum.de\/wordpress\/wp-json\/wp\/v2\/pages\/47\/revisions\/2426"}],"up":[{"embeddable":true,"href":"https:\/\/tac-lackierzentrum.de\/wordpress\/wp-json\/wp\/v2\/pages\/21"}],"wp:attachment":[{"href":"https:\/\/tac-lackierzentrum.de\/wordpress\/wp-json\/wp\/v2\/media?parent=47"}],"wp:term":[{"taxonomy":"post_tag","embeddable":true,"href":"https:\/\/tac-lackierzentrum.de\/wordpress\/wp-json\/wp\/v2\/tags?post=47"}],"curies":[{"name":"wp","href":"https:\/\/api.w.org\/{rel}","templated":true}]}}