{"id":45,"date":"2014-08-24T16:36:33","date_gmt":"2014-08-24T14:36:33","guid":{"rendered":"http:\/\/tac-lackierzentrum.de\/wordpress\/?page_id=45"},"modified":"2020-02-28T13:55:08","modified_gmt":"2020-02-28T11:55:08","slug":"leistungen","status":"publish","type":"page","link":"https:\/\/tac-lackierzentrum.de\/wordpress\/hier-ist-noch-eine-seite\/leistungen\/","title":{"rendered":"Leistungen"},"content":{"rendered":"<ul>\n<li>Zertifizierter Fachbetrieb f\u00fcr die <a href=\"https:\/\/tac-lackierzentrum.de\/wordpress\/galerie\/karosserie\/\">historische Karosserieinstandsetzung<\/a> durch den Zentralverband Karosserie- und Fahrzeugtechnik<\/li>\n<li>Zertifikat der Dekra im Bereich der Betriebsausstattung und Arbeitsqualit\u00e4t &#8220;Werkstattpr\u00fcfung f\u00fcr <a href=\"https:\/\/tac-lackierzentrum.de\/wordpress\/\">Karosserie- und Lackierfachbetriebe<\/a>&#8220;<\/li>\n<li>Fachgerechte Reparaturen von <a href=\"https:\/\/tac-lackierzentrum.de\/wordpress\/hier-ist-noch-eine-seite\/karosserie\/\">Karosseriesch\u00e4den<\/a> durch Einsatz von geschultem Personal<\/li>\n<li>sofortige Reparaturkostenermittlung gest\u00fctzt auf DAT EDV-Kalkulationsprogramm<\/li>\n<li>24 Stunden Erreichbarkeit und Abschleppservice<\/li>\n<li>Leih- und Kundenersatzwagen<\/li>\n<li>Versicherungsabwicklung<\/li>\n<li>Hol- und Bringservice<\/li>\n<li>Expressreparaturen von Kleinstsch\u00e4den<\/li>\n<li>3 Jahre Garantie<!--more--><\/li>\n<\/ul>\n","protected":false},"excerpt":{"rendered":"<p>Zertifizierter Fachbetrieb f\u00fcr die historische Karosserieinstandsetzung durch den Zentralverband Karosserie- und Fahrzeugtechnik Zertifikat der Dekra im Bereich der Betriebsausstattung und Arbeitsqualit\u00e4t &#8220;Werkstattpr\u00fcfung f\u00fcr Karosserie- und Lackierfachbetriebe&#8220; Fachgerechte Reparaturen von Karosseriesch\u00e4den durch Einsatz von geschultem Personal sofortige Reparaturkostenermittlung gest\u00fctzt auf DAT EDV-Kalkulationsprogramm 24 Stunden Erreichbarkeit und Abschleppservice Leih- und Kundenersatzwagen Versicherungsabwicklung Hol- und Bringservice Expressreparaturen von [&hellip;]<\/p>\n","protected":false},"author":1,"featured_media":0,"parent":21,"menu_order":0,"comment_status":"closed","ping_status":"closed","template":"","meta":{"footnotes":""},"tags":[],"class_list":["post-45","page","type-page","status-publish","hentry"],"yoast_head":"<!-- This site is optimized with the Yoast SEO plugin v27.5 - https:\/\/yoast.com\/product\/yoast-seo-wordpress\/ -->\n<title>Leistungen - TAC Lackier- und Karosseriezentrum - K\u00f6ln<\/title>\n<meta name=\"robots\" content=\"index, follow, max-snippet:-1, max-image-preview:large, max-video-preview:-1\" \/>\n<link rel=\"canonical\" href=\"https:\/\/tac-lackierzentrum.de\/wordpress\/hier-ist-noch-eine-seite\/leistungen\/\" \/>\n<meta property=\"og:locale\" content=\"en_US\" \/>\n<meta property=\"og:type\" content=\"article\" \/>\n<meta property=\"og:title\" content=\"Leistungen - TAC Lackier- und Karosseriezentrum - K\u00f6ln\" \/>\n<meta property=\"og:description\" content=\"Zertifizierter Fachbetrieb f\u00fcr die historische Karosserieinstandsetzung durch den Zentralverband Karosserie- und Fahrzeugtechnik Zertifikat der Dekra im Bereich der Betriebsausstattung und Arbeitsqualit\u00e4t &#8220;Werkstattpr\u00fcfung f\u00fcr Karosserie- und Lackierfachbetriebe&#8220; Fachgerechte Reparaturen von Karosseriesch\u00e4den durch Einsatz von geschultem Personal sofortige Reparaturkostenermittlung gest\u00fctzt auf DAT EDV-Kalkulationsprogramm 24 Stunden Erreichbarkeit und Abschleppservice Leih- und Kundenersatzwagen Versicherungsabwicklung Hol- und Bringservice Expressreparaturen von [&hellip;]\" \/>\n<meta property=\"og:url\" content=\"https:\/\/tac-lackierzentrum.de\/wordpress\/hier-ist-noch-eine-seite\/leistungen\/\" \/>\n<meta property=\"og:site_name\" content=\"TAC Lackier- und Karosseriezentrum - K\u00f6ln\" \/>\n<meta property=\"article:modified_time\" content=\"2020-02-28T11:55:08+00:00\" \/>\n<meta name=\"twitter:card\" content=\"summary_large_image\" \/>\n<script type=\"application\/ld+json\" class=\"yoast-schema-graph\">{\"@context\":\"https:\\\/\\\/schema.org\",\"@graph\":[{\"@type\":\"WebPage\",\"@id\":\"https:\\\/\\\/tac-lackierzentrum.de\\\/wordpress\\\/hier-ist-noch-eine-seite\\\/leistungen\\\/\",\"url\":\"https:\\\/\\\/tac-lackierzentrum.de\\\/wordpress\\\/hier-ist-noch-eine-seite\\\/leistungen\\\/\",\"name\":\"Leistungen - TAC Lackier- und Karosseriezentrum - K\u00f6ln\",\"isPartOf\":{\"@id\":\"https:\\\/\\\/tac-lackierzentrum.de\\\/wordpress\\\/#website\"},\"datePublished\":\"2014-08-24T14:36:33+00:00\",\"dateModified\":\"2020-02-28T11:55:08+00:00\",\"breadcrumb\":{\"@id\":\"https:\\\/\\\/tac-lackierzentrum.de\\\/wordpress\\\/hier-ist-noch-eine-seite\\\/leistungen\\\/#breadcrumb\"},\"inLanguage\":\"en-US\",\"potentialAction\":[{\"@type\":\"ReadAction\",\"target\":[\"https:\\\/\\\/tac-lackierzentrum.de\\\/wordpress\\\/hier-ist-noch-eine-seite\\\/leistungen\\\/\"]}]},{\"@type\":\"BreadcrumbList\",\"@id\":\"https:\\\/\\\/tac-lackierzentrum.de\\\/wordpress\\\/hier-ist-noch-eine-seite\\\/leistungen\\\/#breadcrumb\",\"itemListElement\":[{\"@type\":\"ListItem\",\"position\":1,\"name\":\"Home\",\"item\":\"https:\\\/\\\/tac-lackierzentrum.de\\\/wordpress\\\/\"},{\"@type\":\"ListItem\",\"position\":2,\"name\":\"Service\",\"item\":\"https:\\\/\\\/tac-lackierzentrum.de\\\/wordpress\\\/hier-ist-noch-eine-seite\\\/\"},{\"@type\":\"ListItem\",\"position\":3,\"name\":\"Leistungen\"}]},{\"@type\":\"WebSite\",\"@id\":\"https:\\\/\\\/tac-lackierzentrum.de\\\/wordpress\\\/#website\",\"url\":\"https:\\\/\\\/tac-lackierzentrum.de\\\/wordpress\\\/\",\"name\":\"TAC Lackier- und Karosseriezentrum - K\u00f6ln\",\"description\":\"TAC Lackier- und Karosseriezentrum k\u00fcmmert sich schnell und kompetent um Ihr Fahrzeug.\",\"publisher\":{\"@id\":\"https:\\\/\\\/tac-lackierzentrum.de\\\/wordpress\\\/#organization\"},\"potentialAction\":[{\"@type\":\"SearchAction\",\"target\":{\"@type\":\"EntryPoint\",\"urlTemplate\":\"https:\\\/\\\/tac-lackierzentrum.de\\\/wordpress\\\/?s={search_term_string}\"},\"query-input\":{\"@type\":\"PropertyValueSpecification\",\"valueRequired\":true,\"valueName\":\"search_term_string\"}}],\"inLanguage\":\"en-US\"},{\"@type\":\"Organization\",\"@id\":\"https:\\\/\\\/tac-lackierzentrum.de\\\/wordpress\\\/#organization\",\"name\":\"TAC Lackier- Karosseriezentrum\",\"url\":\"https:\\\/\\\/tac-lackierzentrum.de\\\/wordpress\\\/\",\"logo\":{\"@type\":\"ImageObject\",\"inLanguage\":\"en-US\",\"@id\":\"https:\\\/\\\/tac-lackierzentrum.de\\\/wordpress\\\/#\\\/schema\\\/logo\\\/image\\\/\",\"url\":\"https:\\\/\\\/tac-lackierzentrum.de\\\/wordpress\\\/wp-content\\\/uploads\\\/2020\\\/01\\\/karosseriebau-koeln-tac-lackierzentrum.jpg\",\"contentUrl\":\"https:\\\/\\\/tac-lackierzentrum.de\\\/wordpress\\\/wp-content\\\/uploads\\\/2020\\\/01\\\/karosseriebau-koeln-tac-lackierzentrum.jpg\",\"width\":300,\"height\":223,\"caption\":\"TAC Lackier- Karosseriezentrum\"},\"image\":{\"@id\":\"https:\\\/\\\/tac-lackierzentrum.de\\\/wordpress\\\/#\\\/schema\\\/logo\\\/image\\\/\"}}]}<\/script>\n<!-- \/ Yoast SEO plugin. -->","yoast_head_json":{"title":"Leistungen - TAC Lackier- und Karosseriezentrum - K\u00f6ln","robots":{"index":"index","follow":"follow","max-snippet":"max-snippet:-1","max-image-preview":"max-image-preview:large","max-video-preview":"max-video-preview:-1"},"canonical":"https:\/\/tac-lackierzentrum.de\/wordpress\/hier-ist-noch-eine-seite\/leistungen\/","og_locale":"en_US","og_type":"article","og_title":"Leistungen - TAC Lackier- und Karosseriezentrum - K\u00f6ln","og_description":"Zertifizierter Fachbetrieb f\u00fcr die historische Karosserieinstandsetzung durch den Zentralverband Karosserie- und Fahrzeugtechnik Zertifikat der Dekra im Bereich der Betriebsausstattung und Arbeitsqualit\u00e4t &#8220;Werkstattpr\u00fcfung f\u00fcr Karosserie- und Lackierfachbetriebe&#8220; Fachgerechte Reparaturen von Karosseriesch\u00e4den durch Einsatz von geschultem Personal sofortige Reparaturkostenermittlung gest\u00fctzt auf DAT EDV-Kalkulationsprogramm 24 Stunden Erreichbarkeit und Abschleppservice Leih- und Kundenersatzwagen Versicherungsabwicklung Hol- und Bringservice Expressreparaturen von [&hellip;]","og_url":"https:\/\/tac-lackierzentrum.de\/wordpress\/hier-ist-noch-eine-seite\/leistungen\/","og_site_name":"TAC Lackier- und Karosseriezentrum - K\u00f6ln","article_modified_time":"2020-02-28T11:55:08+00:00","twitter_card":"summary_large_image","schema":{"@context":"https:\/\/schema.org","@graph":[{"@type":"WebPage","@id":"https:\/\/tac-lackierzentrum.de\/wordpress\/hier-ist-noch-eine-seite\/leistungen\/","url":"https:\/\/tac-lackierzentrum.de\/wordpress\/hier-ist-noch-eine-seite\/leistungen\/","name":"Leistungen - TAC Lackier- und Karosseriezentrum - K\u00f6ln","isPartOf":{"@id":"https:\/\/tac-lackierzentrum.de\/wordpress\/#website"},"datePublished":"2014-08-24T14:36:33+00:00","dateModified":"2020-02-28T11:55:08+00:00","breadcrumb":{"@id":"https:\/\/tac-lackierzentrum.de\/wordpress\/hier-ist-noch-eine-seite\/leistungen\/#breadcrumb"},"inLanguage":"en-US","potentialAction":[{"@type":"ReadAction","target":["https:\/\/tac-lackierzentrum.de\/wordpress\/hier-ist-noch-eine-seite\/leistungen\/"]}]},{"@type":"BreadcrumbList","@id":"https:\/\/tac-lackierzentrum.de\/wordpress\/hier-ist-noch-eine-seite\/leistungen\/#breadcrumb","itemListElement":[{"@type":"ListItem","position":1,"name":"Home","item":"https:\/\/tac-lackierzentrum.de\/wordpress\/"},{"@type":"ListItem","position":2,"name":"Service","item":"https:\/\/tac-lackierzentrum.de\/wordpress\/hier-ist-noch-eine-seite\/"},{"@type":"ListItem","position":3,"name":"Leistungen"}]},{"@type":"WebSite","@id":"https:\/\/tac-lackierzentrum.de\/wordpress\/#website","url":"https:\/\/tac-lackierzentrum.de\/wordpress\/","name":"TAC Lackier- und Karosseriezentrum - K\u00f6ln","description":"TAC Lackier- und Karosseriezentrum k\u00fcmmert sich schnell und kompetent um Ihr Fahrzeug.","publisher":{"@id":"https:\/\/tac-lackierzentrum.de\/wordpress\/#organization"},"potentialAction":[{"@type":"SearchAction","target":{"@type":"EntryPoint","urlTemplate":"https:\/\/tac-lackierzentrum.de\/wordpress\/?s={search_term_string}"},"query-input":{"@type":"PropertyValueSpecification","valueRequired":true,"valueName":"search_term_string"}}],"inLanguage":"en-US"},{"@type":"Organization","@id":"https:\/\/tac-lackierzentrum.de\/wordpress\/#organization","name":"TAC Lackier- Karosseriezentrum","url":"https:\/\/tac-lackierzentrum.de\/wordpress\/","logo":{"@type":"ImageObject","inLanguage":"en-US","@id":"https:\/\/tac-lackierzentrum.de\/wordpress\/#\/schema\/logo\/image\/","url":"https:\/\/tac-lackierzentrum.de\/wordpress\/wp-content\/uploads\/2020\/01\/karosseriebau-koeln-tac-lackierzentrum.jpg","contentUrl":"https:\/\/tac-lackierzentrum.de\/wordpress\/wp-content\/uploads\/2020\/01\/karosseriebau-koeln-tac-lackierzentrum.jpg","width":300,"height":223,"caption":"TAC Lackier- Karosseriezentrum"},"image":{"@id":"https:\/\/tac-lackierzentrum.de\/wordpress\/#\/schema\/logo\/image\/"}}]}},"_links":{"self":[{"href":"https:\/\/tac-lackierzentrum.de\/wordpress\/wp-json\/wp\/v2\/pages\/45","targetHints":{"allow":["GET"]}}],"collection":[{"href":"https:\/\/tac-lackierzentrum.de\/wordpress\/wp-json\/wp\/v2\/pages"}],"about":[{"href":"https:\/\/tac-lackierzentrum.de\/wordpress\/wp-json\/wp\/v2\/types\/page"}],"author":[{"embeddable":true,"href":"https:\/\/tac-lackierzentrum.de\/wordpress\/wp-json\/wp\/v2\/users\/1"}],"replies":[{"embeddable":true,"href":"https:\/\/tac-lackierzentrum.de\/wordpress\/wp-json\/wp\/v2\/comments?post=45"}],"version-history":[{"count":9,"href":"https:\/\/tac-lackierzentrum.de\/wordpress\/wp-json\/wp\/v2\/pages\/45\/revisions"}],"predecessor-version":[{"id":2412,"href":"https:\/\/tac-lackierzentrum.de\/wordpress\/wp-json\/wp\/v2\/pages\/45\/revisions\/2412"}],"up":[{"embeddable":true,"href":"https:\/\/tac-lackierzentrum.de\/wordpress\/wp-json\/wp\/v2\/pages\/21"}],"wp:attachment":[{"href":"https:\/\/tac-lackierzentrum.de\/wordpress\/wp-json\/wp\/v2\/media?parent=45"}],"wp:term":[{"taxonomy":"post_tag","embeddable":true,"href":"https:\/\/tac-lackierzentrum.de\/wordpress\/wp-json\/wp\/v2\/tags?post=45"}],"curies":[{"name":"wp","href":"https:\/\/api.w.org\/{rel}","templated":true}]}}