{"id":269,"date":"2014-08-28T19:56:34","date_gmt":"2014-08-28T17:56:34","guid":{"rendered":"http:\/\/tac-lackierzentrum.de\/wordpress\/?page_id=269"},"modified":"2020-02-28T12:36:02","modified_gmt":"2020-02-28T10:36:02","slug":"alfa-romeo-giulia-gtc-baujahr-1965","status":"publish","type":"page","link":"https:\/\/tac-lackierzentrum.de\/wordpress\/galerie\/karosserie\/alfa-romeo-giulia-gtc-baujahr-1965\/","title":{"rendered":"Alfa Romeo Giulia GTC 1965"},"content":{"rendered":"<p>Dieses Fahrzeug wurde nur in einer geringen Menge\u00a0von 1000 St\u00fcck bei\u00a0Alfa Romeo von 1964 bis 1966 bei der Firma Touring hergestellt.\u00a0Davon kamen 800 St\u00fcck als Linkslenker und 200 Fahrzeuge als Rechtslenker auf den Markt.<\/p>\n<p>Das Fahrzeug ist momentan im Ursprungszustand.<\/p>\n<p>Das Fahrzeug wurde demontiert angeliefert und zun\u00e4chst sandgestrahlt, um das ganze Ausma\u00df der Besch\u00e4digungen festzustellen zu k\u00f6nnen.<\/p>\n<p>Danach wurde ein Zustandsbericht der Karosserie angefertigt und eine erste Kalkulation f\u00fcr die <a href=\"https:\/\/tac-lackierzentrum.de\/wordpress\/hier-ist-noch-eine-seite\/karosserie\/\">Instandsetzung der Karosserie<\/a> erstellt.<\/p>\n<div id=\"maxgallery-258\" class=\"mg-image-tiles standard\">\t<div class=\"mg-thumbs mg-fivecol\">\t\t<ul><li>\t<a class='lightbox-258' href='https:\/\/tac-lackierzentrum.de\/wordpress\/wp-content\/uploads\/2014\/08\/Jaguar-Alfa-Old.-0331.jpg'  title='' aria-haspopup='dialog'  >\t\t<div class=\"\"><img loading=\"lazy\" decoding=\"async\" class=\"\" src=\"https:\/\/tac-lackierzentrum.de\/wordpress\/wp-content\/uploads\/2014\/08\/Jaguar-Alfa-Old.-0331-200x200.jpg\" width=\"200\" height=\"200\" alt=\"\" title=\"Jaguar \" \/>\t\t<\/div>\t<\/a><\/li><li>\t<a class='lightbox-258' href='https:\/\/tac-lackierzentrum.de\/wordpress\/wp-content\/uploads\/2014\/08\/Jaguar-Alfa-Old.-0341.jpg'  title='' aria-haspopup='dialog'  >\t\t<div class=\"\"><img loading=\"lazy\" decoding=\"async\" class=\"\" src=\"https:\/\/tac-lackierzentrum.de\/wordpress\/wp-content\/uploads\/2014\/08\/Jaguar-Alfa-Old.-0341-200x200.jpg\" width=\"200\" height=\"200\" alt=\"\" title=\"Jaguar \" \/>\t\t<\/div>\t<\/a><\/li><li>\t<a class='lightbox-258' href='https:\/\/tac-lackierzentrum.de\/wordpress\/wp-content\/uploads\/2014\/08\/Jaguar-Alfa-Old.-03711.jpg'  title='' aria-haspopup='dialog'  >\t\t<div class=\"\"><img loading=\"lazy\" decoding=\"async\" class=\"\" src=\"https:\/\/tac-lackierzentrum.de\/wordpress\/wp-content\/uploads\/2014\/08\/Jaguar-Alfa-Old.-03711-200x200.jpg\" width=\"200\" height=\"200\" alt=\"\" title=\"Jaguar \" \/>\t\t<\/div>\t<\/a><\/li><li>\t<a class='lightbox-258' href='https:\/\/tac-lackierzentrum.de\/wordpress\/wp-content\/uploads\/2014\/08\/Jaguar-Alfa-Old.-0381.jpg'  title='' aria-haspopup='dialog'  >\t\t<div class=\"\"><img loading=\"lazy\" decoding=\"async\" class=\"\" src=\"https:\/\/tac-lackierzentrum.de\/wordpress\/wp-content\/uploads\/2014\/08\/Jaguar-Alfa-Old.-0381-200x200.jpg\" width=\"200\" height=\"200\" alt=\"\" title=\"Jaguar \" \/>\t\t<\/div>\t<\/a><\/li><li>\t<a class='lightbox-258' href='https:\/\/tac-lackierzentrum.de\/wordpress\/wp-content\/uploads\/2014\/08\/Jaguar-Alfa-Old.-0391.jpg'  title='' aria-haspopup='dialog'  >\t\t<div class=\"\"><img loading=\"lazy\" decoding=\"async\" class=\"\" src=\"https:\/\/tac-lackierzentrum.de\/wordpress\/wp-content\/uploads\/2014\/08\/Jaguar-Alfa-Old.-0391-200x200.jpg\" width=\"200\" height=\"200\" alt=\"\" title=\"Jaguar \" \/>\t\t<\/div>\t<\/a><\/li>\t\t<\/ul>\t\t<div class=\"clear\"><\/div>\t<\/div>\t<span style=\"display: none;\" class=\"hidden-image-tiles-gallery-id\">258<\/span>\t<span style=\"display: none;\" class=\"hidden-lightbox-skin\"><\/span>\t<span style=\"display: none;\" class=\"hidden-lightbox-effect\"><\/span>\t<span style=\"display: none;\" class=\"hidden-lightbox-kb-nav\">false<\/span>\t<span style=\"display: none;\" class=\"hidden-lightbox-img-click-close\">false<\/span>\t<span style=\"display: none;\" class=\"hidden-lightbox-ol-click-close\">false<\/span>\t<span style=\"display: none;\" class=\"hidden-lightbox-close-tip-text\"><\/span>\t<span style=\"display: none;\" class=\"hidden-lightbox-next-tip-text\"><\/span>\t<span style=\"display: none;\" class=\"hidden-lightbox-prev-tip-text\"><\/span>\t<span style=\"display: none;\" class=\"hidden-lightbox-error-tip-text\"><\/span><\/div>\n","protected":false},"excerpt":{"rendered":"<p>Dieses Fahrzeug wurde nur in einer geringen Menge\u00a0von 1000 St\u00fcck bei\u00a0Alfa Romeo von 1964 bis 1966 bei der Firma Touring hergestellt.\u00a0Davon kamen 800 St\u00fcck als Linkslenker und 200 Fahrzeuge als Rechtslenker auf den Markt. Das Fahrzeug ist momentan im Ursprungszustand. Das Fahrzeug wurde demontiert angeliefert und zun\u00e4chst sandgestrahlt, um das ganze Ausma\u00df der Besch\u00e4digungen festzustellen [&hellip;]<\/p>\n","protected":false},"author":1,"featured_media":0,"parent":17,"menu_order":0,"comment_status":"closed","ping_status":"closed","template":"","meta":{"footnotes":""},"tags":[],"class_list":["post-269","page","type-page","status-publish","hentry"],"yoast_head":"<!-- This site is optimized with the Yoast SEO plugin v27.3 - https:\/\/yoast.com\/product\/yoast-seo-wordpress\/ -->\n<title>Alfa Romeo Giulia GTC 1965 - TAC Lackier- und Karosseriezentrum - K\u00f6ln<\/title>\n<meta name=\"robots\" content=\"index, follow, max-snippet:-1, max-image-preview:large, max-video-preview:-1\" \/>\n<link rel=\"canonical\" href=\"https:\/\/tac-lackierzentrum.de\/wordpress\/galerie\/karosserie\/alfa-romeo-giulia-gtc-baujahr-1965\/\" \/>\n<meta property=\"og:locale\" content=\"en_US\" \/>\n<meta property=\"og:type\" content=\"article\" \/>\n<meta property=\"og:title\" content=\"Alfa Romeo Giulia GTC 1965 - TAC Lackier- und Karosseriezentrum - K\u00f6ln\" \/>\n<meta property=\"og:description\" content=\"Dieses Fahrzeug wurde nur in einer geringen Menge\u00a0von 1000 St\u00fcck bei\u00a0Alfa Romeo von 1964 bis 1966 bei der Firma Touring hergestellt.\u00a0Davon kamen 800 St\u00fcck als Linkslenker und 200 Fahrzeuge als Rechtslenker auf den Markt. Das Fahrzeug ist momentan im Ursprungszustand. Das Fahrzeug wurde demontiert angeliefert und zun\u00e4chst sandgestrahlt, um das ganze Ausma\u00df der Besch\u00e4digungen festzustellen [&hellip;]\" \/>\n<meta property=\"og:url\" content=\"https:\/\/tac-lackierzentrum.de\/wordpress\/galerie\/karosserie\/alfa-romeo-giulia-gtc-baujahr-1965\/\" \/>\n<meta property=\"og:site_name\" content=\"TAC Lackier- und Karosseriezentrum - K\u00f6ln\" \/>\n<meta property=\"article:modified_time\" content=\"2020-02-28T10:36:02+00:00\" \/>\n<meta name=\"twitter:card\" content=\"summary_large_image\" \/>\n<script type=\"application\/ld+json\" class=\"yoast-schema-graph\">{\"@context\":\"https:\\\/\\\/schema.org\",\"@graph\":[{\"@type\":\"WebPage\",\"@id\":\"https:\\\/\\\/tac-lackierzentrum.de\\\/wordpress\\\/galerie\\\/karosserie\\\/alfa-romeo-giulia-gtc-baujahr-1965\\\/\",\"url\":\"https:\\\/\\\/tac-lackierzentrum.de\\\/wordpress\\\/galerie\\\/karosserie\\\/alfa-romeo-giulia-gtc-baujahr-1965\\\/\",\"name\":\"Alfa Romeo Giulia GTC 1965 - TAC Lackier- und Karosseriezentrum - K\u00f6ln\",\"isPartOf\":{\"@id\":\"https:\\\/\\\/tac-lackierzentrum.de\\\/wordpress\\\/#website\"},\"datePublished\":\"2014-08-28T17:56:34+00:00\",\"dateModified\":\"2020-02-28T10:36:02+00:00\",\"breadcrumb\":{\"@id\":\"https:\\\/\\\/tac-lackierzentrum.de\\\/wordpress\\\/galerie\\\/karosserie\\\/alfa-romeo-giulia-gtc-baujahr-1965\\\/#breadcrumb\"},\"inLanguage\":\"en-US\",\"potentialAction\":[{\"@type\":\"ReadAction\",\"target\":[\"https:\\\/\\\/tac-lackierzentrum.de\\\/wordpress\\\/galerie\\\/karosserie\\\/alfa-romeo-giulia-gtc-baujahr-1965\\\/\"]}]},{\"@type\":\"BreadcrumbList\",\"@id\":\"https:\\\/\\\/tac-lackierzentrum.de\\\/wordpress\\\/galerie\\\/karosserie\\\/alfa-romeo-giulia-gtc-baujahr-1965\\\/#breadcrumb\",\"itemListElement\":[{\"@type\":\"ListItem\",\"position\":1,\"name\":\"Home\",\"item\":\"https:\\\/\\\/tac-lackierzentrum.de\\\/wordpress\\\/\"},{\"@type\":\"ListItem\",\"position\":2,\"name\":\"Galerie\",\"item\":\"https:\\\/\\\/tac-lackierzentrum.de\\\/wordpress\\\/galerie\\\/\"},{\"@type\":\"ListItem\",\"position\":3,\"name\":\"Historische Fahrzeuge\",\"item\":\"https:\\\/\\\/tac-lackierzentrum.de\\\/wordpress\\\/galerie\\\/karosserie\\\/\"},{\"@type\":\"ListItem\",\"position\":4,\"name\":\"Alfa Romeo Giulia GTC 1965\"}]},{\"@type\":\"WebSite\",\"@id\":\"https:\\\/\\\/tac-lackierzentrum.de\\\/wordpress\\\/#website\",\"url\":\"https:\\\/\\\/tac-lackierzentrum.de\\\/wordpress\\\/\",\"name\":\"TAC Lackier- und Karosseriezentrum - K\u00f6ln\",\"description\":\"TAC Lackier- und Karosseriezentrum k\u00fcmmert sich schnell und kompetent um Ihr Fahrzeug.\",\"publisher\":{\"@id\":\"https:\\\/\\\/tac-lackierzentrum.de\\\/wordpress\\\/#organization\"},\"potentialAction\":[{\"@type\":\"SearchAction\",\"target\":{\"@type\":\"EntryPoint\",\"urlTemplate\":\"https:\\\/\\\/tac-lackierzentrum.de\\\/wordpress\\\/?s={search_term_string}\"},\"query-input\":{\"@type\":\"PropertyValueSpecification\",\"valueRequired\":true,\"valueName\":\"search_term_string\"}}],\"inLanguage\":\"en-US\"},{\"@type\":\"Organization\",\"@id\":\"https:\\\/\\\/tac-lackierzentrum.de\\\/wordpress\\\/#organization\",\"name\":\"TAC Lackier- Karosseriezentrum\",\"url\":\"https:\\\/\\\/tac-lackierzentrum.de\\\/wordpress\\\/\",\"logo\":{\"@type\":\"ImageObject\",\"inLanguage\":\"en-US\",\"@id\":\"https:\\\/\\\/tac-lackierzentrum.de\\\/wordpress\\\/#\\\/schema\\\/logo\\\/image\\\/\",\"url\":\"https:\\\/\\\/tac-lackierzentrum.de\\\/wordpress\\\/wp-content\\\/uploads\\\/2020\\\/01\\\/karosseriebau-koeln-tac-lackierzentrum.jpg\",\"contentUrl\":\"https:\\\/\\\/tac-lackierzentrum.de\\\/wordpress\\\/wp-content\\\/uploads\\\/2020\\\/01\\\/karosseriebau-koeln-tac-lackierzentrum.jpg\",\"width\":300,\"height\":223,\"caption\":\"TAC Lackier- Karosseriezentrum\"},\"image\":{\"@id\":\"https:\\\/\\\/tac-lackierzentrum.de\\\/wordpress\\\/#\\\/schema\\\/logo\\\/image\\\/\"}}]}<\/script>\n<!-- \/ Yoast SEO plugin. -->","yoast_head_json":{"title":"Alfa Romeo Giulia GTC 1965 - TAC Lackier- und Karosseriezentrum - K\u00f6ln","robots":{"index":"index","follow":"follow","max-snippet":"max-snippet:-1","max-image-preview":"max-image-preview:large","max-video-preview":"max-video-preview:-1"},"canonical":"https:\/\/tac-lackierzentrum.de\/wordpress\/galerie\/karosserie\/alfa-romeo-giulia-gtc-baujahr-1965\/","og_locale":"en_US","og_type":"article","og_title":"Alfa Romeo Giulia GTC 1965 - TAC Lackier- und Karosseriezentrum - K\u00f6ln","og_description":"Dieses Fahrzeug wurde nur in einer geringen Menge\u00a0von 1000 St\u00fcck bei\u00a0Alfa Romeo von 1964 bis 1966 bei der Firma Touring hergestellt.\u00a0Davon kamen 800 St\u00fcck als Linkslenker und 200 Fahrzeuge als Rechtslenker auf den Markt. Das Fahrzeug ist momentan im Ursprungszustand. Das Fahrzeug wurde demontiert angeliefert und zun\u00e4chst sandgestrahlt, um das ganze Ausma\u00df der Besch\u00e4digungen festzustellen [&hellip;]","og_url":"https:\/\/tac-lackierzentrum.de\/wordpress\/galerie\/karosserie\/alfa-romeo-giulia-gtc-baujahr-1965\/","og_site_name":"TAC Lackier- und Karosseriezentrum - K\u00f6ln","article_modified_time":"2020-02-28T10:36:02+00:00","twitter_card":"summary_large_image","schema":{"@context":"https:\/\/schema.org","@graph":[{"@type":"WebPage","@id":"https:\/\/tac-lackierzentrum.de\/wordpress\/galerie\/karosserie\/alfa-romeo-giulia-gtc-baujahr-1965\/","url":"https:\/\/tac-lackierzentrum.de\/wordpress\/galerie\/karosserie\/alfa-romeo-giulia-gtc-baujahr-1965\/","name":"Alfa Romeo Giulia GTC 1965 - TAC Lackier- und Karosseriezentrum - K\u00f6ln","isPartOf":{"@id":"https:\/\/tac-lackierzentrum.de\/wordpress\/#website"},"datePublished":"2014-08-28T17:56:34+00:00","dateModified":"2020-02-28T10:36:02+00:00","breadcrumb":{"@id":"https:\/\/tac-lackierzentrum.de\/wordpress\/galerie\/karosserie\/alfa-romeo-giulia-gtc-baujahr-1965\/#breadcrumb"},"inLanguage":"en-US","potentialAction":[{"@type":"ReadAction","target":["https:\/\/tac-lackierzentrum.de\/wordpress\/galerie\/karosserie\/alfa-romeo-giulia-gtc-baujahr-1965\/"]}]},{"@type":"BreadcrumbList","@id":"https:\/\/tac-lackierzentrum.de\/wordpress\/galerie\/karosserie\/alfa-romeo-giulia-gtc-baujahr-1965\/#breadcrumb","itemListElement":[{"@type":"ListItem","position":1,"name":"Home","item":"https:\/\/tac-lackierzentrum.de\/wordpress\/"},{"@type":"ListItem","position":2,"name":"Galerie","item":"https:\/\/tac-lackierzentrum.de\/wordpress\/galerie\/"},{"@type":"ListItem","position":3,"name":"Historische Fahrzeuge","item":"https:\/\/tac-lackierzentrum.de\/wordpress\/galerie\/karosserie\/"},{"@type":"ListItem","position":4,"name":"Alfa Romeo Giulia GTC 1965"}]},{"@type":"WebSite","@id":"https:\/\/tac-lackierzentrum.de\/wordpress\/#website","url":"https:\/\/tac-lackierzentrum.de\/wordpress\/","name":"TAC Lackier- und Karosseriezentrum - K\u00f6ln","description":"TAC Lackier- und Karosseriezentrum k\u00fcmmert sich schnell und kompetent um Ihr Fahrzeug.","publisher":{"@id":"https:\/\/tac-lackierzentrum.de\/wordpress\/#organization"},"potentialAction":[{"@type":"SearchAction","target":{"@type":"EntryPoint","urlTemplate":"https:\/\/tac-lackierzentrum.de\/wordpress\/?s={search_term_string}"},"query-input":{"@type":"PropertyValueSpecification","valueRequired":true,"valueName":"search_term_string"}}],"inLanguage":"en-US"},{"@type":"Organization","@id":"https:\/\/tac-lackierzentrum.de\/wordpress\/#organization","name":"TAC Lackier- Karosseriezentrum","url":"https:\/\/tac-lackierzentrum.de\/wordpress\/","logo":{"@type":"ImageObject","inLanguage":"en-US","@id":"https:\/\/tac-lackierzentrum.de\/wordpress\/#\/schema\/logo\/image\/","url":"https:\/\/tac-lackierzentrum.de\/wordpress\/wp-content\/uploads\/2020\/01\/karosseriebau-koeln-tac-lackierzentrum.jpg","contentUrl":"https:\/\/tac-lackierzentrum.de\/wordpress\/wp-content\/uploads\/2020\/01\/karosseriebau-koeln-tac-lackierzentrum.jpg","width":300,"height":223,"caption":"TAC Lackier- Karosseriezentrum"},"image":{"@id":"https:\/\/tac-lackierzentrum.de\/wordpress\/#\/schema\/logo\/image\/"}}]}},"_links":{"self":[{"href":"https:\/\/tac-lackierzentrum.de\/wordpress\/wp-json\/wp\/v2\/pages\/269","targetHints":{"allow":["GET"]}}],"collection":[{"href":"https:\/\/tac-lackierzentrum.de\/wordpress\/wp-json\/wp\/v2\/pages"}],"about":[{"href":"https:\/\/tac-lackierzentrum.de\/wordpress\/wp-json\/wp\/v2\/types\/page"}],"author":[{"embeddable":true,"href":"https:\/\/tac-lackierzentrum.de\/wordpress\/wp-json\/wp\/v2\/users\/1"}],"replies":[{"embeddable":true,"href":"https:\/\/tac-lackierzentrum.de\/wordpress\/wp-json\/wp\/v2\/comments?post=269"}],"version-history":[{"count":6,"href":"https:\/\/tac-lackierzentrum.de\/wordpress\/wp-json\/wp\/v2\/pages\/269\/revisions"}],"predecessor-version":[{"id":2398,"href":"https:\/\/tac-lackierzentrum.de\/wordpress\/wp-json\/wp\/v2\/pages\/269\/revisions\/2398"}],"up":[{"embeddable":true,"href":"https:\/\/tac-lackierzentrum.de\/wordpress\/wp-json\/wp\/v2\/pages\/17"}],"wp:attachment":[{"href":"https:\/\/tac-lackierzentrum.de\/wordpress\/wp-json\/wp\/v2\/media?parent=269"}],"wp:term":[{"taxonomy":"post_tag","embeddable":true,"href":"https:\/\/tac-lackierzentrum.de\/wordpress\/wp-json\/wp\/v2\/tags?post=269"}],"curies":[{"name":"wp","href":"https:\/\/api.w.org\/{rel}","templated":true}]}}