{"id":26,"date":"2014-08-23T13:09:58","date_gmt":"2014-08-23T11:09:58","guid":{"rendered":"http:\/\/tac-lackierzentrum.de\/wordpress\/?page_id=26"},"modified":"2015-03-09T19:43:12","modified_gmt":"2015-03-09T17:43:12","slug":"mercedes-280-se-3-5","status":"publish","type":"page","link":"https:\/\/tac-lackierzentrum.de\/wordpress\/galerie\/karosserie\/mercedes-280-se-3-5\/","title":{"rendered":"Mercedes 280 SE 3.5 Cabrio Typ 111"},"content":{"rendered":"<p>Das Fahrzeug Baujahr 1970 mit Vollausstattung in amerikanischer Ausf\u00fchrung wurde komplett demontiert. Karosseriesch\u00e4den wurden beseitigt und es erfolgte ein Umbau bzw. R\u00fcckbau auf die deutsche Ausf\u00fchrung. Der Farbton Dunkelblau wurde innen und au\u00dfen fachgerecht entfernt und anschlie\u00dfend das Fahrzeug im Originalfarbton Silbergrau Effekt neu lackiert.<\/p>\n<p>Die Leder Innenausstattung wurde gereinigt und \u00fcberarbeitet. Alle Holzverkleidungen am Armaturenbrett wurden \u00fcberarbeitet und erhielten ein neues Furnier. Das Fahrzeug wurde nach erfolgreicher Restauration dem Kunden auf der Techno Classica Essen \u00fcbergeben.<\/p>\n<div id=\"maxgallery-272\" class=\"mg-image-tiles standard\">\t<div class=\"mg-thumbs mg-fivecol\">\t\t<ul><li>\t<a class='lightbox-272' href='https:\/\/tac-lackierzentrum.de\/wordpress\/wp-content\/uploads\/2014\/08\/DSC000701.jpg'  title='' aria-haspopup='dialog'  >\t\t<div class=\"\"><img loading=\"lazy\" decoding=\"async\" class=\"\" src=\"https:\/\/tac-lackierzentrum.de\/wordpress\/wp-content\/uploads\/2014\/08\/DSC000701-200x200.jpg\" width=\"200\" height=\"200\" alt=\"\" title=\"DSC00070\" \/>\t\t<\/div>\t<\/a><\/li><li>\t<a class='lightbox-272' href='https:\/\/tac-lackierzentrum.de\/wordpress\/wp-content\/uploads\/2014\/08\/DSC000711.jpg'  title='' aria-haspopup='dialog'  >\t\t<div class=\"\"><img loading=\"lazy\" decoding=\"async\" class=\"\" src=\"https:\/\/tac-lackierzentrum.de\/wordpress\/wp-content\/uploads\/2014\/08\/DSC000711-200x200.jpg\" width=\"200\" height=\"200\" alt=\"\" title=\"DSC00071\" \/>\t\t<\/div>\t<\/a><\/li><li>\t<a class='lightbox-272' href='https:\/\/tac-lackierzentrum.de\/wordpress\/wp-content\/uploads\/2014\/08\/DSC000721.jpg'  title='' aria-haspopup='dialog'  >\t\t<div class=\"\"><img loading=\"lazy\" decoding=\"async\" class=\"\" src=\"https:\/\/tac-lackierzentrum.de\/wordpress\/wp-content\/uploads\/2014\/08\/DSC000721-200x200.jpg\" width=\"200\" height=\"200\" alt=\"\" title=\"DSC00072\" \/>\t\t<\/div>\t<\/a><\/li><li>\t<a class='lightbox-272' href='https:\/\/tac-lackierzentrum.de\/wordpress\/wp-content\/uploads\/2014\/08\/DSC000731.jpg'  title='' aria-haspopup='dialog'  >\t\t<div class=\"\"><img loading=\"lazy\" decoding=\"async\" class=\"\" src=\"https:\/\/tac-lackierzentrum.de\/wordpress\/wp-content\/uploads\/2014\/08\/DSC000731-200x200.jpg\" width=\"200\" height=\"200\" alt=\"\" title=\"DSC00073\" \/>\t\t<\/div>\t<\/a><\/li><li>\t<a class='lightbox-272' href='https:\/\/tac-lackierzentrum.de\/wordpress\/wp-content\/uploads\/2014\/08\/DSC000741.jpg'  title='' aria-haspopup='dialog'  >\t\t<div class=\"\"><img loading=\"lazy\" decoding=\"async\" class=\"\" src=\"https:\/\/tac-lackierzentrum.de\/wordpress\/wp-content\/uploads\/2014\/08\/DSC000741-200x200.jpg\" width=\"200\" height=\"200\" alt=\"\" title=\"DSC00074\" \/>\t\t<\/div>\t<\/a><\/li><li>\t<a class='lightbox-272' href='https:\/\/tac-lackierzentrum.de\/wordpress\/wp-content\/uploads\/2014\/08\/DSC001221.jpg'  title='' aria-haspopup='dialog'  >\t\t<div class=\"\"><img loading=\"lazy\" decoding=\"async\" class=\"\" src=\"https:\/\/tac-lackierzentrum.de\/wordpress\/wp-content\/uploads\/2014\/08\/DSC001221-200x200.jpg\" width=\"200\" height=\"200\" alt=\"\" title=\"DSC00122\" \/>\t\t<\/div>\t<\/a><\/li><li>\t<a class='lightbox-272' href='https:\/\/tac-lackierzentrum.de\/wordpress\/wp-content\/uploads\/2014\/08\/DSC001231.jpg'  title='' aria-haspopup='dialog'  >\t\t<div class=\"\"><img loading=\"lazy\" decoding=\"async\" class=\"\" src=\"https:\/\/tac-lackierzentrum.de\/wordpress\/wp-content\/uploads\/2014\/08\/DSC001231-200x200.jpg\" width=\"200\" height=\"200\" alt=\"\" title=\"DSC00123\" \/>\t\t<\/div>\t<\/a><\/li><li>\t<a class='lightbox-272' href='https:\/\/tac-lackierzentrum.de\/wordpress\/wp-content\/uploads\/2014\/08\/DSC0012411.jpg'  title='' aria-haspopup='dialog'  >\t\t<div class=\"\"><img loading=\"lazy\" decoding=\"async\" class=\"\" src=\"https:\/\/tac-lackierzentrum.de\/wordpress\/wp-content\/uploads\/2014\/08\/DSC0012411-200x200.jpg\" width=\"200\" height=\"200\" alt=\"\" title=\"DSC00124\" \/>\t\t<\/div>\t<\/a><\/li>\t\t<\/ul>\t\t<div class=\"clear\"><\/div>\t<\/div>\t<span style=\"display: none;\" class=\"hidden-image-tiles-gallery-id\">272<\/span>\t<span style=\"display: none;\" class=\"hidden-lightbox-skin\"><\/span>\t<span style=\"display: none;\" class=\"hidden-lightbox-effect\"><\/span>\t<span style=\"display: none;\" class=\"hidden-lightbox-kb-nav\">false<\/span>\t<span style=\"display: none;\" class=\"hidden-lightbox-img-click-close\">false<\/span>\t<span style=\"display: none;\" class=\"hidden-lightbox-ol-click-close\">false<\/span>\t<span style=\"display: none;\" class=\"hidden-lightbox-close-tip-text\"><\/span>\t<span style=\"display: none;\" class=\"hidden-lightbox-next-tip-text\"><\/span>\t<span style=\"display: none;\" class=\"hidden-lightbox-prev-tip-text\"><\/span>\t<span style=\"display: none;\" class=\"hidden-lightbox-error-tip-text\"><\/span><\/div>\n<p>&nbsp;<\/p>\n","protected":false},"excerpt":{"rendered":"<p>Das Fahrzeug Baujahr 1970 mit Vollausstattung in amerikanischer Ausf\u00fchrung wurde komplett demontiert. Karosseriesch\u00e4den wurden beseitigt und es erfolgte ein Umbau bzw. R\u00fcckbau auf die deutsche Ausf\u00fchrung. Der Farbton Dunkelblau wurde innen und au\u00dfen fachgerecht entfernt und anschlie\u00dfend das Fahrzeug im Originalfarbton Silbergrau Effekt neu lackiert. Die Leder Innenausstattung wurde gereinigt und \u00fcberarbeitet. Alle Holzverkleidungen am [&hellip;]<\/p>\n","protected":false},"author":1,"featured_media":0,"parent":17,"menu_order":0,"comment_status":"closed","ping_status":"closed","template":"","meta":{"footnotes":""},"tags":[],"class_list":["post-26","page","type-page","status-publish","hentry"],"yoast_head":"<!-- This site is optimized with the Yoast SEO plugin v27.4 - https:\/\/yoast.com\/product\/yoast-seo-wordpress\/ -->\n<title>Mercedes 280 SE 3.5 Cabrio Typ 111 - TAC Lackier- und Karosseriezentrum - K\u00f6ln<\/title>\n<meta name=\"robots\" content=\"index, follow, max-snippet:-1, max-image-preview:large, max-video-preview:-1\" \/>\n<link rel=\"canonical\" href=\"https:\/\/tac-lackierzentrum.de\/wordpress\/galerie\/karosserie\/mercedes-280-se-3-5\/\" \/>\n<meta property=\"og:locale\" content=\"en_US\" \/>\n<meta property=\"og:type\" content=\"article\" \/>\n<meta property=\"og:title\" content=\"Mercedes 280 SE 3.5 Cabrio Typ 111 - TAC Lackier- und Karosseriezentrum - K\u00f6ln\" \/>\n<meta property=\"og:description\" content=\"Das Fahrzeug Baujahr 1970 mit Vollausstattung in amerikanischer Ausf\u00fchrung wurde komplett demontiert. Karosseriesch\u00e4den wurden beseitigt und es erfolgte ein Umbau bzw. R\u00fcckbau auf die deutsche Ausf\u00fchrung. Der Farbton Dunkelblau wurde innen und au\u00dfen fachgerecht entfernt und anschlie\u00dfend das Fahrzeug im Originalfarbton Silbergrau Effekt neu lackiert. Die Leder Innenausstattung wurde gereinigt und \u00fcberarbeitet. Alle Holzverkleidungen am [&hellip;]\" \/>\n<meta property=\"og:url\" content=\"https:\/\/tac-lackierzentrum.de\/wordpress\/galerie\/karosserie\/mercedes-280-se-3-5\/\" \/>\n<meta property=\"og:site_name\" content=\"TAC Lackier- und Karosseriezentrum - K\u00f6ln\" \/>\n<meta property=\"article:modified_time\" content=\"2015-03-09T17:43:12+00:00\" \/>\n<meta name=\"twitter:card\" content=\"summary_large_image\" \/>\n<script type=\"application\/ld+json\" class=\"yoast-schema-graph\">{\"@context\":\"https:\\\/\\\/schema.org\",\"@graph\":[{\"@type\":\"WebPage\",\"@id\":\"https:\\\/\\\/tac-lackierzentrum.de\\\/wordpress\\\/galerie\\\/karosserie\\\/mercedes-280-se-3-5\\\/\",\"url\":\"https:\\\/\\\/tac-lackierzentrum.de\\\/wordpress\\\/galerie\\\/karosserie\\\/mercedes-280-se-3-5\\\/\",\"name\":\"Mercedes 280 SE 3.5 Cabrio Typ 111 - TAC Lackier- und Karosseriezentrum - K\u00f6ln\",\"isPartOf\":{\"@id\":\"https:\\\/\\\/tac-lackierzentrum.de\\\/wordpress\\\/#website\"},\"datePublished\":\"2014-08-23T11:09:58+00:00\",\"dateModified\":\"2015-03-09T17:43:12+00:00\",\"breadcrumb\":{\"@id\":\"https:\\\/\\\/tac-lackierzentrum.de\\\/wordpress\\\/galerie\\\/karosserie\\\/mercedes-280-se-3-5\\\/#breadcrumb\"},\"inLanguage\":\"en-US\",\"potentialAction\":[{\"@type\":\"ReadAction\",\"target\":[\"https:\\\/\\\/tac-lackierzentrum.de\\\/wordpress\\\/galerie\\\/karosserie\\\/mercedes-280-se-3-5\\\/\"]}]},{\"@type\":\"BreadcrumbList\",\"@id\":\"https:\\\/\\\/tac-lackierzentrum.de\\\/wordpress\\\/galerie\\\/karosserie\\\/mercedes-280-se-3-5\\\/#breadcrumb\",\"itemListElement\":[{\"@type\":\"ListItem\",\"position\":1,\"name\":\"Home\",\"item\":\"https:\\\/\\\/tac-lackierzentrum.de\\\/wordpress\\\/\"},{\"@type\":\"ListItem\",\"position\":2,\"name\":\"Galerie\",\"item\":\"https:\\\/\\\/tac-lackierzentrum.de\\\/wordpress\\\/galerie\\\/\"},{\"@type\":\"ListItem\",\"position\":3,\"name\":\"Historische Fahrzeuge\",\"item\":\"https:\\\/\\\/tac-lackierzentrum.de\\\/wordpress\\\/galerie\\\/karosserie\\\/\"},{\"@type\":\"ListItem\",\"position\":4,\"name\":\"Mercedes 280 SE 3.5 Cabrio Typ 111\"}]},{\"@type\":\"WebSite\",\"@id\":\"https:\\\/\\\/tac-lackierzentrum.de\\\/wordpress\\\/#website\",\"url\":\"https:\\\/\\\/tac-lackierzentrum.de\\\/wordpress\\\/\",\"name\":\"TAC Lackier- und Karosseriezentrum - K\u00f6ln\",\"description\":\"TAC Lackier- und Karosseriezentrum k\u00fcmmert sich schnell und kompetent um Ihr Fahrzeug.\",\"publisher\":{\"@id\":\"https:\\\/\\\/tac-lackierzentrum.de\\\/wordpress\\\/#organization\"},\"potentialAction\":[{\"@type\":\"SearchAction\",\"target\":{\"@type\":\"EntryPoint\",\"urlTemplate\":\"https:\\\/\\\/tac-lackierzentrum.de\\\/wordpress\\\/?s={search_term_string}\"},\"query-input\":{\"@type\":\"PropertyValueSpecification\",\"valueRequired\":true,\"valueName\":\"search_term_string\"}}],\"inLanguage\":\"en-US\"},{\"@type\":\"Organization\",\"@id\":\"https:\\\/\\\/tac-lackierzentrum.de\\\/wordpress\\\/#organization\",\"name\":\"TAC Lackier- Karosseriezentrum\",\"url\":\"https:\\\/\\\/tac-lackierzentrum.de\\\/wordpress\\\/\",\"logo\":{\"@type\":\"ImageObject\",\"inLanguage\":\"en-US\",\"@id\":\"https:\\\/\\\/tac-lackierzentrum.de\\\/wordpress\\\/#\\\/schema\\\/logo\\\/image\\\/\",\"url\":\"https:\\\/\\\/tac-lackierzentrum.de\\\/wordpress\\\/wp-content\\\/uploads\\\/2020\\\/01\\\/karosseriebau-koeln-tac-lackierzentrum.jpg\",\"contentUrl\":\"https:\\\/\\\/tac-lackierzentrum.de\\\/wordpress\\\/wp-content\\\/uploads\\\/2020\\\/01\\\/karosseriebau-koeln-tac-lackierzentrum.jpg\",\"width\":300,\"height\":223,\"caption\":\"TAC Lackier- Karosseriezentrum\"},\"image\":{\"@id\":\"https:\\\/\\\/tac-lackierzentrum.de\\\/wordpress\\\/#\\\/schema\\\/logo\\\/image\\\/\"}}]}<\/script>\n<!-- \/ Yoast SEO plugin. -->","yoast_head_json":{"title":"Mercedes 280 SE 3.5 Cabrio Typ 111 - TAC Lackier- und Karosseriezentrum - K\u00f6ln","robots":{"index":"index","follow":"follow","max-snippet":"max-snippet:-1","max-image-preview":"max-image-preview:large","max-video-preview":"max-video-preview:-1"},"canonical":"https:\/\/tac-lackierzentrum.de\/wordpress\/galerie\/karosserie\/mercedes-280-se-3-5\/","og_locale":"en_US","og_type":"article","og_title":"Mercedes 280 SE 3.5 Cabrio Typ 111 - TAC Lackier- und Karosseriezentrum - K\u00f6ln","og_description":"Das Fahrzeug Baujahr 1970 mit Vollausstattung in amerikanischer Ausf\u00fchrung wurde komplett demontiert. Karosseriesch\u00e4den wurden beseitigt und es erfolgte ein Umbau bzw. R\u00fcckbau auf die deutsche Ausf\u00fchrung. Der Farbton Dunkelblau wurde innen und au\u00dfen fachgerecht entfernt und anschlie\u00dfend das Fahrzeug im Originalfarbton Silbergrau Effekt neu lackiert. Die Leder Innenausstattung wurde gereinigt und \u00fcberarbeitet. Alle Holzverkleidungen am [&hellip;]","og_url":"https:\/\/tac-lackierzentrum.de\/wordpress\/galerie\/karosserie\/mercedes-280-se-3-5\/","og_site_name":"TAC Lackier- und Karosseriezentrum - K\u00f6ln","article_modified_time":"2015-03-09T17:43:12+00:00","twitter_card":"summary_large_image","schema":{"@context":"https:\/\/schema.org","@graph":[{"@type":"WebPage","@id":"https:\/\/tac-lackierzentrum.de\/wordpress\/galerie\/karosserie\/mercedes-280-se-3-5\/","url":"https:\/\/tac-lackierzentrum.de\/wordpress\/galerie\/karosserie\/mercedes-280-se-3-5\/","name":"Mercedes 280 SE 3.5 Cabrio Typ 111 - TAC Lackier- und Karosseriezentrum - K\u00f6ln","isPartOf":{"@id":"https:\/\/tac-lackierzentrum.de\/wordpress\/#website"},"datePublished":"2014-08-23T11:09:58+00:00","dateModified":"2015-03-09T17:43:12+00:00","breadcrumb":{"@id":"https:\/\/tac-lackierzentrum.de\/wordpress\/galerie\/karosserie\/mercedes-280-se-3-5\/#breadcrumb"},"inLanguage":"en-US","potentialAction":[{"@type":"ReadAction","target":["https:\/\/tac-lackierzentrum.de\/wordpress\/galerie\/karosserie\/mercedes-280-se-3-5\/"]}]},{"@type":"BreadcrumbList","@id":"https:\/\/tac-lackierzentrum.de\/wordpress\/galerie\/karosserie\/mercedes-280-se-3-5\/#breadcrumb","itemListElement":[{"@type":"ListItem","position":1,"name":"Home","item":"https:\/\/tac-lackierzentrum.de\/wordpress\/"},{"@type":"ListItem","position":2,"name":"Galerie","item":"https:\/\/tac-lackierzentrum.de\/wordpress\/galerie\/"},{"@type":"ListItem","position":3,"name":"Historische Fahrzeuge","item":"https:\/\/tac-lackierzentrum.de\/wordpress\/galerie\/karosserie\/"},{"@type":"ListItem","position":4,"name":"Mercedes 280 SE 3.5 Cabrio Typ 111"}]},{"@type":"WebSite","@id":"https:\/\/tac-lackierzentrum.de\/wordpress\/#website","url":"https:\/\/tac-lackierzentrum.de\/wordpress\/","name":"TAC Lackier- und Karosseriezentrum - K\u00f6ln","description":"TAC Lackier- und Karosseriezentrum k\u00fcmmert sich schnell und kompetent um Ihr Fahrzeug.","publisher":{"@id":"https:\/\/tac-lackierzentrum.de\/wordpress\/#organization"},"potentialAction":[{"@type":"SearchAction","target":{"@type":"EntryPoint","urlTemplate":"https:\/\/tac-lackierzentrum.de\/wordpress\/?s={search_term_string}"},"query-input":{"@type":"PropertyValueSpecification","valueRequired":true,"valueName":"search_term_string"}}],"inLanguage":"en-US"},{"@type":"Organization","@id":"https:\/\/tac-lackierzentrum.de\/wordpress\/#organization","name":"TAC Lackier- Karosseriezentrum","url":"https:\/\/tac-lackierzentrum.de\/wordpress\/","logo":{"@type":"ImageObject","inLanguage":"en-US","@id":"https:\/\/tac-lackierzentrum.de\/wordpress\/#\/schema\/logo\/image\/","url":"https:\/\/tac-lackierzentrum.de\/wordpress\/wp-content\/uploads\/2020\/01\/karosseriebau-koeln-tac-lackierzentrum.jpg","contentUrl":"https:\/\/tac-lackierzentrum.de\/wordpress\/wp-content\/uploads\/2020\/01\/karosseriebau-koeln-tac-lackierzentrum.jpg","width":300,"height":223,"caption":"TAC Lackier- Karosseriezentrum"},"image":{"@id":"https:\/\/tac-lackierzentrum.de\/wordpress\/#\/schema\/logo\/image\/"}}]}},"_links":{"self":[{"href":"https:\/\/tac-lackierzentrum.de\/wordpress\/wp-json\/wp\/v2\/pages\/26","targetHints":{"allow":["GET"]}}],"collection":[{"href":"https:\/\/tac-lackierzentrum.de\/wordpress\/wp-json\/wp\/v2\/pages"}],"about":[{"href":"https:\/\/tac-lackierzentrum.de\/wordpress\/wp-json\/wp\/v2\/types\/page"}],"author":[{"embeddable":true,"href":"https:\/\/tac-lackierzentrum.de\/wordpress\/wp-json\/wp\/v2\/users\/1"}],"replies":[{"embeddable":true,"href":"https:\/\/tac-lackierzentrum.de\/wordpress\/wp-json\/wp\/v2\/comments?post=26"}],"version-history":[{"count":6,"href":"https:\/\/tac-lackierzentrum.de\/wordpress\/wp-json\/wp\/v2\/pages\/26\/revisions"}],"predecessor-version":[{"id":1421,"href":"https:\/\/tac-lackierzentrum.de\/wordpress\/wp-json\/wp\/v2\/pages\/26\/revisions\/1421"}],"up":[{"embeddable":true,"href":"https:\/\/tac-lackierzentrum.de\/wordpress\/wp-json\/wp\/v2\/pages\/17"}],"wp:attachment":[{"href":"https:\/\/tac-lackierzentrum.de\/wordpress\/wp-json\/wp\/v2\/media?parent=26"}],"wp:term":[{"taxonomy":"post_tag","embeddable":true,"href":"https:\/\/tac-lackierzentrum.de\/wordpress\/wp-json\/wp\/v2\/tags?post=26"}],"curies":[{"name":"wp","href":"https:\/\/api.w.org\/{rel}","templated":true}]}}