{"id":2,"date":"2014-05-09T04:35:09","date_gmt":"2014-05-09T04:35:09","guid":{"rendered":"http:\/\/tac-lackierzentrum.de\/wordpress\/?page_id=2"},"modified":"2020-02-28T13:57:38","modified_gmt":"2020-02-28T11:57:38","slug":"ueberuns","status":"publish","type":"page","link":"https:\/\/tac-lackierzentrum.de\/wordpress\/ueberuns\/","title":{"rendered":"\u00dcber uns"},"content":{"rendered":"<p>Weitere Details k\u00f6nnen Sie den Unterkategorien entnehmen:<\/p>\n<p><a href=\"https:\/\/tac-lackierzentrum.de\/wordpress\/?page_id=51\">Intern<\/a><\/p>\n<p><a href=\"https:\/\/tac-lackierzentrum.de\/wordpress\/?page_id=53\">Referenz<\/a><\/p>\n<p><a href=\"https:\/\/tac-lackierzentrum.de\/wordpress\/?page_id=57\">Kontakt<\/a><\/p>\n","protected":false},"excerpt":{"rendered":"<p>Weitere Details k\u00f6nnen Sie den Unterkategorien entnehmen: Intern Referenz Kontakt<\/p>\n","protected":false},"author":1,"featured_media":0,"parent":0,"menu_order":3,"comment_status":"closed","ping_status":"closed","template":"","meta":{"footnotes":""},"tags":[63,71,53,42,17,34,15,33,6,12,46,24,45,39,65,13,27,56,52,64,72,25,26,8,66,50,51,44,43,10,21,20,38,54,47,9,30,60,14,32,62,61,48,69,37,57,58,59,29,55,41,70,68,23,11,7,67,22,49,4,28,16,5,40,35,36,31,18,19],"class_list":["post-2","page","type-page","status-publish","hentry","tag-achsvermessung","tag-auto-restaurierung","tag-autodach-reparatur","tag-autofelgen-reparatur","tag-autoglaserei","tag-autokarosserie","tag-autolackiererei","tag-autolackiererei-koln","tag-autoreparatur","tag-autoreparatur-koln","tag-autoschaden-instandsetzung","tag-autoscheiben-reparatur","tag-autoteile-lackieren","tag-autounfall-reparaturkosten","tag-autovermessung","tag-autowerkstatt","tag-autowerkstatt-koln","tag-beule-im-auto-beheben","tag-dachschaden-am-auto","tag-fahrwerkvermessung","tag-fahrzeug-restaurierung","tag-fahrzeuginstandsetzung","tag-fahrzeuglackiererei","tag-fahrzeugreparatur","tag-fahrzeugvermessung","tag-faltdach-erneuern","tag-faltdach-reparieren","tag-felgen-lackieren-lassen","tag-felgenreparatur","tag-frontschaden","tag-glasbruch","tag-glasreparaturen-am-auto","tag-gutachten","tag-hagelschaden-am-auto-reparatur","tag-heckklappen-reparatur","tag-heckschaden","tag-hohlraumversiegelung-koln","tag-karosserie-reparatur","tag-karosseriebau","tag-karosseriebau-koln","tag-karosserieinstandsetzung","tag-karosseriewerkstatt","tag-kofferraum-reparatur","tag-konservierung-am-auto","tag-kostenvoranschlag","tag-kratzer-im-auto-beben","tag-kratzer-im-autolack-beheben","tag-kratzer-in-autotur-beheben","tag-lackierwerkstatten-koln","tag-motorhauben-reparatur","tag-reparatur-am-auto","tag-restaurieren-auto","tag-rostschutzvorsorge","tag-scheibenreparatur","tag-seitenschaden","tag-smart-reparatur","tag-spur-einstellen","tag-steinschlag-in-scheibe","tag-stosstange-reparatur","tag-unfall","tag-unfallbeseitigung-koln","tag-unfallinstandsetzung","tag-unfallreparatur","tag-unfallschaden-am-auto","tag-unfallschaden-beheben","tag-unfallschaden-reparieren","tag-unterbodenschutz-koln","tag-windschutzscheibe","tag-windschutzscheiben-reparatur"],"yoast_head":"<!-- This site is optimized with the Yoast SEO plugin v27.3 - https:\/\/yoast.com\/product\/yoast-seo-wordpress\/ -->\n<title>\u00dcber uns - TAC Lackier- und Karosseriezentrum - K\u00f6ln<\/title>\n<meta name=\"robots\" content=\"noindex, follow\" \/>\n<meta property=\"og:locale\" content=\"en_US\" \/>\n<meta property=\"og:type\" content=\"article\" \/>\n<meta property=\"og:title\" content=\"\u00dcber uns - TAC Lackier- und Karosseriezentrum - K\u00f6ln\" \/>\n<meta property=\"og:description\" content=\"Weitere Details k\u00f6nnen Sie den Unterkategorien entnehmen: Intern Referenz Kontakt\" \/>\n<meta property=\"og:url\" content=\"https:\/\/tac-lackierzentrum.de\/wordpress\/ueberuns\/\" \/>\n<meta property=\"og:site_name\" content=\"TAC Lackier- und Karosseriezentrum - K\u00f6ln\" \/>\n<meta property=\"article:modified_time\" content=\"2020-02-28T11:57:38+00:00\" \/>\n<meta name=\"twitter:card\" content=\"summary_large_image\" \/>\n<script type=\"application\/ld+json\" class=\"yoast-schema-graph\">{\"@context\":\"https:\\\/\\\/schema.org\",\"@graph\":[{\"@type\":\"WebPage\",\"@id\":\"https:\\\/\\\/tac-lackierzentrum.de\\\/wordpress\\\/ueberuns\\\/\",\"url\":\"https:\\\/\\\/tac-lackierzentrum.de\\\/wordpress\\\/ueberuns\\\/\",\"name\":\"\u00dcber uns - TAC Lackier- und Karosseriezentrum - K\u00f6ln\",\"isPartOf\":{\"@id\":\"https:\\\/\\\/tac-lackierzentrum.de\\\/wordpress\\\/#website\"},\"datePublished\":\"2014-05-09T04:35:09+00:00\",\"dateModified\":\"2020-02-28T11:57:38+00:00\",\"breadcrumb\":{\"@id\":\"https:\\\/\\\/tac-lackierzentrum.de\\\/wordpress\\\/ueberuns\\\/#breadcrumb\"},\"inLanguage\":\"en-US\",\"potentialAction\":[{\"@type\":\"ReadAction\",\"target\":[\"https:\\\/\\\/tac-lackierzentrum.de\\\/wordpress\\\/ueberuns\\\/\"]}]},{\"@type\":\"BreadcrumbList\",\"@id\":\"https:\\\/\\\/tac-lackierzentrum.de\\\/wordpress\\\/ueberuns\\\/#breadcrumb\",\"itemListElement\":[{\"@type\":\"ListItem\",\"position\":1,\"name\":\"Home\",\"item\":\"https:\\\/\\\/tac-lackierzentrum.de\\\/wordpress\\\/\"},{\"@type\":\"ListItem\",\"position\":2,\"name\":\"\u00dcber uns\"}]},{\"@type\":\"WebSite\",\"@id\":\"https:\\\/\\\/tac-lackierzentrum.de\\\/wordpress\\\/#website\",\"url\":\"https:\\\/\\\/tac-lackierzentrum.de\\\/wordpress\\\/\",\"name\":\"TAC Lackier- und Karosseriezentrum - K\u00f6ln\",\"description\":\"TAC Lackier- und Karosseriezentrum k\u00fcmmert sich schnell und kompetent um Ihr Fahrzeug.\",\"publisher\":{\"@id\":\"https:\\\/\\\/tac-lackierzentrum.de\\\/wordpress\\\/#organization\"},\"potentialAction\":[{\"@type\":\"SearchAction\",\"target\":{\"@type\":\"EntryPoint\",\"urlTemplate\":\"https:\\\/\\\/tac-lackierzentrum.de\\\/wordpress\\\/?s={search_term_string}\"},\"query-input\":{\"@type\":\"PropertyValueSpecification\",\"valueRequired\":true,\"valueName\":\"search_term_string\"}}],\"inLanguage\":\"en-US\"},{\"@type\":\"Organization\",\"@id\":\"https:\\\/\\\/tac-lackierzentrum.de\\\/wordpress\\\/#organization\",\"name\":\"TAC Lackier- Karosseriezentrum\",\"url\":\"https:\\\/\\\/tac-lackierzentrum.de\\\/wordpress\\\/\",\"logo\":{\"@type\":\"ImageObject\",\"inLanguage\":\"en-US\",\"@id\":\"https:\\\/\\\/tac-lackierzentrum.de\\\/wordpress\\\/#\\\/schema\\\/logo\\\/image\\\/\",\"url\":\"https:\\\/\\\/tac-lackierzentrum.de\\\/wordpress\\\/wp-content\\\/uploads\\\/2020\\\/01\\\/karosseriebau-koeln-tac-lackierzentrum.jpg\",\"contentUrl\":\"https:\\\/\\\/tac-lackierzentrum.de\\\/wordpress\\\/wp-content\\\/uploads\\\/2020\\\/01\\\/karosseriebau-koeln-tac-lackierzentrum.jpg\",\"width\":300,\"height\":223,\"caption\":\"TAC Lackier- Karosseriezentrum\"},\"image\":{\"@id\":\"https:\\\/\\\/tac-lackierzentrum.de\\\/wordpress\\\/#\\\/schema\\\/logo\\\/image\\\/\"}}]}<\/script>\n<!-- \/ Yoast SEO plugin. -->","yoast_head_json":{"title":"\u00dcber uns - TAC Lackier- und Karosseriezentrum - K\u00f6ln","robots":{"index":"noindex","follow":"follow"},"og_locale":"en_US","og_type":"article","og_title":"\u00dcber uns - TAC Lackier- und Karosseriezentrum - K\u00f6ln","og_description":"Weitere Details k\u00f6nnen Sie den Unterkategorien entnehmen: Intern Referenz Kontakt","og_url":"https:\/\/tac-lackierzentrum.de\/wordpress\/ueberuns\/","og_site_name":"TAC Lackier- und Karosseriezentrum - K\u00f6ln","article_modified_time":"2020-02-28T11:57:38+00:00","twitter_card":"summary_large_image","schema":{"@context":"https:\/\/schema.org","@graph":[{"@type":"WebPage","@id":"https:\/\/tac-lackierzentrum.de\/wordpress\/ueberuns\/","url":"https:\/\/tac-lackierzentrum.de\/wordpress\/ueberuns\/","name":"\u00dcber uns - TAC Lackier- und Karosseriezentrum - K\u00f6ln","isPartOf":{"@id":"https:\/\/tac-lackierzentrum.de\/wordpress\/#website"},"datePublished":"2014-05-09T04:35:09+00:00","dateModified":"2020-02-28T11:57:38+00:00","breadcrumb":{"@id":"https:\/\/tac-lackierzentrum.de\/wordpress\/ueberuns\/#breadcrumb"},"inLanguage":"en-US","potentialAction":[{"@type":"ReadAction","target":["https:\/\/tac-lackierzentrum.de\/wordpress\/ueberuns\/"]}]},{"@type":"BreadcrumbList","@id":"https:\/\/tac-lackierzentrum.de\/wordpress\/ueberuns\/#breadcrumb","itemListElement":[{"@type":"ListItem","position":1,"name":"Home","item":"https:\/\/tac-lackierzentrum.de\/wordpress\/"},{"@type":"ListItem","position":2,"name":"\u00dcber uns"}]},{"@type":"WebSite","@id":"https:\/\/tac-lackierzentrum.de\/wordpress\/#website","url":"https:\/\/tac-lackierzentrum.de\/wordpress\/","name":"TAC Lackier- und Karosseriezentrum - K\u00f6ln","description":"TAC Lackier- und Karosseriezentrum k\u00fcmmert sich schnell und kompetent um Ihr Fahrzeug.","publisher":{"@id":"https:\/\/tac-lackierzentrum.de\/wordpress\/#organization"},"potentialAction":[{"@type":"SearchAction","target":{"@type":"EntryPoint","urlTemplate":"https:\/\/tac-lackierzentrum.de\/wordpress\/?s={search_term_string}"},"query-input":{"@type":"PropertyValueSpecification","valueRequired":true,"valueName":"search_term_string"}}],"inLanguage":"en-US"},{"@type":"Organization","@id":"https:\/\/tac-lackierzentrum.de\/wordpress\/#organization","name":"TAC Lackier- Karosseriezentrum","url":"https:\/\/tac-lackierzentrum.de\/wordpress\/","logo":{"@type":"ImageObject","inLanguage":"en-US","@id":"https:\/\/tac-lackierzentrum.de\/wordpress\/#\/schema\/logo\/image\/","url":"https:\/\/tac-lackierzentrum.de\/wordpress\/wp-content\/uploads\/2020\/01\/karosseriebau-koeln-tac-lackierzentrum.jpg","contentUrl":"https:\/\/tac-lackierzentrum.de\/wordpress\/wp-content\/uploads\/2020\/01\/karosseriebau-koeln-tac-lackierzentrum.jpg","width":300,"height":223,"caption":"TAC Lackier- Karosseriezentrum"},"image":{"@id":"https:\/\/tac-lackierzentrum.de\/wordpress\/#\/schema\/logo\/image\/"}}]}},"_links":{"self":[{"href":"https:\/\/tac-lackierzentrum.de\/wordpress\/wp-json\/wp\/v2\/pages\/2","targetHints":{"allow":["GET"]}}],"collection":[{"href":"https:\/\/tac-lackierzentrum.de\/wordpress\/wp-json\/wp\/v2\/pages"}],"about":[{"href":"https:\/\/tac-lackierzentrum.de\/wordpress\/wp-json\/wp\/v2\/types\/page"}],"author":[{"embeddable":true,"href":"https:\/\/tac-lackierzentrum.de\/wordpress\/wp-json\/wp\/v2\/users\/1"}],"replies":[{"embeddable":true,"href":"https:\/\/tac-lackierzentrum.de\/wordpress\/wp-json\/wp\/v2\/comments?post=2"}],"version-history":[{"count":6,"href":"https:\/\/tac-lackierzentrum.de\/wordpress\/wp-json\/wp\/v2\/pages\/2\/revisions"}],"predecessor-version":[{"id":1680,"href":"https:\/\/tac-lackierzentrum.de\/wordpress\/wp-json\/wp\/v2\/pages\/2\/revisions\/1680"}],"wp:attachment":[{"href":"https:\/\/tac-lackierzentrum.de\/wordpress\/wp-json\/wp\/v2\/media?parent=2"}],"wp:term":[{"taxonomy":"post_tag","embeddable":true,"href":"https:\/\/tac-lackierzentrum.de\/wordpress\/wp-json\/wp\/v2\/tags?post=2"}],"curies":[{"name":"wp","href":"https:\/\/api.w.org\/{rel}","templated":true}]}}