{"id":17,"date":"2014-08-23T12:52:38","date_gmt":"2014-08-23T10:52:38","guid":{"rendered":"http:\/\/tac-lackierzentrum.de\/wordpress\/?page_id=17"},"modified":"2020-04-06T11:06:50","modified_gmt":"2020-04-06T09:06:50","slug":"karosserie","status":"publish","type":"page","link":"https:\/\/tac-lackierzentrum.de\/wordpress\/galerie\/karosserie\/","title":{"rendered":"Historische Fahrzeuge"},"content":{"rendered":"<p><a href=\"https:\/\/tac-lackierzentrum.de\/wordpress\/wp-content\/uploads\/2020\/04\/oldtimer-restauration-koeln.jpg\"><img loading=\"lazy\" decoding=\"async\" class=\"alignnone size-full wp-image-2418\" src=\"https:\/\/tac-lackierzentrum.de\/wordpress\/wp-content\/uploads\/2020\/04\/oldtimer-restauration-koeln.jpg\" alt=\"Oldtimer-Restauration K\u00f6ln - Austin Healey\" width=\"768\" height=\"353\" srcset=\"https:\/\/tac-lackierzentrum.de\/wordpress\/wp-content\/uploads\/2020\/04\/oldtimer-restauration-koeln.jpg 768w, https:\/\/tac-lackierzentrum.de\/wordpress\/wp-content\/uploads\/2020\/04\/oldtimer-restauration-koeln-300x138.jpg 300w\" sizes=\"auto, (max-width: 768px) 100vw, 768px\" \/><\/a><\/p>\n<h2>Oldtimer-Restauration und Oldtimer-Karosseriebau in K\u00f6ln-Ehrenfeld<\/h2>\n<p>Mehr als nur ein Handwerk bedeutet f\u00fcr uns\u00a0die <strong>Oldtimerrestauration<\/strong> und der <strong>Oldtimerkarosseriebau<\/strong>. Mit Liebe und Leidenschaft widmen wir uns dieser K\u00f6nigsklasse des <a href=\"https:\/\/tac-lackierzentrum.de\/wordpress\/hier-ist-noch-eine-seite\/karosserie\/\">Karosseriebaus<\/a>.<\/p>\n<p>Die Restauration und Instandsetzung von Oldtimern ist unser Spezialgebiet. Nicht nur besitzen wir die Zertifizierung f\u00fcr die Instandsetzung historischer Fahrzeuge des Zentralverbandes Karosserie- und Fahrzeugtechnik (<a href=\"https:\/\/www.zkf.de\/\" target=\"_blank\" rel=\"noopener noreferrer\">ZKF<\/a>), wir verf\u00fcgen auch \u00fcber die notwendigen Ger\u00e4te und Werkzeuge um den alten Sch\u00e4tzen wieder zu neuem Glanz zu verhelfen.<\/p>\n<p>So besitzen wir einen Eckold-Kraftformer, mit dem unser KFZ-Meister Michael Thull in der Lage ist, nicht mehr verf\u00fcgbare Karosserieteile selbst anzufertigen oder pr\u00e4zise Korrekturen vorzunehmen.<\/p>\n<p>Unsere Expertise im Bezug auf <a href=\"https:\/\/tac-lackierzentrum.de\/wordpress\/hier-ist-noch-eine-seite\/lackierung\/\">KFZ-Lackierung<\/a> kommt uns nat\u00fcrlich auch f\u00fcr die Oldtimer-Restauration zugute. Mit unserem Farbtonmessger\u00e4t k\u00f6nnen wir die neue Lackierung auf den exakten Originalfarbton eichen und damit f\u00fcr ein originalgetreues Endresultat sorgen.<\/p>\n<p>Auch unsere langj\u00e4hrige Erfahrung in der Oldtimerinstandsetzung ist ein Faktor, der unseren Kunden zu Gute kommt. Wir haben bereits die verschiedensten Modelle aus unterschiedlichen Baujahren restauriert. Weiter unten auf der Seite k\u00f6nnen Sie sich in der Galerie selbst ein Bild davon machen.<\/p>\n<p>Hier sehen Sie einen \u00dcberblick \u00fcber unsere Leistungen:<\/p>\n<ul>\n<li>Durchf\u00fchrung von kompletten Karosserie-Restaurationen<\/li>\n<li>Teilrestaurationen<\/li>\n<li>Reparaturen alter Fahrzeuge und <a href=\"https:\/\/tac-lackierzentrum.de\/wordpress\/hier-ist-noch-eine-seite\/moderne-fahrzeuginstandsetzung\/\">Unfallinstandsetzung<\/a> von allen Fahrzeug Herstellern und aus jedem Baujahr<\/li>\n<li>Pr\u00e4zise Nachfertigung von nicht mehr erh\u00e4ltlichen Karosserie-Blech oder Zierteilen nach Muster oder Zeichnungen \/ Plan in unserer Werkstatt<\/li>\n<li>Durchf\u00fchrung von Teil- und Komplettrestaurierungen an\u00a0historischen Fahrzeugkarosserienaller namhaften Hersteller<\/li>\n<li>Umbau und\u00a0<a href=\"https:\/\/tac-lackierzentrum.de\/wordpress\/hier-ist-noch-eine-seite\/moderne-fahrzeuginstandsetzung\/\">Instandsetzung<\/a> von Rennfahrzeugen im\u00a0Karosseriebereich<\/li>\n<\/ul>\n<p>Kontaktieren Sie uns telefonisch unter <a href=\"tel:0049221541605\">0221 \/ 541 605<\/a> oder \u00fcber unser <a href=\"https:\/\/tac-lackierzentrum.de\/wordpress\/ueberuns\/kontakt\/\">Kontaktformular<\/a>. Sicherlich k\u00f6nnen wir auch Ihnen und Ihrem Fahrzeug weiterhelfen.<\/p>\n<p><a href=\"https:\/\/tac-lackierzentrum.de\/wordpress\/wp-content\/uploads\/2020\/04\/oldtimer-karosseriebau-koeln.jpg\"><img loading=\"lazy\" decoding=\"async\" class=\"alignnone size-full wp-image-2420\" src=\"https:\/\/tac-lackierzentrum.de\/wordpress\/wp-content\/uploads\/2020\/04\/oldtimer-karosseriebau-koeln.jpg\" alt=\"Oldtimer-Karosseriebau K\u00f6ln\" width=\"768\" height=\"375\" srcset=\"https:\/\/tac-lackierzentrum.de\/wordpress\/wp-content\/uploads\/2020\/04\/oldtimer-karosseriebau-koeln.jpg 768w, https:\/\/tac-lackierzentrum.de\/wordpress\/wp-content\/uploads\/2020\/04\/oldtimer-karosseriebau-koeln-300x146.jpg 300w\" sizes=\"auto, (max-width: 768px) 100vw, 768px\" \/><\/a><\/p>\n<p>Schauen Sie in unsere Galerie und verschaffen sich einen ersten Eindruck.<\/p>\n<div class=\"wc-shortcodes-row wc-shortcodes-item wc-shortcodes-clearfix\">\n<div class=\"wc-shortcodes-column wc-shortcodes-content wc-shortcodes-one-half wc-shortcodes-column-first \">\n<p><a href=\"https:\/\/tac-lackierzentrum.de\/wordpress\/?page_id=1067\">Mercedes Benz 300 SL<\/a><\/p>\n<p><a href=\"https:\/\/tac-lackierzentrum.de\/wordpress\/?page_id=65\">Jaguar E-Type<\/a><\/p>\n<p><a href=\"https:\/\/tac-lackierzentrum.de\/wordpress\/?page_id=740\">Mercedes Benz 190 SL<\/a><\/p>\n<\/div>\n<div class=\"wc-shortcodes-column wc-shortcodes-content wc-shortcodes-one-half wc-shortcodes-column-last \">\n<p><a href=\"https:\/\/tac-lackierzentrum.de\/wordpress\/?page_id=269\">Alfa Romeo Giulia GTC<\/a><\/p>\n<p><a href=\"https:\/\/tac-lackierzentrum.de\/wordpress\/?page_id=26\">Mercedes 280 SE 3.5 Cabrio Typ 111<\/a><\/p>\n<p><a href=\"https:\/\/tac-lackierzentrum.de\/wordpress\/?page_id=910\">Austin Healey<\/a><\/p>\n<\/div>\n<\/div>\n","protected":false},"excerpt":{"rendered":"<p>Oldtimer-Restauration und Oldtimer-Karosseriebau in K\u00f6ln-Ehrenfeld Mehr als nur ein Handwerk bedeutet f\u00fcr uns\u00a0die Oldtimerrestauration und der Oldtimerkarosseriebau. Mit Liebe und Leidenschaft widmen wir uns dieser K\u00f6nigsklasse des Karosseriebaus. Die Restauration und Instandsetzung von Oldtimern ist unser Spezialgebiet. Nicht nur besitzen wir die Zertifizierung f\u00fcr die Instandsetzung historischer Fahrzeuge des Zentralverbandes Karosserie- und Fahrzeugtechnik (ZKF), wir [&hellip;]<\/p>\n","protected":false},"author":1,"featured_media":2387,"parent":38,"menu_order":0,"comment_status":"closed","ping_status":"closed","template":"","meta":{"footnotes":""},"tags":[],"class_list":["post-17","page","type-page","status-publish","has-post-thumbnail","hentry"],"yoast_head":"<!-- This site is optimized with the Yoast SEO plugin v27.5 - https:\/\/yoast.com\/product\/yoast-seo-wordpress\/ -->\n<title>Oldtimer-Restauration &amp; Oldtimer-Karosseriebau | TAC Lackierzentrum<\/title>\n<meta name=\"description\" content=\"Instandsetzung historischer Fahrzeuge K\u00f6ln \u27a4 Teil- und Komplettrestaurierung \u2714 Teile-Nachfertigung \u2714 \u260e 0221-541 605 Jetzt anrufen!\" \/>\n<meta name=\"robots\" content=\"index, follow, max-snippet:-1, max-image-preview:large, max-video-preview:-1\" \/>\n<link rel=\"canonical\" href=\"https:\/\/tac-lackierzentrum.de\/wordpress\/galerie\/karosserie\/\" \/>\n<meta property=\"og:locale\" content=\"en_US\" \/>\n<meta property=\"og:type\" content=\"article\" \/>\n<meta property=\"og:title\" content=\"Oldtimer-Restauration &amp; Oldtimer-Karosseriebau | TAC Lackierzentrum\" \/>\n<meta property=\"og:description\" content=\"Instandsetzung historischer Fahrzeuge K\u00f6ln \u27a4 Teil- und Komplettrestaurierung \u2714 Teile-Nachfertigung \u2714 \u260e 0221-541 605 Jetzt anrufen!\" \/>\n<meta property=\"og:url\" content=\"https:\/\/tac-lackierzentrum.de\/wordpress\/galerie\/karosserie\/\" \/>\n<meta property=\"og:site_name\" content=\"TAC Lackier- und Karosseriezentrum - K\u00f6ln\" \/>\n<meta property=\"article:modified_time\" content=\"2020-04-06T09:06:50+00:00\" \/>\n<meta property=\"og:image\" content=\"https:\/\/tac-lackierzentrum.de\/wordpress\/wp-content\/uploads\/2020\/01\/tac-lackierzentrum-oldtimerinstandsetzung.jpg\" \/>\n\t<meta property=\"og:image:width\" content=\"320\" \/>\n\t<meta property=\"og:image:height\" content=\"240\" \/>\n\t<meta property=\"og:image:type\" content=\"image\/jpeg\" \/>\n<meta name=\"twitter:card\" content=\"summary_large_image\" \/>\n<meta name=\"twitter:label1\" content=\"Est. reading time\" \/>\n\t<meta name=\"twitter:data1\" content=\"2 minutes\" \/>\n<script type=\"application\/ld+json\" class=\"yoast-schema-graph\">{\"@context\":\"https:\\\/\\\/schema.org\",\"@graph\":[{\"@type\":\"WebPage\",\"@id\":\"https:\\\/\\\/tac-lackierzentrum.de\\\/wordpress\\\/galerie\\\/karosserie\\\/\",\"url\":\"https:\\\/\\\/tac-lackierzentrum.de\\\/wordpress\\\/galerie\\\/karosserie\\\/\",\"name\":\"Oldtimer-Restauration & Oldtimer-Karosseriebau | TAC Lackierzentrum\",\"isPartOf\":{\"@id\":\"https:\\\/\\\/tac-lackierzentrum.de\\\/wordpress\\\/#website\"},\"primaryImageOfPage\":{\"@id\":\"https:\\\/\\\/tac-lackierzentrum.de\\\/wordpress\\\/galerie\\\/karosserie\\\/#primaryimage\"},\"image\":{\"@id\":\"https:\\\/\\\/tac-lackierzentrum.de\\\/wordpress\\\/galerie\\\/karosserie\\\/#primaryimage\"},\"thumbnailUrl\":\"https:\\\/\\\/tac-lackierzentrum.de\\\/wordpress\\\/wp-content\\\/uploads\\\/2020\\\/01\\\/tac-lackierzentrum-oldtimerinstandsetzung.jpg\",\"datePublished\":\"2014-08-23T10:52:38+00:00\",\"dateModified\":\"2020-04-06T09:06:50+00:00\",\"description\":\"Instandsetzung historischer Fahrzeuge K\u00f6ln \u27a4 Teil- und Komplettrestaurierung \u2714 Teile-Nachfertigung \u2714 \u260e 0221-541 605 Jetzt anrufen!\",\"breadcrumb\":{\"@id\":\"https:\\\/\\\/tac-lackierzentrum.de\\\/wordpress\\\/galerie\\\/karosserie\\\/#breadcrumb\"},\"inLanguage\":\"en-US\",\"potentialAction\":[{\"@type\":\"ReadAction\",\"target\":[\"https:\\\/\\\/tac-lackierzentrum.de\\\/wordpress\\\/galerie\\\/karosserie\\\/\"]}]},{\"@type\":\"ImageObject\",\"inLanguage\":\"en-US\",\"@id\":\"https:\\\/\\\/tac-lackierzentrum.de\\\/wordpress\\\/galerie\\\/karosserie\\\/#primaryimage\",\"url\":\"https:\\\/\\\/tac-lackierzentrum.de\\\/wordpress\\\/wp-content\\\/uploads\\\/2020\\\/01\\\/tac-lackierzentrum-oldtimerinstandsetzung.jpg\",\"contentUrl\":\"https:\\\/\\\/tac-lackierzentrum.de\\\/wordpress\\\/wp-content\\\/uploads\\\/2020\\\/01\\\/tac-lackierzentrum-oldtimerinstandsetzung.jpg\",\"width\":320,\"height\":240,\"caption\":\"Oldtimerinstandsetzung K\u00f6ln - historische Fahrzeuge\"},{\"@type\":\"BreadcrumbList\",\"@id\":\"https:\\\/\\\/tac-lackierzentrum.de\\\/wordpress\\\/galerie\\\/karosserie\\\/#breadcrumb\",\"itemListElement\":[{\"@type\":\"ListItem\",\"position\":1,\"name\":\"Home\",\"item\":\"https:\\\/\\\/tac-lackierzentrum.de\\\/wordpress\\\/\"},{\"@type\":\"ListItem\",\"position\":2,\"name\":\"Galerie\",\"item\":\"https:\\\/\\\/tac-lackierzentrum.de\\\/wordpress\\\/galerie\\\/\"},{\"@type\":\"ListItem\",\"position\":3,\"name\":\"Historische Fahrzeuge\"}]},{\"@type\":\"WebSite\",\"@id\":\"https:\\\/\\\/tac-lackierzentrum.de\\\/wordpress\\\/#website\",\"url\":\"https:\\\/\\\/tac-lackierzentrum.de\\\/wordpress\\\/\",\"name\":\"TAC Lackier- und Karosseriezentrum - K\u00f6ln\",\"description\":\"TAC Lackier- und Karosseriezentrum k\u00fcmmert sich schnell und kompetent um Ihr Fahrzeug.\",\"publisher\":{\"@id\":\"https:\\\/\\\/tac-lackierzentrum.de\\\/wordpress\\\/#organization\"},\"potentialAction\":[{\"@type\":\"SearchAction\",\"target\":{\"@type\":\"EntryPoint\",\"urlTemplate\":\"https:\\\/\\\/tac-lackierzentrum.de\\\/wordpress\\\/?s={search_term_string}\"},\"query-input\":{\"@type\":\"PropertyValueSpecification\",\"valueRequired\":true,\"valueName\":\"search_term_string\"}}],\"inLanguage\":\"en-US\"},{\"@type\":\"Organization\",\"@id\":\"https:\\\/\\\/tac-lackierzentrum.de\\\/wordpress\\\/#organization\",\"name\":\"TAC Lackier- Karosseriezentrum\",\"url\":\"https:\\\/\\\/tac-lackierzentrum.de\\\/wordpress\\\/\",\"logo\":{\"@type\":\"ImageObject\",\"inLanguage\":\"en-US\",\"@id\":\"https:\\\/\\\/tac-lackierzentrum.de\\\/wordpress\\\/#\\\/schema\\\/logo\\\/image\\\/\",\"url\":\"https:\\\/\\\/tac-lackierzentrum.de\\\/wordpress\\\/wp-content\\\/uploads\\\/2020\\\/01\\\/karosseriebau-koeln-tac-lackierzentrum.jpg\",\"contentUrl\":\"https:\\\/\\\/tac-lackierzentrum.de\\\/wordpress\\\/wp-content\\\/uploads\\\/2020\\\/01\\\/karosseriebau-koeln-tac-lackierzentrum.jpg\",\"width\":300,\"height\":223,\"caption\":\"TAC Lackier- Karosseriezentrum\"},\"image\":{\"@id\":\"https:\\\/\\\/tac-lackierzentrum.de\\\/wordpress\\\/#\\\/schema\\\/logo\\\/image\\\/\"}}]}<\/script>\n<!-- \/ Yoast SEO plugin. -->","yoast_head_json":{"title":"Oldtimer-Restauration & Oldtimer-Karosseriebau | TAC Lackierzentrum","description":"Instandsetzung historischer Fahrzeuge K\u00f6ln \u27a4 Teil- und Komplettrestaurierung \u2714 Teile-Nachfertigung \u2714 \u260e 0221-541 605 Jetzt anrufen!","robots":{"index":"index","follow":"follow","max-snippet":"max-snippet:-1","max-image-preview":"max-image-preview:large","max-video-preview":"max-video-preview:-1"},"canonical":"https:\/\/tac-lackierzentrum.de\/wordpress\/galerie\/karosserie\/","og_locale":"en_US","og_type":"article","og_title":"Oldtimer-Restauration & Oldtimer-Karosseriebau | TAC Lackierzentrum","og_description":"Instandsetzung historischer Fahrzeuge K\u00f6ln \u27a4 Teil- und Komplettrestaurierung \u2714 Teile-Nachfertigung \u2714 \u260e 0221-541 605 Jetzt anrufen!","og_url":"https:\/\/tac-lackierzentrum.de\/wordpress\/galerie\/karosserie\/","og_site_name":"TAC Lackier- und Karosseriezentrum - K\u00f6ln","article_modified_time":"2020-04-06T09:06:50+00:00","og_image":[{"width":320,"height":240,"url":"https:\/\/tac-lackierzentrum.de\/wordpress\/wp-content\/uploads\/2020\/01\/tac-lackierzentrum-oldtimerinstandsetzung.jpg","type":"image\/jpeg"}],"twitter_card":"summary_large_image","twitter_misc":{"Est. reading time":"2 minutes"},"schema":{"@context":"https:\/\/schema.org","@graph":[{"@type":"WebPage","@id":"https:\/\/tac-lackierzentrum.de\/wordpress\/galerie\/karosserie\/","url":"https:\/\/tac-lackierzentrum.de\/wordpress\/galerie\/karosserie\/","name":"Oldtimer-Restauration & Oldtimer-Karosseriebau | TAC Lackierzentrum","isPartOf":{"@id":"https:\/\/tac-lackierzentrum.de\/wordpress\/#website"},"primaryImageOfPage":{"@id":"https:\/\/tac-lackierzentrum.de\/wordpress\/galerie\/karosserie\/#primaryimage"},"image":{"@id":"https:\/\/tac-lackierzentrum.de\/wordpress\/galerie\/karosserie\/#primaryimage"},"thumbnailUrl":"https:\/\/tac-lackierzentrum.de\/wordpress\/wp-content\/uploads\/2020\/01\/tac-lackierzentrum-oldtimerinstandsetzung.jpg","datePublished":"2014-08-23T10:52:38+00:00","dateModified":"2020-04-06T09:06:50+00:00","description":"Instandsetzung historischer Fahrzeuge K\u00f6ln \u27a4 Teil- und Komplettrestaurierung \u2714 Teile-Nachfertigung \u2714 \u260e 0221-541 605 Jetzt anrufen!","breadcrumb":{"@id":"https:\/\/tac-lackierzentrum.de\/wordpress\/galerie\/karosserie\/#breadcrumb"},"inLanguage":"en-US","potentialAction":[{"@type":"ReadAction","target":["https:\/\/tac-lackierzentrum.de\/wordpress\/galerie\/karosserie\/"]}]},{"@type":"ImageObject","inLanguage":"en-US","@id":"https:\/\/tac-lackierzentrum.de\/wordpress\/galerie\/karosserie\/#primaryimage","url":"https:\/\/tac-lackierzentrum.de\/wordpress\/wp-content\/uploads\/2020\/01\/tac-lackierzentrum-oldtimerinstandsetzung.jpg","contentUrl":"https:\/\/tac-lackierzentrum.de\/wordpress\/wp-content\/uploads\/2020\/01\/tac-lackierzentrum-oldtimerinstandsetzung.jpg","width":320,"height":240,"caption":"Oldtimerinstandsetzung K\u00f6ln - historische Fahrzeuge"},{"@type":"BreadcrumbList","@id":"https:\/\/tac-lackierzentrum.de\/wordpress\/galerie\/karosserie\/#breadcrumb","itemListElement":[{"@type":"ListItem","position":1,"name":"Home","item":"https:\/\/tac-lackierzentrum.de\/wordpress\/"},{"@type":"ListItem","position":2,"name":"Galerie","item":"https:\/\/tac-lackierzentrum.de\/wordpress\/galerie\/"},{"@type":"ListItem","position":3,"name":"Historische Fahrzeuge"}]},{"@type":"WebSite","@id":"https:\/\/tac-lackierzentrum.de\/wordpress\/#website","url":"https:\/\/tac-lackierzentrum.de\/wordpress\/","name":"TAC Lackier- und Karosseriezentrum - K\u00f6ln","description":"TAC Lackier- und Karosseriezentrum k\u00fcmmert sich schnell und kompetent um Ihr Fahrzeug.","publisher":{"@id":"https:\/\/tac-lackierzentrum.de\/wordpress\/#organization"},"potentialAction":[{"@type":"SearchAction","target":{"@type":"EntryPoint","urlTemplate":"https:\/\/tac-lackierzentrum.de\/wordpress\/?s={search_term_string}"},"query-input":{"@type":"PropertyValueSpecification","valueRequired":true,"valueName":"search_term_string"}}],"inLanguage":"en-US"},{"@type":"Organization","@id":"https:\/\/tac-lackierzentrum.de\/wordpress\/#organization","name":"TAC Lackier- Karosseriezentrum","url":"https:\/\/tac-lackierzentrum.de\/wordpress\/","logo":{"@type":"ImageObject","inLanguage":"en-US","@id":"https:\/\/tac-lackierzentrum.de\/wordpress\/#\/schema\/logo\/image\/","url":"https:\/\/tac-lackierzentrum.de\/wordpress\/wp-content\/uploads\/2020\/01\/karosseriebau-koeln-tac-lackierzentrum.jpg","contentUrl":"https:\/\/tac-lackierzentrum.de\/wordpress\/wp-content\/uploads\/2020\/01\/karosseriebau-koeln-tac-lackierzentrum.jpg","width":300,"height":223,"caption":"TAC Lackier- Karosseriezentrum"},"image":{"@id":"https:\/\/tac-lackierzentrum.de\/wordpress\/#\/schema\/logo\/image\/"}}]}},"_links":{"self":[{"href":"https:\/\/tac-lackierzentrum.de\/wordpress\/wp-json\/wp\/v2\/pages\/17","targetHints":{"allow":["GET"]}}],"collection":[{"href":"https:\/\/tac-lackierzentrum.de\/wordpress\/wp-json\/wp\/v2\/pages"}],"about":[{"href":"https:\/\/tac-lackierzentrum.de\/wordpress\/wp-json\/wp\/v2\/types\/page"}],"author":[{"embeddable":true,"href":"https:\/\/tac-lackierzentrum.de\/wordpress\/wp-json\/wp\/v2\/users\/1"}],"replies":[{"embeddable":true,"href":"https:\/\/tac-lackierzentrum.de\/wordpress\/wp-json\/wp\/v2\/comments?post=17"}],"version-history":[{"count":31,"href":"https:\/\/tac-lackierzentrum.de\/wordpress\/wp-json\/wp\/v2\/pages\/17\/revisions"}],"predecessor-version":[{"id":2422,"href":"https:\/\/tac-lackierzentrum.de\/wordpress\/wp-json\/wp\/v2\/pages\/17\/revisions\/2422"}],"up":[{"embeddable":true,"href":"https:\/\/tac-lackierzentrum.de\/wordpress\/wp-json\/wp\/v2\/pages\/38"}],"wp:featuredmedia":[{"embeddable":true,"href":"https:\/\/tac-lackierzentrum.de\/wordpress\/wp-json\/wp\/v2\/media\/2387"}],"wp:attachment":[{"href":"https:\/\/tac-lackierzentrum.de\/wordpress\/wp-json\/wp\/v2\/media?parent=17"}],"wp:term":[{"taxonomy":"post_tag","embeddable":true,"href":"https:\/\/tac-lackierzentrum.de\/wordpress\/wp-json\/wp\/v2\/tags?post=17"}],"curies":[{"name":"wp","href":"https:\/\/api.w.org\/{rel}","templated":true}]}}