{"id":1472,"date":"2015-05-31T19:42:00","date_gmt":"2015-05-31T17:42:00","guid":{"rendered":"http:\/\/tac-lackierzentrum.de\/wordpress\/?page_id=1472"},"modified":"2021-12-17T11:00:20","modified_gmt":"2021-12-17T09:00:20","slug":"job","status":"publish","type":"page","link":"https:\/\/tac-lackierzentrum.de\/wordpress\/job\/","title":{"rendered":"Job"},"content":{"rendered":"<h1>Jobs als Autolackierer (m\/w\/d) und Karosseriebauer (m\/w\/d) in K\u00f6ln<\/h1>\n<p><a href=\"https:\/\/tac-lackierzentrum.de\/wordpress\/wp-content\/uploads\/2021\/12\/jobs-autolackierer-karosseriebauer-koeln.jpg\"><img loading=\"lazy\" decoding=\"async\" class=\"alignnone size-full wp-image-2450\" src=\"https:\/\/tac-lackierzentrum.de\/wordpress\/wp-content\/uploads\/2021\/12\/jobs-autolackierer-karosseriebauer-koeln.jpg\" alt=\"Jobs f\u00fcr Autolackierer und Karosseriebauer in K\u00f6ln\" width=\"768\" height=\"226\" srcset=\"https:\/\/tac-lackierzentrum.de\/wordpress\/wp-content\/uploads\/2021\/12\/jobs-autolackierer-karosseriebauer-koeln.jpg 768w, https:\/\/tac-lackierzentrum.de\/wordpress\/wp-content\/uploads\/2021\/12\/jobs-autolackierer-karosseriebauer-koeln-300x88.jpg 300w\" sizes=\"auto, (max-width: 768px) 100vw, 768px\" \/><\/a><\/p>\n<p>Wir stellen ein:<\/p>\n<ul>\n<li>Fahrzeuglackierer\/in<\/li>\n<li>Karosseriebauer\/in<\/li>\n<li>Auszubildende zum\/zur Fahrzeuglackierer\/in<\/li>\n<li>Auszubildende zum\/zur Karosserie- und Fahrzeugbaumechaniker\/in fachbezogen Karosserie-Instandhaltungstechnik<\/li>\n<\/ul>\n<p>Autolackierer oder Karosseriebauer (m\/w\/d) gesucht! Haben Sie einen guten Schulabschluss, technisches Verst\u00e4ndnis und handwerkliches Geschick und sind Sie fasziniert von Autos und Oldtimern? Sind Sie au\u00dferdem zuverl\u00e4ssig, arbeiten sorgf\u00e4ltig und haben eine gute Portion Eigeninitiative? Dann sollten wir uns kennenlernen!<\/p>\n<p>Ihre Bewerbung richten Sie bitte an:<\/p>\n<p style=\"padding-left: 30px;\">TAC Lackier- und Karosseriezentrum<\/p>\n<p style=\"padding-left: 30px;\">Oskar-J\u00e4ger-Stra\u00dfe 147<\/p>\n<p style=\"padding-left: 30px;\">50825 K\u00f6ln<\/p>\n<div class=\"w-contacts\"><\/div>\n","protected":false},"excerpt":{"rendered":"<p>Jobs als Autolackierer (m\/w\/d) und Karosseriebauer (m\/w\/d) in K\u00f6ln Wir stellen ein: Fahrzeuglackierer\/in Karosseriebauer\/in Auszubildende zum\/zur Fahrzeuglackierer\/in Auszubildende zum\/zur Karosserie- und Fahrzeugbaumechaniker\/in fachbezogen Karosserie-Instandhaltungstechnik Autolackierer oder Karosseriebauer (m\/w\/d) gesucht! Haben Sie einen guten Schulabschluss, technisches Verst\u00e4ndnis und handwerkliches Geschick und sind Sie fasziniert von Autos und Oldtimern? Sind Sie au\u00dferdem zuverl\u00e4ssig, arbeiten sorgf\u00e4ltig und haben [&hellip;]<\/p>\n","protected":false},"author":1,"featured_media":0,"parent":0,"menu_order":99,"comment_status":"closed","ping_status":"closed","template":"","meta":{"footnotes":""},"tags":[],"class_list":["post-1472","page","type-page","status-publish","hentry"],"yoast_head":"<!-- This site is optimized with the Yoast SEO plugin v27.3 - https:\/\/yoast.com\/product\/yoast-seo-wordpress\/ -->\n<title>Jobs | Autolackierer &amp; Karosseriebauer in K\u00f6ln | Tac Lackierzentrum<\/title>\n<meta name=\"description\" content=\"Ihre professionelle Lackiererei in K\u00f6ln \u27a4 Unfallreparatur \u2714 Karosseriebau \u2714 Oldtimer Instandsetzung \u2714 Jetzt kontaktieren!\" \/>\n<meta name=\"robots\" content=\"index, follow, max-snippet:-1, max-image-preview:large, max-video-preview:-1\" \/>\n<link rel=\"canonical\" href=\"https:\/\/tac-lackierzentrum.de\/wordpress\/job\/\" \/>\n<meta property=\"og:locale\" content=\"en_US\" \/>\n<meta property=\"og:type\" content=\"article\" \/>\n<meta property=\"og:title\" content=\"Jobs | Autolackierer &amp; Karosseriebauer in K\u00f6ln | Tac Lackierzentrum\" \/>\n<meta property=\"og:description\" content=\"Ihre professionelle Lackiererei in K\u00f6ln \u27a4 Unfallreparatur \u2714 Karosseriebau \u2714 Oldtimer Instandsetzung \u2714 Jetzt kontaktieren!\" \/>\n<meta property=\"og:url\" content=\"https:\/\/tac-lackierzentrum.de\/wordpress\/job\/\" \/>\n<meta property=\"og:site_name\" content=\"TAC Lackier- und Karosseriezentrum - K\u00f6ln\" \/>\n<meta property=\"article:modified_time\" content=\"2021-12-17T09:00:20+00:00\" \/>\n<meta property=\"og:image\" content=\"https:\/\/tac-lackierzentrum.de\/wordpress\/wp-content\/uploads\/2021\/12\/jobs-autolackierer-karosseriebauer-koeln.jpg\" \/>\n<meta name=\"twitter:card\" content=\"summary_large_image\" \/>\n<meta name=\"twitter:label1\" content=\"Est. reading time\" \/>\n\t<meta name=\"twitter:data1\" content=\"1 minute\" \/>\n<script type=\"application\/ld+json\" class=\"yoast-schema-graph\">{\"@context\":\"https:\\\/\\\/schema.org\",\"@graph\":[{\"@type\":\"WebPage\",\"@id\":\"https:\\\/\\\/tac-lackierzentrum.de\\\/wordpress\\\/job\\\/\",\"url\":\"https:\\\/\\\/tac-lackierzentrum.de\\\/wordpress\\\/job\\\/\",\"name\":\"Jobs | Autolackierer & Karosseriebauer in K\u00f6ln | Tac Lackierzentrum\",\"isPartOf\":{\"@id\":\"https:\\\/\\\/tac-lackierzentrum.de\\\/wordpress\\\/#website\"},\"primaryImageOfPage\":{\"@id\":\"https:\\\/\\\/tac-lackierzentrum.de\\\/wordpress\\\/job\\\/#primaryimage\"},\"image\":{\"@id\":\"https:\\\/\\\/tac-lackierzentrum.de\\\/wordpress\\\/job\\\/#primaryimage\"},\"thumbnailUrl\":\"https:\\\/\\\/tac-lackierzentrum.de\\\/wordpress\\\/wp-content\\\/uploads\\\/2021\\\/12\\\/jobs-autolackierer-karosseriebauer-koeln.jpg\",\"datePublished\":\"2015-05-31T17:42:00+00:00\",\"dateModified\":\"2021-12-17T09:00:20+00:00\",\"description\":\"Ihre professionelle Lackiererei in K\u00f6ln \u27a4 Unfallreparatur \u2714 Karosseriebau \u2714 Oldtimer Instandsetzung \u2714 Jetzt kontaktieren!\",\"breadcrumb\":{\"@id\":\"https:\\\/\\\/tac-lackierzentrum.de\\\/wordpress\\\/job\\\/#breadcrumb\"},\"inLanguage\":\"en-US\",\"potentialAction\":[{\"@type\":\"ReadAction\",\"target\":[\"https:\\\/\\\/tac-lackierzentrum.de\\\/wordpress\\\/job\\\/\"]}]},{\"@type\":\"ImageObject\",\"inLanguage\":\"en-US\",\"@id\":\"https:\\\/\\\/tac-lackierzentrum.de\\\/wordpress\\\/job\\\/#primaryimage\",\"url\":\"https:\\\/\\\/tac-lackierzentrum.de\\\/wordpress\\\/wp-content\\\/uploads\\\/2021\\\/12\\\/jobs-autolackierer-karosseriebauer-koeln.jpg\",\"contentUrl\":\"https:\\\/\\\/tac-lackierzentrum.de\\\/wordpress\\\/wp-content\\\/uploads\\\/2021\\\/12\\\/jobs-autolackierer-karosseriebauer-koeln.jpg\",\"width\":768,\"height\":226,\"caption\":\"Jobs f\u00fcr Autolackierer und Karosseriebauer in K\u00f6ln\"},{\"@type\":\"BreadcrumbList\",\"@id\":\"https:\\\/\\\/tac-lackierzentrum.de\\\/wordpress\\\/job\\\/#breadcrumb\",\"itemListElement\":[{\"@type\":\"ListItem\",\"position\":1,\"name\":\"Home\",\"item\":\"https:\\\/\\\/tac-lackierzentrum.de\\\/wordpress\\\/\"},{\"@type\":\"ListItem\",\"position\":2,\"name\":\"Job\"}]},{\"@type\":\"WebSite\",\"@id\":\"https:\\\/\\\/tac-lackierzentrum.de\\\/wordpress\\\/#website\",\"url\":\"https:\\\/\\\/tac-lackierzentrum.de\\\/wordpress\\\/\",\"name\":\"TAC Lackier- und Karosseriezentrum - K\u00f6ln\",\"description\":\"TAC Lackier- und Karosseriezentrum k\u00fcmmert sich schnell und kompetent um Ihr Fahrzeug.\",\"publisher\":{\"@id\":\"https:\\\/\\\/tac-lackierzentrum.de\\\/wordpress\\\/#organization\"},\"potentialAction\":[{\"@type\":\"SearchAction\",\"target\":{\"@type\":\"EntryPoint\",\"urlTemplate\":\"https:\\\/\\\/tac-lackierzentrum.de\\\/wordpress\\\/?s={search_term_string}\"},\"query-input\":{\"@type\":\"PropertyValueSpecification\",\"valueRequired\":true,\"valueName\":\"search_term_string\"}}],\"inLanguage\":\"en-US\"},{\"@type\":\"Organization\",\"@id\":\"https:\\\/\\\/tac-lackierzentrum.de\\\/wordpress\\\/#organization\",\"name\":\"TAC Lackier- Karosseriezentrum\",\"url\":\"https:\\\/\\\/tac-lackierzentrum.de\\\/wordpress\\\/\",\"logo\":{\"@type\":\"ImageObject\",\"inLanguage\":\"en-US\",\"@id\":\"https:\\\/\\\/tac-lackierzentrum.de\\\/wordpress\\\/#\\\/schema\\\/logo\\\/image\\\/\",\"url\":\"https:\\\/\\\/tac-lackierzentrum.de\\\/wordpress\\\/wp-content\\\/uploads\\\/2020\\\/01\\\/karosseriebau-koeln-tac-lackierzentrum.jpg\",\"contentUrl\":\"https:\\\/\\\/tac-lackierzentrum.de\\\/wordpress\\\/wp-content\\\/uploads\\\/2020\\\/01\\\/karosseriebau-koeln-tac-lackierzentrum.jpg\",\"width\":300,\"height\":223,\"caption\":\"TAC Lackier- Karosseriezentrum\"},\"image\":{\"@id\":\"https:\\\/\\\/tac-lackierzentrum.de\\\/wordpress\\\/#\\\/schema\\\/logo\\\/image\\\/\"}}]}<\/script>\n<!-- \/ Yoast SEO plugin. -->","yoast_head_json":{"title":"Jobs | Autolackierer & Karosseriebauer in K\u00f6ln | Tac Lackierzentrum","description":"Ihre professionelle Lackiererei in K\u00f6ln \u27a4 Unfallreparatur \u2714 Karosseriebau \u2714 Oldtimer Instandsetzung \u2714 Jetzt kontaktieren!","robots":{"index":"index","follow":"follow","max-snippet":"max-snippet:-1","max-image-preview":"max-image-preview:large","max-video-preview":"max-video-preview:-1"},"canonical":"https:\/\/tac-lackierzentrum.de\/wordpress\/job\/","og_locale":"en_US","og_type":"article","og_title":"Jobs | Autolackierer & Karosseriebauer in K\u00f6ln | Tac Lackierzentrum","og_description":"Ihre professionelle Lackiererei in K\u00f6ln \u27a4 Unfallreparatur \u2714 Karosseriebau \u2714 Oldtimer Instandsetzung \u2714 Jetzt kontaktieren!","og_url":"https:\/\/tac-lackierzentrum.de\/wordpress\/job\/","og_site_name":"TAC Lackier- und Karosseriezentrum - K\u00f6ln","article_modified_time":"2021-12-17T09:00:20+00:00","og_image":[{"url":"https:\/\/tac-lackierzentrum.de\/wordpress\/wp-content\/uploads\/2021\/12\/jobs-autolackierer-karosseriebauer-koeln.jpg","type":"","width":"","height":""}],"twitter_card":"summary_large_image","twitter_misc":{"Est. reading time":"1 minute"},"schema":{"@context":"https:\/\/schema.org","@graph":[{"@type":"WebPage","@id":"https:\/\/tac-lackierzentrum.de\/wordpress\/job\/","url":"https:\/\/tac-lackierzentrum.de\/wordpress\/job\/","name":"Jobs | Autolackierer & Karosseriebauer in K\u00f6ln | Tac Lackierzentrum","isPartOf":{"@id":"https:\/\/tac-lackierzentrum.de\/wordpress\/#website"},"primaryImageOfPage":{"@id":"https:\/\/tac-lackierzentrum.de\/wordpress\/job\/#primaryimage"},"image":{"@id":"https:\/\/tac-lackierzentrum.de\/wordpress\/job\/#primaryimage"},"thumbnailUrl":"https:\/\/tac-lackierzentrum.de\/wordpress\/wp-content\/uploads\/2021\/12\/jobs-autolackierer-karosseriebauer-koeln.jpg","datePublished":"2015-05-31T17:42:00+00:00","dateModified":"2021-12-17T09:00:20+00:00","description":"Ihre professionelle Lackiererei in K\u00f6ln \u27a4 Unfallreparatur \u2714 Karosseriebau \u2714 Oldtimer Instandsetzung \u2714 Jetzt kontaktieren!","breadcrumb":{"@id":"https:\/\/tac-lackierzentrum.de\/wordpress\/job\/#breadcrumb"},"inLanguage":"en-US","potentialAction":[{"@type":"ReadAction","target":["https:\/\/tac-lackierzentrum.de\/wordpress\/job\/"]}]},{"@type":"ImageObject","inLanguage":"en-US","@id":"https:\/\/tac-lackierzentrum.de\/wordpress\/job\/#primaryimage","url":"https:\/\/tac-lackierzentrum.de\/wordpress\/wp-content\/uploads\/2021\/12\/jobs-autolackierer-karosseriebauer-koeln.jpg","contentUrl":"https:\/\/tac-lackierzentrum.de\/wordpress\/wp-content\/uploads\/2021\/12\/jobs-autolackierer-karosseriebauer-koeln.jpg","width":768,"height":226,"caption":"Jobs f\u00fcr Autolackierer und Karosseriebauer in K\u00f6ln"},{"@type":"BreadcrumbList","@id":"https:\/\/tac-lackierzentrum.de\/wordpress\/job\/#breadcrumb","itemListElement":[{"@type":"ListItem","position":1,"name":"Home","item":"https:\/\/tac-lackierzentrum.de\/wordpress\/"},{"@type":"ListItem","position":2,"name":"Job"}]},{"@type":"WebSite","@id":"https:\/\/tac-lackierzentrum.de\/wordpress\/#website","url":"https:\/\/tac-lackierzentrum.de\/wordpress\/","name":"TAC Lackier- und Karosseriezentrum - K\u00f6ln","description":"TAC Lackier- und Karosseriezentrum k\u00fcmmert sich schnell und kompetent um Ihr Fahrzeug.","publisher":{"@id":"https:\/\/tac-lackierzentrum.de\/wordpress\/#organization"},"potentialAction":[{"@type":"SearchAction","target":{"@type":"EntryPoint","urlTemplate":"https:\/\/tac-lackierzentrum.de\/wordpress\/?s={search_term_string}"},"query-input":{"@type":"PropertyValueSpecification","valueRequired":true,"valueName":"search_term_string"}}],"inLanguage":"en-US"},{"@type":"Organization","@id":"https:\/\/tac-lackierzentrum.de\/wordpress\/#organization","name":"TAC Lackier- Karosseriezentrum","url":"https:\/\/tac-lackierzentrum.de\/wordpress\/","logo":{"@type":"ImageObject","inLanguage":"en-US","@id":"https:\/\/tac-lackierzentrum.de\/wordpress\/#\/schema\/logo\/image\/","url":"https:\/\/tac-lackierzentrum.de\/wordpress\/wp-content\/uploads\/2020\/01\/karosseriebau-koeln-tac-lackierzentrum.jpg","contentUrl":"https:\/\/tac-lackierzentrum.de\/wordpress\/wp-content\/uploads\/2020\/01\/karosseriebau-koeln-tac-lackierzentrum.jpg","width":300,"height":223,"caption":"TAC Lackier- Karosseriezentrum"},"image":{"@id":"https:\/\/tac-lackierzentrum.de\/wordpress\/#\/schema\/logo\/image\/"}}]}},"_links":{"self":[{"href":"https:\/\/tac-lackierzentrum.de\/wordpress\/wp-json\/wp\/v2\/pages\/1472","targetHints":{"allow":["GET"]}}],"collection":[{"href":"https:\/\/tac-lackierzentrum.de\/wordpress\/wp-json\/wp\/v2\/pages"}],"about":[{"href":"https:\/\/tac-lackierzentrum.de\/wordpress\/wp-json\/wp\/v2\/types\/page"}],"author":[{"embeddable":true,"href":"https:\/\/tac-lackierzentrum.de\/wordpress\/wp-json\/wp\/v2\/users\/1"}],"replies":[{"embeddable":true,"href":"https:\/\/tac-lackierzentrum.de\/wordpress\/wp-json\/wp\/v2\/comments?post=1472"}],"version-history":[{"count":10,"href":"https:\/\/tac-lackierzentrum.de\/wordpress\/wp-json\/wp\/v2\/pages\/1472\/revisions"}],"predecessor-version":[{"id":2452,"href":"https:\/\/tac-lackierzentrum.de\/wordpress\/wp-json\/wp\/v2\/pages\/1472\/revisions\/2452"}],"wp:attachment":[{"href":"https:\/\/tac-lackierzentrum.de\/wordpress\/wp-json\/wp\/v2\/media?parent=1472"}],"wp:term":[{"taxonomy":"post_tag","embeddable":true,"href":"https:\/\/tac-lackierzentrum.de\/wordpress\/wp-json\/wp\/v2\/tags?post=1472"}],"curies":[{"name":"wp","href":"https:\/\/api.w.org\/{rel}","templated":true}]}}