{"id":1167,"date":"2014-11-11T19:40:01","date_gmt":"2014-11-11T17:40:01","guid":{"rendered":"http:\/\/tac-lackierzentrum.de\/wordpress\/?page_id=1167"},"modified":"2020-04-06T10:38:02","modified_gmt":"2020-04-06T08:38:02","slug":"historische-fahrzeuge","status":"publish","type":"page","link":"https:\/\/tac-lackierzentrum.de\/wordpress\/hier-ist-noch-eine-seite\/historische-fahrzeuge\/","title":{"rendered":"Historische Fahrzeuge"},"content":{"rendered":"\n<h2 class=\"wp-block-heading\">Oldtimer Instandsetzung &amp; Karosseriebau<\/h2>\n\n\n<ul>\n<li>Durchf\u00fchrung von Teil- und Komplettrestaurierungen an <a href=\"https:\/\/tac-lackierzentrum.de\/wordpress\/galerie\/karosserie\/\">historischen Fahrzeugkarosserien<\/a> aller namhaften Hersteller<\/li>\n<li>Pr\u00e4zise Nachfertigung von nicht mehr erh\u00e4ltlichen Karosserie-Blech oder Zierteilen nach Muster oder Zeichnungen \/ Plan in unserer Werkstatt<\/li>\n<li>Umbau und <a href=\"https:\/\/tac-lackierzentrum.de\/wordpress\/hier-ist-noch-eine-seite\/moderne-fahrzeuginstandsetzung\/\">Instandsetzung<\/a> von Rennfahrzeugen im <a href=\"https:\/\/tac-lackierzentrum.de\/wordpress\/hier-ist-noch-eine-seite\/karosserie\/\">Karosseriebereich<\/a><\/li>\n<\/ul>","protected":false},"excerpt":{"rendered":"<p>Oldtimer Instandsetzung &amp; Karosseriebau Durchf\u00fchrung von Teil- und Komplettrestaurierungen an historischen Fahrzeugkarosserien aller namhaften Hersteller Pr\u00e4zise Nachfertigung von nicht mehr erh\u00e4ltlichen Karosserie-Blech oder Zierteilen nach Muster oder Zeichnungen \/ Plan in unserer Werkstatt Umbau und Instandsetzung von Rennfahrzeugen im Karosseriebereich<\/p>\n","protected":false},"author":2,"featured_media":0,"parent":21,"menu_order":0,"comment_status":"closed","ping_status":"closed","template":"","meta":{"footnotes":""},"tags":[],"class_list":["post-1167","page","type-page","status-publish","hentry"],"yoast_head":"<!-- This site is optimized with the Yoast SEO plugin v27.3 - https:\/\/yoast.com\/product\/yoast-seo-wordpress\/ -->\n<title>Oldtimer Karosseriebau &amp; Instandsetzung | TAC Lackierzentrum<\/title>\n<meta name=\"description\" content=\"Professionelle Oldtimer-Instandsetzung &amp; Karosseriebau \u27a4 Oldtimer-Spezialisten \u2714 Teil- und Komplettrestaurierung \u2714 Nachfertigung \u2714\" \/>\n<meta name=\"robots\" content=\"index, follow, max-snippet:-1, max-image-preview:large, max-video-preview:-1\" \/>\n<link rel=\"canonical\" href=\"https:\/\/tac-lackierzentrum.de\/wordpress\/galerie\/karosserie\/\" \/>\n<meta property=\"og:locale\" content=\"en_US\" \/>\n<meta property=\"og:type\" content=\"article\" \/>\n<meta property=\"og:title\" content=\"Oldtimer Karosseriebau &amp; Instandsetzung | TAC Lackierzentrum\" \/>\n<meta property=\"og:description\" content=\"Professionelle Oldtimer-Instandsetzung &amp; Karosseriebau \u27a4 Oldtimer-Spezialisten \u2714 Teil- und Komplettrestaurierung \u2714 Nachfertigung \u2714\" \/>\n<meta property=\"og:url\" content=\"https:\/\/tac-lackierzentrum.de\/wordpress\/galerie\/karosserie\/\" \/>\n<meta property=\"og:site_name\" content=\"TAC Lackier- und Karosseriezentrum - K\u00f6ln\" \/>\n<meta property=\"article:modified_time\" content=\"2020-04-06T08:38:02+00:00\" \/>\n<meta name=\"twitter:card\" content=\"summary_large_image\" \/>\n<script type=\"application\/ld+json\" class=\"yoast-schema-graph\">{\"@context\":\"https:\\\/\\\/schema.org\",\"@graph\":[{\"@type\":\"WebPage\",\"@id\":\"https:\\\/\\\/tac-lackierzentrum.de\\\/wordpress\\\/hier-ist-noch-eine-seite\\\/historische-fahrzeuge\\\/\",\"url\":\"https:\\\/\\\/tac-lackierzentrum.de\\\/wordpress\\\/galerie\\\/karosserie\\\/\",\"name\":\"Oldtimer Karosseriebau & Instandsetzung | TAC Lackierzentrum\",\"isPartOf\":{\"@id\":\"https:\\\/\\\/tac-lackierzentrum.de\\\/wordpress\\\/#website\"},\"datePublished\":\"2014-11-11T17:40:01+00:00\",\"dateModified\":\"2020-04-06T08:38:02+00:00\",\"description\":\"Professionelle Oldtimer-Instandsetzung & Karosseriebau \u27a4 Oldtimer-Spezialisten \u2714 Teil- und Komplettrestaurierung \u2714 Nachfertigung \u2714\",\"breadcrumb\":{\"@id\":\"https:\\\/\\\/tac-lackierzentrum.de\\\/wordpress\\\/galerie\\\/karosserie\\\/#breadcrumb\"},\"inLanguage\":\"en-US\",\"potentialAction\":[{\"@type\":\"ReadAction\",\"target\":[\"https:\\\/\\\/tac-lackierzentrum.de\\\/wordpress\\\/galerie\\\/karosserie\\\/\"]}]},{\"@type\":\"BreadcrumbList\",\"@id\":\"https:\\\/\\\/tac-lackierzentrum.de\\\/wordpress\\\/galerie\\\/karosserie\\\/#breadcrumb\",\"itemListElement\":[{\"@type\":\"ListItem\",\"position\":1,\"name\":\"Home\",\"item\":\"https:\\\/\\\/tac-lackierzentrum.de\\\/wordpress\\\/\"},{\"@type\":\"ListItem\",\"position\":2,\"name\":\"Service\",\"item\":\"https:\\\/\\\/tac-lackierzentrum.de\\\/wordpress\\\/hier-ist-noch-eine-seite\\\/\"},{\"@type\":\"ListItem\",\"position\":3,\"name\":\"Historische Fahrzeuge\"}]},{\"@type\":\"WebSite\",\"@id\":\"https:\\\/\\\/tac-lackierzentrum.de\\\/wordpress\\\/#website\",\"url\":\"https:\\\/\\\/tac-lackierzentrum.de\\\/wordpress\\\/\",\"name\":\"TAC Lackier- und Karosseriezentrum - K\u00f6ln\",\"description\":\"TAC Lackier- und Karosseriezentrum k\u00fcmmert sich schnell und kompetent um Ihr Fahrzeug.\",\"publisher\":{\"@id\":\"https:\\\/\\\/tac-lackierzentrum.de\\\/wordpress\\\/#organization\"},\"potentialAction\":[{\"@type\":\"SearchAction\",\"target\":{\"@type\":\"EntryPoint\",\"urlTemplate\":\"https:\\\/\\\/tac-lackierzentrum.de\\\/wordpress\\\/?s={search_term_string}\"},\"query-input\":{\"@type\":\"PropertyValueSpecification\",\"valueRequired\":true,\"valueName\":\"search_term_string\"}}],\"inLanguage\":\"en-US\"},{\"@type\":\"Organization\",\"@id\":\"https:\\\/\\\/tac-lackierzentrum.de\\\/wordpress\\\/#organization\",\"name\":\"TAC Lackier- Karosseriezentrum\",\"url\":\"https:\\\/\\\/tac-lackierzentrum.de\\\/wordpress\\\/\",\"logo\":{\"@type\":\"ImageObject\",\"inLanguage\":\"en-US\",\"@id\":\"https:\\\/\\\/tac-lackierzentrum.de\\\/wordpress\\\/#\\\/schema\\\/logo\\\/image\\\/\",\"url\":\"https:\\\/\\\/tac-lackierzentrum.de\\\/wordpress\\\/wp-content\\\/uploads\\\/2020\\\/01\\\/karosseriebau-koeln-tac-lackierzentrum.jpg\",\"contentUrl\":\"https:\\\/\\\/tac-lackierzentrum.de\\\/wordpress\\\/wp-content\\\/uploads\\\/2020\\\/01\\\/karosseriebau-koeln-tac-lackierzentrum.jpg\",\"width\":300,\"height\":223,\"caption\":\"TAC Lackier- Karosseriezentrum\"},\"image\":{\"@id\":\"https:\\\/\\\/tac-lackierzentrum.de\\\/wordpress\\\/#\\\/schema\\\/logo\\\/image\\\/\"}}]}<\/script>\n<!-- \/ Yoast SEO plugin. -->","yoast_head_json":{"title":"Oldtimer Karosseriebau & Instandsetzung | TAC Lackierzentrum","description":"Professionelle Oldtimer-Instandsetzung & Karosseriebau \u27a4 Oldtimer-Spezialisten \u2714 Teil- und Komplettrestaurierung \u2714 Nachfertigung \u2714","robots":{"index":"index","follow":"follow","max-snippet":"max-snippet:-1","max-image-preview":"max-image-preview:large","max-video-preview":"max-video-preview:-1"},"canonical":"https:\/\/tac-lackierzentrum.de\/wordpress\/galerie\/karosserie\/","og_locale":"en_US","og_type":"article","og_title":"Oldtimer Karosseriebau & Instandsetzung | TAC Lackierzentrum","og_description":"Professionelle Oldtimer-Instandsetzung & Karosseriebau \u27a4 Oldtimer-Spezialisten \u2714 Teil- und Komplettrestaurierung \u2714 Nachfertigung \u2714","og_url":"https:\/\/tac-lackierzentrum.de\/wordpress\/galerie\/karosserie\/","og_site_name":"TAC Lackier- und Karosseriezentrum - K\u00f6ln","article_modified_time":"2020-04-06T08:38:02+00:00","twitter_card":"summary_large_image","schema":{"@context":"https:\/\/schema.org","@graph":[{"@type":"WebPage","@id":"https:\/\/tac-lackierzentrum.de\/wordpress\/hier-ist-noch-eine-seite\/historische-fahrzeuge\/","url":"https:\/\/tac-lackierzentrum.de\/wordpress\/galerie\/karosserie\/","name":"Oldtimer Karosseriebau & Instandsetzung | TAC Lackierzentrum","isPartOf":{"@id":"https:\/\/tac-lackierzentrum.de\/wordpress\/#website"},"datePublished":"2014-11-11T17:40:01+00:00","dateModified":"2020-04-06T08:38:02+00:00","description":"Professionelle Oldtimer-Instandsetzung & Karosseriebau \u27a4 Oldtimer-Spezialisten \u2714 Teil- und Komplettrestaurierung \u2714 Nachfertigung \u2714","breadcrumb":{"@id":"https:\/\/tac-lackierzentrum.de\/wordpress\/galerie\/karosserie\/#breadcrumb"},"inLanguage":"en-US","potentialAction":[{"@type":"ReadAction","target":["https:\/\/tac-lackierzentrum.de\/wordpress\/galerie\/karosserie\/"]}]},{"@type":"BreadcrumbList","@id":"https:\/\/tac-lackierzentrum.de\/wordpress\/galerie\/karosserie\/#breadcrumb","itemListElement":[{"@type":"ListItem","position":1,"name":"Home","item":"https:\/\/tac-lackierzentrum.de\/wordpress\/"},{"@type":"ListItem","position":2,"name":"Service","item":"https:\/\/tac-lackierzentrum.de\/wordpress\/hier-ist-noch-eine-seite\/"},{"@type":"ListItem","position":3,"name":"Historische Fahrzeuge"}]},{"@type":"WebSite","@id":"https:\/\/tac-lackierzentrum.de\/wordpress\/#website","url":"https:\/\/tac-lackierzentrum.de\/wordpress\/","name":"TAC Lackier- und Karosseriezentrum - K\u00f6ln","description":"TAC Lackier- und Karosseriezentrum k\u00fcmmert sich schnell und kompetent um Ihr Fahrzeug.","publisher":{"@id":"https:\/\/tac-lackierzentrum.de\/wordpress\/#organization"},"potentialAction":[{"@type":"SearchAction","target":{"@type":"EntryPoint","urlTemplate":"https:\/\/tac-lackierzentrum.de\/wordpress\/?s={search_term_string}"},"query-input":{"@type":"PropertyValueSpecification","valueRequired":true,"valueName":"search_term_string"}}],"inLanguage":"en-US"},{"@type":"Organization","@id":"https:\/\/tac-lackierzentrum.de\/wordpress\/#organization","name":"TAC Lackier- Karosseriezentrum","url":"https:\/\/tac-lackierzentrum.de\/wordpress\/","logo":{"@type":"ImageObject","inLanguage":"en-US","@id":"https:\/\/tac-lackierzentrum.de\/wordpress\/#\/schema\/logo\/image\/","url":"https:\/\/tac-lackierzentrum.de\/wordpress\/wp-content\/uploads\/2020\/01\/karosseriebau-koeln-tac-lackierzentrum.jpg","contentUrl":"https:\/\/tac-lackierzentrum.de\/wordpress\/wp-content\/uploads\/2020\/01\/karosseriebau-koeln-tac-lackierzentrum.jpg","width":300,"height":223,"caption":"TAC Lackier- Karosseriezentrum"},"image":{"@id":"https:\/\/tac-lackierzentrum.de\/wordpress\/#\/schema\/logo\/image\/"}}]}},"_links":{"self":[{"href":"https:\/\/tac-lackierzentrum.de\/wordpress\/wp-json\/wp\/v2\/pages\/1167","targetHints":{"allow":["GET"]}}],"collection":[{"href":"https:\/\/tac-lackierzentrum.de\/wordpress\/wp-json\/wp\/v2\/pages"}],"about":[{"href":"https:\/\/tac-lackierzentrum.de\/wordpress\/wp-json\/wp\/v2\/types\/page"}],"author":[{"embeddable":true,"href":"https:\/\/tac-lackierzentrum.de\/wordpress\/wp-json\/wp\/v2\/users\/2"}],"replies":[{"embeddable":true,"href":"https:\/\/tac-lackierzentrum.de\/wordpress\/wp-json\/wp\/v2\/comments?post=1167"}],"version-history":[{"count":6,"href":"https:\/\/tac-lackierzentrum.de\/wordpress\/wp-json\/wp\/v2\/pages\/1167\/revisions"}],"predecessor-version":[{"id":2407,"href":"https:\/\/tac-lackierzentrum.de\/wordpress\/wp-json\/wp\/v2\/pages\/1167\/revisions\/2407"}],"up":[{"embeddable":true,"href":"https:\/\/tac-lackierzentrum.de\/wordpress\/wp-json\/wp\/v2\/pages\/21"}],"wp:attachment":[{"href":"https:\/\/tac-lackierzentrum.de\/wordpress\/wp-json\/wp\/v2\/media?parent=1167"}],"wp:term":[{"taxonomy":"post_tag","embeddable":true,"href":"https:\/\/tac-lackierzentrum.de\/wordpress\/wp-json\/wp\/v2\/tags?post=1167"}],"curies":[{"name":"wp","href":"https:\/\/api.w.org\/{rel}","templated":true}]}}